{"id":2973,"date":"2022-06-15T11:13:25","date_gmt":"2022-06-15T14:13:25","guid":{"rendered":"https:\/\/portal.unisepe.com.br\/asmecpa\/?page_id=2973"},"modified":"2025-06-06T20:45:32","modified_gmt":"2025-06-06T23:45:32","slug":"avin","status":"publish","type":"page","link":"https:\/\/portal.unisepe.com.br\/asmecpa\/comissao-propria-de-avaliacao\/avin\/","title":{"rendered":"AVIN"},"content":{"rendered":"<h2>Resultados da Avalia\u00e7\u00e3o Institucional<\/h2>\n<hr \/>\n<p>&nbsp;<\/p>\n<p><a href=\"https:\/\/portal.unisepe.com.br\/asmecpa\/wp-content\/uploads\/sites\/10009\/2025\/05\/AVIN-PA-2024-2.pdf\"><strong>Avalia\u00e7\u00e3o Institucional (AVIN) 2024<\/strong><\/a><\/p>\n<p><a href=\"https:\/\/portal.unisepe.com.br\/asmecpa\/wp-content\/uploads\/sites\/10009\/2025\/06\/AVIN-PA-2025-1-alunos.pdf\"><strong>Avalia\u00e7\u00e3o Institucional (AVIN) 2025<\/strong><\/a><\/p>\n","protected":false},"excerpt":{"rendered":"<p>Resultados da Avalia\u00e7\u00e3o Institucional &nbsp; Avalia\u00e7\u00e3o Institucional (AVIN) 2024 Avalia\u00e7\u00e3o Institucional (AVIN) 2025<\/p>\n","protected":false},"author":7,"featured_media":0,"parent":732,"menu_order":0,"comment_status":"closed","ping_status":"closed","template":"templates\/template-pagina_menu_vertical.php","meta":{"footnotes":""},"categories":[],"tags":[],"class_list":["post-2973","page","type-page","status-publish","hentry"],"_links":{"self":[{"href":"https:\/\/portal.unisepe.com.br\/asmecpa\/wp-json\/wp\/v2\/pages\/2973","targetHints":{"allow":["GET"]}}],"collection":[{"href":"https:\/\/portal.unisepe.com.br\/asmecpa\/wp-json\/wp\/v2\/pages"}],"about":[{"href":"https:\/\/portal.unisepe.com.br\/asmecpa\/wp-json\/wp\/v2\/types\/page"}],"author":[{"embeddable":true,"href":"https:\/\/portal.unisepe.com.br\/asmecpa\/wp-json\/wp\/v2\/users\/7"}],"replies":[{"embeddable":true,"href":"https:\/\/portal.unisepe.com.br\/asmecpa\/wp-json\/wp\/v2\/comments?post=2973"}],"version-history":[{"count":10,"href":"https:\/\/portal.unisepe.com.br\/asmecpa\/wp-json\/wp\/v2\/pages\/2973\/revisions"}],"predecessor-version":[{"id":3380,"href":"https:\/\/portal.unisepe.com.br\/asmecpa\/wp-json\/wp\/v2\/pages\/2973\/revisions\/3380"}],"up":[{"embeddable":true,"href":"https:\/\/portal.unisepe.com.br\/asmecpa\/wp-json\/wp\/v2\/pages\/732"}],"wp:attachment":[{"href":"https:\/\/portal.unisepe.com.br\/asmecpa\/wp-json\/wp\/v2\/media?parent=2973"}],"wp:term":[{"taxonomy":"category","embeddable":true,"href":"https:\/\/portal.unisepe.com.br\/asmecpa\/wp-json\/wp\/v2\/categories?post=2973"},{"taxonomy":"post_tag","embeddable":true,"href":"https:\/\/portal.unisepe.com.br\/asmecpa\/wp-json\/wp\/v2\/tags?post=2973"}],"curies":[{"name":"wp","href":"https:\/\/api.w.org\/{rel}","templated":true}]}}