{"id":3001,"date":"2022-06-24T16:55:56","date_gmt":"2022-06-24T19:55:56","guid":{"rendered":"https:\/\/portal.unisepe.com.br\/asmecpa\/?page_id=3001"},"modified":"2023-04-13T21:21:10","modified_gmt":"2023-04-14T00:21:10","slug":"atendimento-juridico-on-line","status":"publish","type":"page","link":"https:\/\/portal.unisepe.com.br\/asmecpa\/direito\/npj-e\/atendimento-juridico-on-line\/","title":{"rendered":"Atendimento Jur\u00eddico On-Line"},"content":{"rendered":"<div class=\"row\">\n<div class=\"col-md-4\"><img loading=\"lazy\" decoding=\"async\" src=\"https:\/\/portal.unisepe.com.br\/asmecpa\/wp-content\/uploads\/sites\/10009\/2022\/06\/PROJETO-NPJ-T\u00c1-ON-CAPA-ASMECPA.jpg\" alt=\"\" width=\"400\" height=\"571\" class=\"alignnone wp-image-4565\" style=\"font-size: 15.2015px\" \/><\/div>\n<div class=\"col-md-8\">\n<p style=\"text-align: justify\">A ASMECPA, por meio do N\u00facleo de Pr\u00e1ticas Jur\u00eddicas do Curso de Gradua\u00e7\u00e3o em Direito, oferece \u00e0 popula\u00e7\u00e3o carente e vulner\u00e1vel orienta\u00e7\u00f5es jur\u00eddicas, gratuitas e on-line, nas \u00e1reas Penal, C\u00edvel e Trabalhista.<\/p>\n<p><span style=\"text-align: justify;font-size: 0.95em\"><a href=\"https:\/\/mautic.unisepe.com.br\/asset\/33:projeto-npj-ta-on-asmecpapdf\" target=\"_blank\" rel=\"noopener noreferrer\">Clique aqui<\/a><\/span> e confira o projeto na \u00edntegra.<\/p>\n<p><a href=\"https:\/\/mautic.unisepe.com.br\/asset\/34:termos-de-condicoes-de-uso-do-servico-npj-online-asmecpapdf\" target=\"_blank\" rel=\"noopener noreferrer\">Clique aqui<\/a> para conferir os termos de uso.<\/p>\n<p>&nbsp;<\/p>\n<p><script type=\"text\/javascript\" src=\"\/\/mautic.unisepe.com.br\/form\/generate.js?id=25\"><\/script><\/p>\n<\/div>\n<\/div>\n","protected":false},"excerpt":{"rendered":"<p>A ASMECPA, por meio do N\u00facleo de Pr\u00e1ticas Jur\u00eddicas do Curso de Gradua\u00e7\u00e3o em Direito, oferece \u00e0 popula\u00e7\u00e3o carente e vulner\u00e1vel orienta\u00e7\u00f5es jur\u00eddicas, gratuitas e on-line, nas \u00e1reas Penal, C\u00edvel e Trabalhista. Clique aqui e confira o projeto na \u00edntegra. Clique aqui para conferir os termos de uso. &nbsp;<\/p>\n","protected":false},"author":1,"featured_media":0,"parent":3091,"menu_order":0,"comment_status":"closed","ping_status":"closed","template":"templates\/template-curso_menu_vertical.php","meta":{"footnotes":""},"categories":[],"tags":[],"class_list":["post-3001","page","type-page","status-publish","hentry"],"_links":{"self":[{"href":"https:\/\/portal.unisepe.com.br\/asmecpa\/wp-json\/wp\/v2\/pages\/3001","targetHints":{"allow":["GET"]}}],"collection":[{"href":"https:\/\/portal.unisepe.com.br\/asmecpa\/wp-json\/wp\/v2\/pages"}],"about":[{"href":"https:\/\/portal.unisepe.com.br\/asmecpa\/wp-json\/wp\/v2\/types\/page"}],"author":[{"embeddable":true,"href":"https:\/\/portal.unisepe.com.br\/asmecpa\/wp-json\/wp\/v2\/users\/1"}],"replies":[{"embeddable":true,"href":"https:\/\/portal.unisepe.com.br\/asmecpa\/wp-json\/wp\/v2\/comments?post=3001"}],"version-history":[{"count":3,"href":"https:\/\/portal.unisepe.com.br\/asmecpa\/wp-json\/wp\/v2\/pages\/3001\/revisions"}],"predecessor-version":[{"id":3093,"href":"https:\/\/portal.unisepe.com.br\/asmecpa\/wp-json\/wp\/v2\/pages\/3001\/revisions\/3093"}],"up":[{"embeddable":true,"href":"https:\/\/portal.unisepe.com.br\/asmecpa\/wp-json\/wp\/v2\/pages\/3091"}],"wp:attachment":[{"href":"https:\/\/portal.unisepe.com.br\/asmecpa\/wp-json\/wp\/v2\/media?parent=3001"}],"wp:term":[{"taxonomy":"category","embeddable":true,"href":"https:\/\/portal.unisepe.com.br\/asmecpa\/wp-json\/wp\/v2\/categories?post=3001"},{"taxonomy":"post_tag","embeddable":true,"href":"https:\/\/portal.unisepe.com.br\/asmecpa\/wp-json\/wp\/v2\/tags?post=3001"}],"curies":[{"name":"wp","href":"https:\/\/api.w.org\/{rel}","templated":true}]}}