{"id":3130,"date":"2023-04-18T19:15:37","date_gmt":"2023-04-18T22:15:37","guid":{"rendered":"https:\/\/portal.unisepe.com.br\/asmecpa\/?page_id=3130"},"modified":"2024-01-22T20:44:26","modified_gmt":"2024-01-22T23:44:26","slug":"colegiado","status":"publish","type":"page","link":"https:\/\/portal.unisepe.com.br\/asmecpa\/direito\/colegiado\/","title":{"rendered":"Colegiado"},"content":{"rendered":"<ul>\n<li><a href=\"https:\/\/portal.unisepe.com.br\/asmecpa\/wp-content\/uploads\/sites\/10009\/2023\/04\/1_-Colegiado_Fluxo-para-encaminhamento-das-decis\u00f5es.pdf\">Fluxo para encaminhamento das decis\u00f5es<\/a><\/li>\n<li><a href=\"https:\/\/portal.unisepe.com.br\/asmecpa\/wp-content\/uploads\/sites\/10009\/2023\/04\/1_Colegiado_Relat\u00f3rio-e-de-A\u00e7\u00e3o-Pr\u00e1ticas-de-Gest\u00e3o.pdf\">Relat\u00f3rio de avalia\u00e7\u00e3o de atua\u00e7\u00e3o do colegiado 2022<\/a><\/li>\n<li><a href=\"https:\/\/portal.unisepe.com.br\/asmecpa\/wp-content\/uploads\/sites\/10009\/2024\/01\/Relat\u00f3rio-e-Plano-de-A\u00e7\u00e3o-Pr\u00e1ticas-de-Gest\u00e3o-Colegiado-2023.pdf\">Relat\u00f3rio de avalia\u00e7\u00e3o de atua\u00e7\u00e3o do colegiado 2023<\/a><\/li>\n<\/ul>\n","protected":false},"excerpt":{"rendered":"<p>Fluxo para encaminhamento das decis\u00f5es Relat\u00f3rio de avalia\u00e7\u00e3o de atua\u00e7\u00e3o do colegiado 2022 Relat\u00f3rio de avalia\u00e7\u00e3o de atua\u00e7\u00e3o do colegiado 2023<\/p>\n","protected":false},"author":7,"featured_media":0,"parent":348,"menu_order":0,"comment_status":"closed","ping_status":"closed","template":"templates\/template-curso_menu_vertical.php","meta":{"footnotes":""},"categories":[],"tags":[],"class_list":["post-3130","page","type-page","status-publish","hentry"],"_links":{"self":[{"href":"https:\/\/portal.unisepe.com.br\/asmecpa\/wp-json\/wp\/v2\/pages\/3130","targetHints":{"allow":["GET"]}}],"collection":[{"href":"https:\/\/portal.unisepe.com.br\/asmecpa\/wp-json\/wp\/v2\/pages"}],"about":[{"href":"https:\/\/portal.unisepe.com.br\/asmecpa\/wp-json\/wp\/v2\/types\/page"}],"author":[{"embeddable":true,"href":"https:\/\/portal.unisepe.com.br\/asmecpa\/wp-json\/wp\/v2\/users\/7"}],"replies":[{"embeddable":true,"href":"https:\/\/portal.unisepe.com.br\/asmecpa\/wp-json\/wp\/v2\/comments?post=3130"}],"version-history":[{"count":5,"href":"https:\/\/portal.unisepe.com.br\/asmecpa\/wp-json\/wp\/v2\/pages\/3130\/revisions"}],"predecessor-version":[{"id":3225,"href":"https:\/\/portal.unisepe.com.br\/asmecpa\/wp-json\/wp\/v2\/pages\/3130\/revisions\/3225"}],"up":[{"embeddable":true,"href":"https:\/\/portal.unisepe.com.br\/asmecpa\/wp-json\/wp\/v2\/pages\/348"}],"wp:attachment":[{"href":"https:\/\/portal.unisepe.com.br\/asmecpa\/wp-json\/wp\/v2\/media?parent=3130"}],"wp:term":[{"taxonomy":"category","embeddable":true,"href":"https:\/\/portal.unisepe.com.br\/asmecpa\/wp-json\/wp\/v2\/categories?post=3130"},{"taxonomy":"post_tag","embeddable":true,"href":"https:\/\/portal.unisepe.com.br\/asmecpa\/wp-json\/wp\/v2\/tags?post=3130"}],"curies":[{"name":"wp","href":"https:\/\/api.w.org\/{rel}","templated":true}]}}