{"id":3138,"date":"2023-04-18T19:44:51","date_gmt":"2023-04-18T22:44:51","guid":{"rendered":"https:\/\/portal.unisepe.com.br\/asmecpa\/?page_id=3138"},"modified":"2024-01-22T21:17:41","modified_gmt":"2024-01-23T00:17:41","slug":"plano-de-gestao","status":"publish","type":"page","link":"https:\/\/portal.unisepe.com.br\/asmecpa\/direito\/plano-de-gestao\/","title":{"rendered":"Plano de gest\u00e3o"},"content":{"rendered":"<p><strong>2024<\/strong><\/p>\n<ul>\n<li><a href=\"https:\/\/portal.unisepe.com.br\/asmecpa\/wp-content\/uploads\/sites\/10009\/2024\/01\/Plano-de-Gest\u00e3o-Coordena\u00e7\u00e3o-PA-2024.pdf\">Plano de gest\u00e3o anual 2024<\/a><\/li>\n<\/ul>\n<p><strong>2023<\/strong><\/p>\n<ul>\n<li><a href=\"https:\/\/portal.unisepe.com.br\/asmecpa\/wp-content\/uploads\/sites\/10009\/2023\/04\/2_Coordena\u00e7\u00e3o_Plano-de-Gest\u00e3o-Coordena\u00e7\u00e3o-2023.pdf\">Plano de gest\u00e3o anual 2023<\/a><\/li>\n<li><a href=\"https:\/\/portal.unisepe.com.br\/asmecpa\/wp-content\/uploads\/sites\/10009\/2024\/01\/Relat\u00f3rio-Gest\u00e3o-Coordena\u00e7\u00e3o-2023.pdf\">Relat\u00f3rio plano de gest\u00e3o de 2023<\/a><\/li>\n<\/ul>\n<p><strong>2022<\/strong><\/p>\n<ul>\n<li><a href=\"https:\/\/portal.unisepe.com.br\/asmecpa\/wp-content\/uploads\/sites\/10009\/2023\/04\/2_Coordena\u00e7\u00e3o_Relat\u00f3rio-Plano-de-Gest\u00e3o-2022.pdf\">Relat\u00f3rio plano de gest\u00e3o de 2022<\/a><\/li>\n<\/ul>\n<p>&nbsp;<\/p>\n","protected":false},"excerpt":{"rendered":"<p>2024 Plano de gest\u00e3o anual 2024 2023 Plano de gest\u00e3o anual 2023 Relat\u00f3rio plano de gest\u00e3o de 2023 2022 Relat\u00f3rio plano de gest\u00e3o de 2022 &nbsp;<\/p>\n","protected":false},"author":7,"featured_media":0,"parent":348,"menu_order":0,"comment_status":"closed","ping_status":"closed","template":"templates\/template-curso_menu_vertical.php","meta":{"footnotes":""},"categories":[],"tags":[],"class_list":["post-3138","page","type-page","status-publish","hentry"],"_links":{"self":[{"href":"https:\/\/portal.unisepe.com.br\/asmecpa\/wp-json\/wp\/v2\/pages\/3138","targetHints":{"allow":["GET"]}}],"collection":[{"href":"https:\/\/portal.unisepe.com.br\/asmecpa\/wp-json\/wp\/v2\/pages"}],"about":[{"href":"https:\/\/portal.unisepe.com.br\/asmecpa\/wp-json\/wp\/v2\/types\/page"}],"author":[{"embeddable":true,"href":"https:\/\/portal.unisepe.com.br\/asmecpa\/wp-json\/wp\/v2\/users\/7"}],"replies":[{"embeddable":true,"href":"https:\/\/portal.unisepe.com.br\/asmecpa\/wp-json\/wp\/v2\/comments?post=3138"}],"version-history":[{"count":5,"href":"https:\/\/portal.unisepe.com.br\/asmecpa\/wp-json\/wp\/v2\/pages\/3138\/revisions"}],"predecessor-version":[{"id":3236,"href":"https:\/\/portal.unisepe.com.br\/asmecpa\/wp-json\/wp\/v2\/pages\/3138\/revisions\/3236"}],"up":[{"embeddable":true,"href":"https:\/\/portal.unisepe.com.br\/asmecpa\/wp-json\/wp\/v2\/pages\/348"}],"wp:attachment":[{"href":"https:\/\/portal.unisepe.com.br\/asmecpa\/wp-json\/wp\/v2\/media?parent=3138"}],"wp:term":[{"taxonomy":"category","embeddable":true,"href":"https:\/\/portal.unisepe.com.br\/asmecpa\/wp-json\/wp\/v2\/categories?post=3138"},{"taxonomy":"post_tag","embeddable":true,"href":"https:\/\/portal.unisepe.com.br\/asmecpa\/wp-json\/wp\/v2\/tags?post=3138"}],"curies":[{"name":"wp","href":"https:\/\/api.w.org\/{rel}","templated":true}]}}