{"id":3285,"date":"2024-08-20T12:20:46","date_gmt":"2024-08-20T15:20:46","guid":{"rendered":"https:\/\/portal.unisepe.com.br\/asmecpa\/?page_id=3285"},"modified":"2024-08-20T12:20:46","modified_gmt":"2024-08-20T15:20:46","slug":"corpo-docente","status":"publish","type":"page","link":"https:\/\/portal.unisepe.com.br\/asmecpa\/a-instituicao\/corpo-docente\/","title":{"rendered":"Corpo Docente"},"content":{"rendered":"<p><strong>Da IES:<\/strong><\/p>\n<p>O corpo docente do Instituto de Educa\u00e7\u00e3o Superior de Pouso Alegre sempre \u00e9 composto por no m\u00ednimo de 20% de contratados em regime de tempo integral e o m\u00ednimo de 1\/3 (um ter\u00e7o) do corpo docente com titula\u00e7\u00e3o acad\u00eamica de mestrado ou doutorado.<\/p>\n<p><strong>Do Curso:<\/strong><\/p>\n<p style=\"text-align: justify;\">A rela\u00e7\u00e3o dos professores que integram o corpo docente do curso, com a respectiva forma\u00e7\u00e3o, titula\u00e7\u00e3o e regime de trabalho, est\u00e3o afixadas em local vis\u00edvel na secretaria acad\u00eamica.<\/p>\n","protected":false},"excerpt":{"rendered":"<p>Da IES: O corpo docente do Instituto de Educa\u00e7\u00e3o Superior de Pouso Alegre sempre \u00e9 composto por no m\u00ednimo de 20% de contratados em regime de tempo integral e o m\u00ednimo de 1\/3 (um ter\u00e7o) do corpo docente com titula\u00e7\u00e3o acad\u00eamica de mestrado ou doutorado. Do Curso: A rela\u00e7\u00e3o dos<\/p>\n","protected":false},"author":1,"featured_media":0,"parent":81,"menu_order":0,"comment_status":"closed","ping_status":"closed","template":"templates\/template-pagina_menu_vertical.php","meta":{"footnotes":""},"categories":[],"tags":[],"class_list":["post-3285","page","type-page","status-publish","hentry"],"_links":{"self":[{"href":"https:\/\/portal.unisepe.com.br\/asmecpa\/wp-json\/wp\/v2\/pages\/3285","targetHints":{"allow":["GET"]}}],"collection":[{"href":"https:\/\/portal.unisepe.com.br\/asmecpa\/wp-json\/wp\/v2\/pages"}],"about":[{"href":"https:\/\/portal.unisepe.com.br\/asmecpa\/wp-json\/wp\/v2\/types\/page"}],"author":[{"embeddable":true,"href":"https:\/\/portal.unisepe.com.br\/asmecpa\/wp-json\/wp\/v2\/users\/1"}],"replies":[{"embeddable":true,"href":"https:\/\/portal.unisepe.com.br\/asmecpa\/wp-json\/wp\/v2\/comments?post=3285"}],"version-history":[{"count":1,"href":"https:\/\/portal.unisepe.com.br\/asmecpa\/wp-json\/wp\/v2\/pages\/3285\/revisions"}],"predecessor-version":[{"id":3286,"href":"https:\/\/portal.unisepe.com.br\/asmecpa\/wp-json\/wp\/v2\/pages\/3285\/revisions\/3286"}],"up":[{"embeddable":true,"href":"https:\/\/portal.unisepe.com.br\/asmecpa\/wp-json\/wp\/v2\/pages\/81"}],"wp:attachment":[{"href":"https:\/\/portal.unisepe.com.br\/asmecpa\/wp-json\/wp\/v2\/media?parent=3285"}],"wp:term":[{"taxonomy":"category","embeddable":true,"href":"https:\/\/portal.unisepe.com.br\/asmecpa\/wp-json\/wp\/v2\/categories?post=3285"},{"taxonomy":"post_tag","embeddable":true,"href":"https:\/\/portal.unisepe.com.br\/asmecpa\/wp-json\/wp\/v2\/tags?post=3285"}],"curies":[{"name":"wp","href":"https:\/\/api.w.org\/{rel}","templated":true}]}}