{"id":647,"date":"2016-07-14T00:41:26","date_gmt":"2016-07-14T00:41:26","guid":{"rendered":"http:\/\/www.fvr.edu.br\/fvr\/site\/?page_id=647"},"modified":"2018-07-19T16:35:33","modified_gmt":"2018-07-19T19:35:33","slug":"bolsas-e-financiamento","status":"publish","type":"page","link":"https:\/\/portal.unisepe.com.br\/asmecpa\/bolsas-e-financiamento\/","title":{"rendered":"Bolsas e Financiamento"},"content":{"rendered":"<p>A Unisepe \u2013 Uni\u00e3o das Institui\u00e7\u00f5es de Servi\u00e7os, Ensino e Pesquisa, cria oportunidades reais para as pessoas que querem evoluir e conquistar seu espa\u00e7o no mercado de trabalho, porque entende que formar pessoas \u00e9 transform\u00e1-las profunda e decisivamente, criando pontes para que o conhecimento possa resultar em conquistas profissionais e pessoais, oferecendo um conjunto de oportunidades para que o conhecimento esteja ao alcance de todos.<\/p>\n<p>Com esse prop\u00f3sito, torna realidade o ensino superior viabilizando uma forma\u00e7\u00e3o de qualidade buscando atingir cada vez mais pessoas, por meio de programas de bolsas e programa de pagamento diferido (PPD). Dessa forma, possibilita o ingresso a perman\u00eancia dos alunos na institui\u00e7\u00e3o.<\/p>\n<p>Conhe\u00e7a todas as propostas de bolsas e financiamentos que a UNISEPE oferece e escolha a que melhor se encaixa a voc\u00ea!<\/p>\n<p>&nbsp;<\/p>\n<p><a href=\"http:\/\/portal.unisepe.com.br\/asmecpa\/bolsas-e-financiamento\/bolsas-institucionais\/\"><img loading=\"lazy\" decoding=\"async\" class=\"alignnone  wp-image-2541\" src=\"http:\/\/portal.unisepe.com.br\/asmecpa\/wp-content\/uploads\/sites\/10009\/2018\/07\/Bolsas_link_1-300x66.png\" alt=\"\" width=\"564\" height=\"124\" srcset=\"https:\/\/portal.unisepe.com.br\/asmecpa\/wp-content\/uploads\/sites\/10009\/2018\/07\/Bolsas_link_1-300x66.png 300w, https:\/\/portal.unisepe.com.br\/asmecpa\/wp-content\/uploads\/sites\/10009\/2018\/07\/Bolsas_link_1-768x170.png 768w, https:\/\/portal.unisepe.com.br\/asmecpa\/wp-content\/uploads\/sites\/10009\/2018\/07\/Bolsas_link_1.png 838w\" sizes=\"auto, (max-width: 564px) 100vw, 564px\" \/><\/a><\/p>\n<p><a href=\"http:\/\/portal.unisepe.com.br\/asmecpa\/bolsas-e-financiamento\/fies\/\"><img loading=\"lazy\" decoding=\"async\" class=\"alignnone size-medium wp-image-2542\" src=\"http:\/\/portal.unisepe.com.br\/asmecpa\/wp-content\/uploads\/sites\/10009\/2018\/07\/Bolsas_link_2-300x143.png\" alt=\"\" width=\"300\" height=\"143\" srcset=\"https:\/\/portal.unisepe.com.br\/asmecpa\/wp-content\/uploads\/sites\/10009\/2018\/07\/Bolsas_link_2-300x143.png 300w, https:\/\/portal.unisepe.com.br\/asmecpa\/wp-content\/uploads\/sites\/10009\/2018\/07\/Bolsas_link_2.png 400w\" sizes=\"auto, (max-width: 300px) 100vw, 300px\" \/><\/a><a href=\"http:\/\/portal.unisepe.com.br\/asmecpa\/bolsas-e-financiamento\/prouni\/\"><img loading=\"lazy\" decoding=\"async\" class=\"alignnone size-medium wp-image-2543\" src=\"http:\/\/portal.unisepe.com.br\/asmecpa\/wp-content\/uploads\/sites\/10009\/2018\/07\/Bolsas_link_4-300x143.png\" alt=\"\" width=\"300\" height=\"143\" srcset=\"https:\/\/portal.unisepe.com.br\/asmecpa\/wp-content\/uploads\/sites\/10009\/2018\/07\/Bolsas_link_4-300x143.png 300w, https:\/\/portal.unisepe.com.br\/asmecpa\/wp-content\/uploads\/sites\/10009\/2018\/07\/Bolsas_link_4.png 400w\" sizes=\"auto, (max-width: 300px) 100vw, 300px\" \/><\/a><\/p>\n","protected":false},"excerpt":{"rendered":"<p>A Unisepe \u2013 Uni\u00e3o das Institui\u00e7\u00f5es de Servi\u00e7os, Ensino e Pesquisa, cria oportunidades reais para as pessoas que querem evoluir e conquistar seu espa\u00e7o no mercado de trabalho, porque entende que formar pessoas \u00e9 transform\u00e1-las profunda e decisivamente, criando pontes para que o conhecimento possa resultar em conquistas profissionais e<\/p>\n","protected":false},"author":1,"featured_media":0,"parent":0,"menu_order":0,"comment_status":"closed","ping_status":"closed","template":"templates\/template-fullwidth.php","meta":{"footnotes":""},"categories":[],"tags":[],"class_list":["post-647","page","type-page","status-publish","hentry"],"_links":{"self":[{"href":"https:\/\/portal.unisepe.com.br\/asmecpa\/wp-json\/wp\/v2\/pages\/647","targetHints":{"allow":["GET"]}}],"collection":[{"href":"https:\/\/portal.unisepe.com.br\/asmecpa\/wp-json\/wp\/v2\/pages"}],"about":[{"href":"https:\/\/portal.unisepe.com.br\/asmecpa\/wp-json\/wp\/v2\/types\/page"}],"author":[{"embeddable":true,"href":"https:\/\/portal.unisepe.com.br\/asmecpa\/wp-json\/wp\/v2\/users\/1"}],"replies":[{"embeddable":true,"href":"https:\/\/portal.unisepe.com.br\/asmecpa\/wp-json\/wp\/v2\/comments?post=647"}],"version-history":[{"count":3,"href":"https:\/\/portal.unisepe.com.br\/asmecpa\/wp-json\/wp\/v2\/pages\/647\/revisions"}],"predecessor-version":[{"id":2545,"href":"https:\/\/portal.unisepe.com.br\/asmecpa\/wp-json\/wp\/v2\/pages\/647\/revisions\/2545"}],"wp:attachment":[{"href":"https:\/\/portal.unisepe.com.br\/asmecpa\/wp-json\/wp\/v2\/media?parent=647"}],"wp:term":[{"taxonomy":"category","embeddable":true,"href":"https:\/\/portal.unisepe.com.br\/asmecpa\/wp-json\/wp\/v2\/categories?post=647"},{"taxonomy":"post_tag","embeddable":true,"href":"https:\/\/portal.unisepe.com.br\/asmecpa\/wp-json\/wp\/v2\/tags?post=647"}],"curies":[{"name":"wp","href":"https:\/\/api.w.org\/{rel}","templated":true}]}}