{"id":692,"date":"2016-07-14T19:39:07","date_gmt":"2016-07-14T19:39:07","guid":{"rendered":"http:\/\/www.fvr.edu.br\/fvr\/site\/?page_id=692"},"modified":"2025-04-16T19:40:45","modified_gmt":"2025-04-16T22:40:45","slug":"links","status":"publish","type":"page","link":"https:\/\/portal.unisepe.com.br\/asmecpa\/biblioteca\/links\/","title":{"rendered":"Link&#8217;s"},"content":{"rendered":"<p><strong>Direito<\/strong><\/p>\n<ul>\n<li><a href=\"http:\/\/www.ufsm.br\/revistadireito\/\" target=\"_blank\" rel=\"noopener noreferrer\">http:\/\/www.ufsm.br\/revistadireito\/<\/a><\/li>\n<li><a href=\"https:\/\/www.cedin.com.br\/centro-de-direito-intenacional\/\">https:\/\/www.cedin.com.br\/centro-de-direito-intenacional\/<\/a><\/li>\n<li><a href=\"http:\/\/revistas.pucsp.br\/index.php\/red\" target=\"_blank\" rel=\"noopener noreferrer\">http:\/\/revistas.pucsp.br\/index.php\/red<\/a><\/li>\n<li><a href=\"https:\/\/revistas.ufpr.br\/direito\">https:\/\/revistas.ufpr.br\/direito<\/a><\/li>\n<\/ul>\n<p>Links Jur\u00eddicos<\/p>\n<p>Poder Executivo<\/p>\n<ul>\n<li><a href=\"http:\/\/www.planalto.gov.br\/\" target=\"_blank\" rel=\"noopener noreferrer\">www.planalto.gov.br<\/a><\/li>\n<li><a href=\"http:\/\/www.mec.gov.br\/\" target=\"_blank\" rel=\"noopener noreferrer\">www.mec.gov.br<\/a><\/li>\n<li><a href=\"http:\/\/www.mj.gov.br\/\" target=\"_blank\" rel=\"noopener noreferrer\">www.mj.gov.br<\/a><\/li>\n<\/ul>\n<p>Poder Judici\u00e1rio<\/p>\n<p>Tribunais Superiores<\/p>\n<ul>\n<li><a href=\"https:\/\/portal.stf.jus.br\/\" target=\"_blank\" rel=\"noopener noreferrer\">Supremo Tribunal Federal &#8211; STF<\/a><\/li>\n<li><a href=\"https:\/\/www.stj.jus.br\/sites\/portalp\/Inicio\" target=\"_blank\" rel=\"noopener noreferrer\">Superior Tribunal de Justi\u00e7a &#8211; STJ<\/a><\/li>\n<li><a href=\"http:\/\/www.stm.gov.br\/\" target=\"_blank\" rel=\"noopener noreferrer\">Superior Tribunal Militar &#8211; STM<\/a><\/li>\n<\/ul>\n<p>Tribunais Regionais Federais e Justi\u00e7a Federal<\/p>\n<ul>\n<li><a href=\"https:\/\/portal.trf1.jus.br\/portaltrf1\/pagina-inicial.htm\" target=\"_blank\" rel=\"noopener noreferrer\">Tribunal Regional Federal da 1\u00aa Regi\u00e3o &#8211; Distrito Federal<\/a><\/li>\n<li><a href=\"http:\/\/www.trf2.gov.br\/\" target=\"_blank\" rel=\"noopener noreferrer\">Tribunal Regional Federal da 2\u00aa Regi\u00e3o &#8211; Rio de Janeiro<\/a><\/li>\n<li><a href=\"http:\/\/www.jfrn.gov.br\/\" target=\"_blank\" rel=\"noopener noreferrer\">Justi\u00e7a Federal &#8211; Se\u00e7\u00e3o Judici\u00e1ria do Rio Grande do Norte<\/a><\/li>\n<li><a href=\"https:\/\/www.jfsp.jus.br\/marilia\" target=\"_blank\" rel=\"noopener noreferrer\">11\u00aa Vara Federal de Mar\u00edlia &#8211; SP<\/a><\/li>\n<li><a href=\"https:\/\/www.jfpe.jus.br\/index.php\/\" target=\"_blank\" rel=\"noopener noreferrer\">1\u00aa Vara Federal de Recife\/PE<\/a><\/li>\n<li><a href=\"https:\/\/www.cjf.jus.br\/cjf\" target=\"_blank\" rel=\"noopener noreferrer\">Conselho da Justi\u00e7a Federal &#8211; CJF<\/a><\/li>\n<\/ul>\n<p>Tribunais Superior do Trabalho e Justi\u00e7a do Trabalho<\/p>\n<ul>\n<li><a href=\"https:\/\/www.tst.jus.br\/\" target=\"_blank\" rel=\"noopener noreferrer\">Tribunal Superior do Trabalho &#8211; TST<\/a><\/li>\n<li><a href=\"https:\/\/ww2.trt2.jus.br\/\" target=\"_blank\" rel=\"noopener noreferrer\">Tribunal Regional do Trabalho da 2\u00aa Regi\u00e3o &#8211; S\u00e3o Paulo<\/a><\/li>\n<li><a href=\"https:\/\/portal.trt3.jus.br\/internet\" target=\"_blank\" rel=\"noopener noreferrer\">Tribunal Regional do Trabalho da 3\u00aa Regi\u00e3o &#8211; Minas Gerais<\/a><\/li>\n<li><a href=\"https:\/\/www.trt4.jus.br\/portais\/trt4\" target=\"_blank\" rel=\"noopener noreferrer\">Tribunal Regional do Trabalho da 4\u00aa Regi\u00e3o &#8211; Rio Grande do Sul<\/a><\/li>\n<li><a href=\"http:\/\/www.trt6.gov.br\/\" target=\"_blank\" rel=\"noopener noreferrer\">Tribunal Regional do Trabalho da 6\u00aa Regi\u00e3o &#8211; Pernambuco<\/a><\/li>\n<\/ul>\n<p>Tribunais Superior Eleitoral e Regionais<\/p>\n<ul>\n<li><a href=\"https:\/\/www.tse.jus.br\/\" target=\"_blank\" rel=\"noopener noreferrer\">Tribunal Superior Eleitoral &#8211; TSE<\/a><\/li>\n<\/ul>\n<p>Tribunais Estaduais<\/p>\n<ul>\n<li><a href=\"https:\/\/www.tjdft.jus.br\/\" target=\"_blank\" rel=\"noopener noreferrer\">Tribunal de Justi\u00e7a do Distrito Federal e Territ\u00f3rios<\/a><\/li>\n<li><a href=\"http:\/\/www.tj.ba.gov.br\/\" target=\"_blank\" rel=\"noopener noreferrer\">Tribunal de Justi\u00e7a do Estado da Bahia<\/a><\/li>\n<li><a href=\"http:\/\/www.tj.es.gov.br\/\" target=\"_blank\" rel=\"noopener noreferrer\">Tribunal de Justi\u00e7a do Estado do Esp\u00edrito Santo<\/a><\/li>\n<li><a href=\"http:\/\/www.tjmt.jus.br\/\" target=\"_blank\" rel=\"noopener noreferrer\">Tribunal de Justi\u00e7a do Estado de Mato Grosso<\/a><\/li>\n<li><a href=\"https:\/\/www.tjms.jus.br\/\" target=\"_blank\" rel=\"noopener noreferrer\">Tribunal de Justi\u00e7a do Estado de Mato Grosso do Sul<\/a><\/li>\n<li><a href=\"https:\/\/www.tjpa.jus.br\/PortalExterno\/\" target=\"_blank\" rel=\"noopener noreferrer\">Tribunal de Justi\u00e7a do Estado do Par\u00e1<\/a><\/li>\n<li><a href=\"https:\/\/www.tjpe.jus.br\/\" target=\"_blank\" rel=\"noopener noreferrer\">Tribunal de Justi\u00e7a do Estado de Pernambuco<\/a><\/li>\n<li><a href=\"http:\/\/www.tj.ro.gov.br\/\" target=\"_blank\" rel=\"noopener noreferrer\">Tribunal de Justi\u00e7a do Estado de Rond\u00f4nia<\/a><\/li>\n<li><a href=\"https:\/\/www.tjsc.jus.br\/\" target=\"_blank\" rel=\"noopener noreferrer\">Tribunal de Justi\u00e7a de Santa Catarina<\/a><\/li>\n<li><a href=\"https:\/\/www.tjse.jus.br\/portal\/\" target=\"_blank\" rel=\"noopener noreferrer\">Tribunal de Justi\u00e7a do Estado de Sergipe<\/a><\/li>\n<li><a href=\"http:\/\/www.tj.ro.gov.br\/\" target=\"_blank\" rel=\"noopener noreferrer\">Tribunal de Justi\u00e7a do Estado de Rond\u00f4nia<\/a><\/li>\n<li><a href=\"http:\/\/www.tj.ba.gov.br\/\">Tribunal de Justi\u00e7a do Estado da Bahia<\/a><\/li>\n<li><a href=\"http:\/\/www.tj.es.gov.br\/\">Tribunal de Justi\u00e7a do Estado do Esp\u00edrito Santo<\/a><\/li>\n<\/ul>\n<p>Tribunais de Contas<\/p>\n<ul>\n<li><a href=\"http:\/\/www.tce.ba.gov.br\/\" target=\"_blank\" rel=\"noopener noreferrer\">Tribunal de Contas do Estado da Bahia<\/a><\/li>\n<li><a href=\"http:\/\/www.tce.es.gov.br\/\" target=\"_blank\" rel=\"noopener noreferrer\">Tribunal de Contas do Estado do Esp\u00edrito Santo<\/a><\/li>\n<li><a href=\"http:\/\/www.tce.pb.gov.br\/\" target=\"_blank\" rel=\"noopener noreferrer\">Tribunal de Contas do Estado da Para\u00edba<\/a><\/li>\n<li><a href=\"http:\/\/www.tce.pe.gov.br\/\" target=\"_blank\" rel=\"noopener noreferrer\">Tribunal de Contas do Estado de Pernambuco<\/a><\/li>\n<li><a href=\"http:\/\/www.tce.rj.gov.br\/\" target=\"_blank\" rel=\"noopener noreferrer\">Tribunal de Contas do Estado do Rio de Janeiro<\/a><\/li>\n<li><a href=\"http:\/\/www.tcm.rj.gov.br\/\" target=\"_blank\" rel=\"noopener noreferrer\">Tribunal de Contas do Munic\u00edpio do Rio de janeiro<\/a><\/li>\n<li><a href=\"http:\/\/www.tce.rs.gov.br\/\" target=\"_blank\" rel=\"noopener noreferrer\">Tribunal de Contas do Estado do Rio Grande do Sul<\/a><\/li>\n<li><a href=\"http:\/\/www.tce.sc.gov.br\/\" target=\"_blank\" rel=\"noopener noreferrer\">Tribunal de Contas do Estado de Santa Catarina<\/a><\/li>\n<li><a href=\"http:\/\/www.tce.sp.gov.br\/\" target=\"_blank\" rel=\"noopener noreferrer\">Tribunal de Contas do Estado de S\u00e3o Paulo<\/a><\/li>\n<\/ul>\n<p>Minist\u00e9rio P\u00fablico<\/p>\n<ul>\n<li>Procuradoria Geral da Rep\u00fablica &#8211; Minist\u00e9rio P\u00fablico Federal (PGR\/MPF)\n<ul>\n<li><a href=\"https:\/\/www.mpf.mp.br\/pgr\">Procuradoria Geral da Rep\u00fablica &#8211; Minist\u00e9rio P\u00fablico Federal (PGR)<\/a><\/li>\n<li><a href=\"https:\/\/www.mpf.mp.br\/\">Procuradoria Geral da Rep\u00fablica &#8211; Minist\u00e9rio P\u00fablico Federal (MPF)<\/a><\/li>\n<\/ul>\n<\/li>\n<li><a href=\"https:\/\/www.mpf.mp.br\/df\" target=\"_blank\" rel=\"noopener noreferrer\">Procuradoria Regional da Rep\u00fablica da 1\u00aa Regi\u00e3o &#8211; Distrito Federal<\/a><\/li>\n<li><a href=\"https:\/\/www.prt2.mpt.mp.br\/\" target=\"_blank\" rel=\"noopener noreferrer\">Procuradoria Regional do Trabalho da 2\u00aa Regi\u00e3o &#8211; S\u00e3o Paulo<\/a><\/li>\n<li><a href=\"https:\/\/www.prt3.mpt.mp.br\/\" target=\"_blank\" rel=\"noopener noreferrer\">Procuradoria Regional do Trabalho da 3\u00aa Regi\u00e3o &#8211; Minas Gerais<\/a><\/li>\n<li><a href=\"https:\/\/www.prt7.mpt.mp.br\/\" target=\"_blank\" rel=\"noopener noreferrer\">Procuradoria Regional do Trabalho da 7\u00aa Regi\u00e3o &#8211; Cear\u00e1<\/a><\/li>\n<li><a href=\"https:\/\/www.prt11.mpt.mp.br\/\" target=\"_blank\" rel=\"noopener noreferrer\">Procuradoria Regional do Trabalho da 11\u00aa Regi\u00e3o &#8211; Amazonas<\/a><\/li>\n<li><a href=\"https:\/\/www.prt13.mpt.mp.br\/\" target=\"_blank\" rel=\"noopener noreferrer\">Procuradoria Regional do Trabalho da 13\u00aa Regi\u00e3o &#8211; Para\u00edba<\/a><\/li>\n<li><a href=\"https:\/\/www.prt15.mpt.mp.br\/\" target=\"_blank\" rel=\"noopener noreferrer\">Procuradoria Regional do Trabalho da 15\u00aa Regi\u00e3o &#8211; Campinas<\/a><\/li>\n<li><a href=\"https:\/\/www.prt17.mpt.mp.br\/\" target=\"_blank\" rel=\"noopener noreferrer\">Procuradoria Regional do Trabalho da 17\u00aa Regi\u00e3o &#8211; Esp\u00edrito Santo<\/a><\/li>\n<li><a href=\"http:\/\/www.pge.es.gov.br\/\" target=\"_blank\" rel=\"noopener noreferrer\">Procuradoria Geral do Estado do Esp\u00edrito Santo<\/a><\/li>\n<li><a href=\"https:\/\/www.prt20.mpt.mp.br\/\" target=\"_blank\" rel=\"noopener noreferrer\">Procuradoria Regional do Trabalho da 20\u00aa Regi\u00e3o &#8211; Sergipe<\/a><\/li>\n<li><a href=\"https:\/\/www.prt24.mpt.mp.br\/\" target=\"_blank\" rel=\"noopener noreferrer\">Procuradoria Regional do Trabalho da 24\u00aa Regi\u00e3o &#8211; Mato Grosso do Sul<\/a><\/li>\n<li><a href=\"http:\/\/www.mpce.mp.br\/\" target=\"_blank\" rel=\"noopener noreferrer\">Minist\u00e9rio P\u00fablico do Estado do Cear\u00e1<\/a><\/li>\n<li><a href=\"https:\/\/mppr.mp.br\/\" target=\"_blank\" rel=\"noopener noreferrer\">Minist\u00e9rioP\u00fablico do Estado do Paran\u00e1<\/a><\/li>\n<li><a href=\"http:\/\/www.mp.rs.gov.br\/\" target=\"_blank\" rel=\"noopener noreferrer\">Minist\u00e9rio P\u00fablico do Estado do Rio Grande do Sul<\/a><\/li>\n<li><a href=\"https:\/\/www.mpro.mp.br\/\" target=\"_blank\" rel=\"noopener noreferrer\">Minist\u00e9rio P\u00fablico do Estado de Rond\u00f4nia<\/a><\/li>\n<li><a href=\"http:\/\/www.mp.sp.gov.br\/\" target=\"_blank\" rel=\"noopener noreferrer\">Minist\u00e9rio P\u00fablico do Estado de S\u00e3o Paulo<\/a><\/li>\n<\/ul>\n<p>Ordem dos Advogados<\/p>\n<ul>\n<li><a href=\"http:\/\/www.oab.org.br\/\" target=\"_blank\" rel=\"noopener noreferrer\">Ordem dos Advogados do Brasil &#8211; Conselho Federal &#8211; OAB<\/a><\/li>\n<li><a href=\"https:\/\/www.oab-al.org.br\/\" target=\"_blank\" rel=\"noopener noreferrer\">Ordem dos Advogados do Brasil &#8211; Alagoas &#8211; OAB\/AL<\/a><\/li>\n<li><a href=\"https:\/\/oabdf.org.br\/\" target=\"_blank\" rel=\"noopener noreferrer\">Ordem dos Advogados do Brasil &#8211; Distrito Federal &#8211; OAB\/DF<\/a><\/li>\n<li><a href=\"http:\/\/www.oabes.org.br\/\" target=\"_blank\" rel=\"noopener noreferrer\">Ordem dos Advogados do Brasil &#8211; Esp\u00edrito Santo &#8211; OAB\/ES<\/a><\/li>\n<li><a href=\"https:\/\/www.oabpr.org.br\/\" target=\"_blank\" rel=\"noopener noreferrer\">Ordem dos Advogados do Brasil &#8211; Paran\u00e1 &#8211; OAB\/PR<\/a><\/li>\n<\/ul>\n<p>Legisla\u00e7\u00e3o em outros Sites<\/p>\n<ul>\n<li><a href=\"https:\/\/www.amatra10.org.br\/\" target=\"_blank\" rel=\"noopener noreferrer\"><strong>AMATRA X:<\/strong> (Associa\u00e7\u00e3o dos Magistrados da Justi\u00e7a do Trabalho &#8211; Bras\u00edlia\/DF) CF, CCom, CC, CPC, CDC, CP, CPP, CTN, CLT, Estatuto da Crian\u00e7a e Adolescente, Juizados Especiais, Regime Jur\u00eddico \u00danico etc., para download em formato EXE.<\/a><\/li>\n<li><a href=\"https:\/\/www.dbba.com.br\/\" target=\"_blank\" rel=\"noopener noreferrer\"><strong>Denis Borges Barbosa:<\/strong> Legisla\u00e7\u00e3o sobre Propriedade Industrial Legisla\u00e7\u00e3o, doutrina e jurisprud\u00eancia de propriedade industrial<\/a><\/li>\n<li><a href=\"https:\/\/www.crea-mg.org.br\/\" target=\"_blank\" rel=\"noopener noreferrer\"><strong>CREA-AM\/RR:<\/strong> Legisla\u00e7\u00e3o de Engenharia, Arquitetura e Agronomia (Conselho Regional de Engenharia, Arquitetura e Agronomia &#8211; AM\/RR) Legisla\u00e7\u00e3o dos ge\u00f3logos, engenheiros, engenheiros agr\u00f4nomos, arquitetos, ge\u00f3grafos, meteorologistas, veterin\u00e1rios, t\u00e9cnicos industriais, qu\u00edmicos etc.; para download, zipados<\/a><\/li>\n<li><a href=\"http:\/\/www.sefaz.ce.gov.br\/\" target=\"_blank\" rel=\"noopener noreferrer\"><strong>Secretaria de Fazenda &#8211; CE:<\/strong> Legisla\u00e7\u00e3o Tribut\u00e1ria do Cear\u00e1 Leis, decretos e instru\u00e7\u00f5es<\/a><\/li>\n<\/ul>\n<hr \/>\n<p>&nbsp;<\/p>\n<p><strong>.: Links Importantes<\/strong><\/p>\n<p>Conselhos de Administra\u00e7\u00e3o:<\/p>\n<ul>\n<li><a href=\"http:\/\/www.cfa.org.br\/\" target=\"_blank\" rel=\"noopener noreferrer\">Conselho Federal de Administra\u00e7\u00e3o<\/a><\/li>\n<li><a href=\"http:\/\/www.crasp.com.br\/\" target=\"_blank\" rel=\"noopener noreferrer\">Conselho Regional de Administra\u00e7\u00e3o (SP)<\/a><\/li>\n<\/ul>\n<p>Governo &#8211; Estat\u00edsticas:<\/p>\n<ul>\n<li><a href=\"http:\/\/www.ibge.gov.br\/\" target=\"_blank\" rel=\"noopener noreferrer\">Instituto Brasileiro de Geografia e Estat\u00edstica<\/a><\/li>\n<li><a href=\"http:\/\/www.ipea.gov.br\/\" target=\"_blank\" rel=\"noopener noreferrer\">Instituto de Pesquisa Econ\u00f4mica Aplicada<\/a><\/li>\n<li><a href=\"http:\/\/www.seade.gov.br\/\" target=\"_blank\" rel=\"noopener noreferrer\">Funda\u00e7\u00e3o Sistema Estadual de An\u00e1lise de Dados<\/a><\/li>\n<li><a href=\"http:\/\/www.fipe.com.br\/\" target=\"_blank\" rel=\"noopener noreferrer\">Funda\u00e7\u00e3o Instituto de Pesquisas Econ\u00f4micas<\/a><\/li>\n<li><a href=\"http:\/\/www.fiesp.org.br\/\" target=\"_blank\" rel=\"noopener noreferrer\">Federa\u00e7\u00e3o das Ind\u00fastrias do Estado de S\u00e3o Paulo<\/a><\/li>\n<li><a href=\"http:\/\/portal.mec.gov.br\/cne\" target=\"_blank\" rel=\"noopener noreferrer\">Conselho Nacional de Educa\u00e7\u00e3o<\/a><\/li>\n<li><a href=\"http:\/\/www.inep.gov.br\/\" target=\"_blank\" rel=\"noopener noreferrer\">Instituto Nacional de Estudos e Pesquisas Educacionais An\u00edsio Teixeira &#8211; INEP\/MEC<\/a><\/li>\n<li><a href=\"http:\/\/portal.mec.gov.br\/\" target=\"_blank\" rel=\"noopener noreferrer\">Minist\u00e9rio da Educa\u00e7\u00e3o<\/a> <a href=\"http:\/\/portal.mec.gov.br\/sesu\" target=\"_blank\" rel=\"noopener noreferrer\">Secretaria de Educa\u00e7\u00e3o Superior<\/a><\/li>\n<\/ul>\n","protected":false},"excerpt":{"rendered":"<p>Direito http:\/\/www.ufsm.br\/revistadireito\/ https:\/\/www.cedin.com.br\/centro-de-direito-intenacional\/ http:\/\/revistas.pucsp.br\/index.php\/red https:\/\/revistas.ufpr.br\/direito Links Jur\u00eddicos Poder Executivo www.planalto.gov.br www.mec.gov.br www.mj.gov.br Poder Judici\u00e1rio Tribunais Superiores Supremo Tribunal Federal &#8211; STF Superior Tribunal de Justi\u00e7a &#8211; STJ Superior Tribunal Militar &#8211; STM Tribunais Regionais Federais e Justi\u00e7a Federal Tribunal Regional Federal da 1\u00aa Regi\u00e3o &#8211; Distrito Federal Tribunal Regional Federal<\/p>\n","protected":false},"author":1,"featured_media":0,"parent":285,"menu_order":0,"comment_status":"closed","ping_status":"closed","template":"templates\/template-pagina_menu_vertical.php","meta":{"footnotes":""},"categories":[],"tags":[],"class_list":["post-692","page","type-page","status-publish","hentry"],"_links":{"self":[{"href":"https:\/\/portal.unisepe.com.br\/asmecpa\/wp-json\/wp\/v2\/pages\/692","targetHints":{"allow":["GET"]}}],"collection":[{"href":"https:\/\/portal.unisepe.com.br\/asmecpa\/wp-json\/wp\/v2\/pages"}],"about":[{"href":"https:\/\/portal.unisepe.com.br\/asmecpa\/wp-json\/wp\/v2\/types\/page"}],"author":[{"embeddable":true,"href":"https:\/\/portal.unisepe.com.br\/asmecpa\/wp-json\/wp\/v2\/users\/1"}],"replies":[{"embeddable":true,"href":"https:\/\/portal.unisepe.com.br\/asmecpa\/wp-json\/wp\/v2\/comments?post=692"}],"version-history":[{"count":5,"href":"https:\/\/portal.unisepe.com.br\/asmecpa\/wp-json\/wp\/v2\/pages\/692\/revisions"}],"predecessor-version":[{"id":3352,"href":"https:\/\/portal.unisepe.com.br\/asmecpa\/wp-json\/wp\/v2\/pages\/692\/revisions\/3352"}],"up":[{"embeddable":true,"href":"https:\/\/portal.unisepe.com.br\/asmecpa\/wp-json\/wp\/v2\/pages\/285"}],"wp:attachment":[{"href":"https:\/\/portal.unisepe.com.br\/asmecpa\/wp-json\/wp\/v2\/media?parent=692"}],"wp:term":[{"taxonomy":"category","embeddable":true,"href":"https:\/\/portal.unisepe.com.br\/asmecpa\/wp-json\/wp\/v2\/categories?post=692"},{"taxonomy":"post_tag","embeddable":true,"href":"https:\/\/portal.unisepe.com.br\/asmecpa\/wp-json\/wp\/v2\/tags?post=692"}],"curies":[{"name":"wp","href":"https:\/\/api.w.org\/{rel}","templated":true}]}}