{"id":790,"date":"2016-07-14T22:20:24","date_gmt":"2016-07-14T22:20:24","guid":{"rendered":"http:\/\/www.fvr.edu.br\/fvr\/site\/?page_id=790"},"modified":"2024-11-04T20:24:02","modified_gmt":"2024-11-04T23:24:02","slug":"editais","status":"publish","type":"page","link":"https:\/\/portal.unisepe.com.br\/asmecpa\/manuais-editais-e-regulamentos\/editais\/","title":{"rendered":"Editais"},"content":{"rendered":"<p><strong>Editais de Bolsa<\/strong><\/p>\n<p><a href=\"https:\/\/portal.unisepe.com.br\/asmecpa\/wp-content\/uploads\/sites\/10009\/2024\/11\/edital-022024-outuvember-PA.pdf\"><strong>OUTUVEMBER 2024<\/strong><\/a><\/p>\n<p>&nbsp;<\/p>\n<p><strong>Edital de processo seletivo<\/strong><\/p>\n<hr \/>\n<ul>\n<li><a href=\"https:\/\/portal.unisepe.com.br\/asmecpa\/wp-content\/uploads\/sites\/10009\/2023\/10\/EDITAL_032022_-_vestibular_2024_Pouso-Alegre_revisado.pdf\">Edital de processo seletivo 2024-1<\/a><\/li>\n<\/ul>\n<p><strong>Editais<\/strong><\/p>\n<hr \/>\n<ul>\n<li><a href=\"https:\/\/portal.unisepe.com.br\/asmecpa\/wp-content\/uploads\/sites\/10009\/2024\/10\/EDITAL-ENCARGOS-EDUCAC-ASMEC-PA-2024.pdf\">Edital de encargos educacionais 2024<\/a><\/li>\n<li><a href=\"http:\/\/portal.unisepe.com.br\/asmecpa\/wp-content\/uploads\/sites\/10009\/2020\/07\/EDITAL-DEPEND\u00caNCIAS-POUSO-ALEGRE.pdf\">EDITAL &#8211; DEPEND\u00caNCIAS 2020<\/a><\/li>\n<\/ul>\n<p><strong>Pol\u00edticas<\/strong><\/p>\n<hr \/>\n<ul>\n<li><strong><a href=\"http:\/\/central.unisep.com.br\/politica%20de%20privacidade%20unisepe.pdf\" target=\"_blank\" rel=\"noopener noreferrer\">Pol\u00edtica de Privacidade<\/a><\/strong><\/li>\n<\/ul>\n","protected":false},"excerpt":{"rendered":"<p>Editais de Bolsa OUTUVEMBER 2024 &nbsp; Edital de processo seletivo Edital de processo seletivo 2024-1 Editais Edital de encargos educacionais 2024 EDITAL &#8211; DEPEND\u00caNCIAS 2020 Pol\u00edticas Pol\u00edtica de Privacidade<\/p>\n","protected":false},"author":1,"featured_media":0,"parent":788,"menu_order":0,"comment_status":"closed","ping_status":"closed","template":"templates\/template-pagina_menu_vertical.php","meta":{"footnotes":""},"categories":[],"tags":[],"class_list":["post-790","page","type-page","status-publish","hentry"],"_links":{"self":[{"href":"https:\/\/portal.unisepe.com.br\/asmecpa\/wp-json\/wp\/v2\/pages\/790","targetHints":{"allow":["GET"]}}],"collection":[{"href":"https:\/\/portal.unisepe.com.br\/asmecpa\/wp-json\/wp\/v2\/pages"}],"about":[{"href":"https:\/\/portal.unisepe.com.br\/asmecpa\/wp-json\/wp\/v2\/types\/page"}],"author":[{"embeddable":true,"href":"https:\/\/portal.unisepe.com.br\/asmecpa\/wp-json\/wp\/v2\/users\/1"}],"replies":[{"embeddable":true,"href":"https:\/\/portal.unisepe.com.br\/asmecpa\/wp-json\/wp\/v2\/comments?post=790"}],"version-history":[{"count":12,"href":"https:\/\/portal.unisepe.com.br\/asmecpa\/wp-json\/wp\/v2\/pages\/790\/revisions"}],"predecessor-version":[{"id":3312,"href":"https:\/\/portal.unisepe.com.br\/asmecpa\/wp-json\/wp\/v2\/pages\/790\/revisions\/3312"}],"up":[{"embeddable":true,"href":"https:\/\/portal.unisepe.com.br\/asmecpa\/wp-json\/wp\/v2\/pages\/788"}],"wp:attachment":[{"href":"https:\/\/portal.unisepe.com.br\/asmecpa\/wp-json\/wp\/v2\/media?parent=790"}],"wp:term":[{"taxonomy":"category","embeddable":true,"href":"https:\/\/portal.unisepe.com.br\/asmecpa\/wp-json\/wp\/v2\/categories?post=790"},{"taxonomy":"post_tag","embeddable":true,"href":"https:\/\/portal.unisepe.com.br\/asmecpa\/wp-json\/wp\/v2\/tags?post=790"}],"curies":[{"name":"wp","href":"https:\/\/api.w.org\/{rel}","templated":true}]}}