{"id":81,"date":"2015-07-28T12:24:00","date_gmt":"2015-07-28T12:24:00","guid":{"rendered":"http:\/\/www.fasupi.com.br\/site\/?page_id=81"},"modified":"2023-08-15T19:56:31","modified_gmt":"2023-08-15T22:56:31","slug":"a-instituicao","status":"publish","type":"page","link":"https:\/\/portal.unisepe.com.br\/asmecpa\/a-instituicao\/","title":{"rendered":"A Institui\u00e7\u00e3o"},"content":{"rendered":"<h2><strong>Hist\u00f3rico institucional<\/strong><\/h2>\n<hr \/>\n<h4><strong>Faculdades de Neg\u00f3cios ASMEC de Pouso Alegre &#8211; IESPA<\/strong><\/h4>\n<p>&nbsp;<\/p>\n<p>O Instituto de Educa\u00e7\u00e3o Superior de Pouso Alegre \/ MG \u2013 IESPA (Faculdade ASMEC de Pouso Alegre \/ MG) foi credenciado pela Portaria N\u00ba 109 de 29 de janeiro de 2009, publicada no D.O.U. em 30 de janeiro de 2009.<br \/>\nO Curso Superior Bacharelado em Administra\u00e7\u00e3o de Empresas foi autorizado pela Portaria n\u00ba 149 de 03 de fevereiro de 2009, publicada no D.O.U. em 04 de fevereiro de 2009,<span style=\"font-size: 0.95em\">\u00a0possui a proposta de conferir qualidade e agilidade \u00e0s necessidades da regi\u00e3o e alavancar um processo de desenvolvimento regional como resposta aos anseios da sociedade pousoalegrense que clama por novas alternativas na \u00e1rea da educa\u00e7\u00e3o superior. O credenciamento do Instituto permitir\u00e1 maior democratiza\u00e7\u00e3o de oportunidades aos egressos do ensino m\u00e9dio.<\/span><\/p>\n<div>\n<p>O Instituto de Educa\u00e7\u00e3o Superior de Pouso Alegre \/ MG \u2013 IESPA busca uma a\u00e7\u00e3o educacional diferenciada, com a forma\u00e7\u00e3o de um profissional apto ao mercado de trabalho, \u00e9tico, cr\u00edtico e criativo e que tenha de forma muito clara, consci\u00eancia de suas responsabilidades perante a sociedade, contribuindo para a melhoria do meio no qual convive.<\/p>\n<p>Para atingir esse objetivo, a IESPA adotar\u00e1 como princ\u00edpio a integra\u00e7\u00e3o com a sociedade local e regional. Para tanto o Instituto de Educa\u00e7\u00e3o Superior de Pouso Alegre \/ MG \u2013 IESPA assume o compromisso de atuar tendo como foco o desenvolvimento educacional, cultural, art\u00edstico e intelectual da cidade e regi\u00e3o. Esta filosofia de total comunh\u00e3o com a comunidade permitir\u00e1 um enriquecimento de experi\u00eancias, mas sobretudo o crescimento da Institui\u00e7\u00e3o e da sociedade como um todo.<\/p>\n<p>O Instituto de Educa\u00e7\u00e3o Superior de Pouso Alegre \/ MG \u2013 IESPA est\u00e1 localizado em Pouso Alegre, munic\u00edpio que integra a regi\u00e3o de planejamento denominada Sul de Minas e sede de uma microrregi\u00e3o do Estado de Minas Gerais, tendo em seu entorno dezenas de outros munic\u00edpios menores.<\/p>\n<p>Para caracterizar a microrregi\u00e3o no contexto mineiro est\u00e3o elencados a seguir alguns dados sobre seus v\u00e1rios aspectos.<\/p>\n<p>O Estado de Minas Gerais com \u00e1rea total de 588.384 km2 representa 7% do territ\u00f3rio nacional, sendo o quarto Estado brasileiro em extens\u00e3o. Segundo dados do IBGE, em 2010 havia mais de 8.500.000 pessoas ocupadas em atividades econ\u00f4micas. Essa for\u00e7a de trabalho produziu, segundo a Funda\u00e7\u00e3o Jo\u00e3o Pinheiro (MG) em 2010, 10% do PIB brasileiro, o que mostra a grande import\u00e2ncia do Estado na economia nacional.<\/p>\n<p>Pouso Alegre est\u00e1 localizada no Sul de Minas Gerais, no Vale do Sapuca\u00ed, \u00e0s margens da Rodovia Fern\u00e3o Dias \u2013 BR 381, numa \u00e1rea estrat\u00e9gica e de acesso aos tr\u00eas maiores centros de produ\u00e7\u00e3o e consumo do pa\u00eds. Fica a 200 Km de S\u00e3o Paulo, 385 Km de Belo Horizonte e 390 de Km do Rio de Janeiro. Com uma popula\u00e7\u00e3o estimada, hoje, em 152 mil habitantes tem uma taxa de crescimento no PIB de 7,41% e renda per capita de US$6.766. O munic\u00edpio tem 545 Km2 de \u00e1rea, dos quais 39 correspondem ao limite urbano. Seus vizinhos municipais, em torno de 50 munic\u00edpios e popula\u00e7\u00e3o estimada em 700 mil habitantes, fazem de Pouso Alegre o centro de refer\u00eancia no com\u00e9rcio, na educa\u00e7\u00e3o, na sa\u00fade e no lazer.<\/p>\n<p>A conjuga\u00e7\u00e3o dos aspectos comentados, criou grande procura por vagas no ensino superior e consequentemente a necessidade de investimentos na cria\u00e7\u00e3o de novos cursos superiores.<\/p>\n<p>O Instituto de Educa\u00e7\u00e3o Superior de Pouso Alegre surge como uma resposta aos anseios da comunidade regional e a sua atua\u00e7\u00e3o ir\u00e1 contribuir atrav\u00e9s da pr\u00e1tica educacional, com a promo\u00e7\u00e3o social, cultural, c\u00edvica e moral do cidad\u00e3o.<\/p>\n<p>&nbsp;<\/p>\n<p><em><strong>Formar cidad\u00e3os com compet\u00eancia t\u00e9cnica e compromisso social, e transmitir valores \u00e9ticos de disciplina, respeito, liberdade e seriedade.<\/strong><\/em><\/p>\n<\/div>\n<p>&nbsp;<\/p>\n<p><strong>ASMECPA \u2013<\/strong>\u00a0Instituto de Educa\u00e7\u00e3o Superior de Pouso Alegre\u00a0<strong><br \/>\n<\/strong><\/p>\n<p><strong>Situa\u00e7\u00e3o:\u00a0<\/strong>Autorizado\/Credenciado<br \/>\n<strong>Autoriza\u00e7\u00e3o:<\/strong>\u00a0Portaria n\u00ba. 109 de 29 de Janeiro de 2009<\/p>\n","protected":false},"excerpt":{"rendered":"<p>Hist\u00f3rico institucional Faculdades de Neg\u00f3cios ASMEC de Pouso Alegre &#8211; IESPA &nbsp; O Instituto de Educa\u00e7\u00e3o Superior de Pouso Alegre \/ MG \u2013 IESPA (Faculdade ASMEC de Pouso Alegre \/ MG) foi credenciado pela Portaria N\u00ba 109 de 29 de janeiro de 2009, publicada no D.O.U. em 30 de janeiro<\/p>\n","protected":false},"author":1,"featured_media":0,"parent":0,"menu_order":0,"comment_status":"open","ping_status":"open","template":"templates\/template-pagina_menu_vertical.php","meta":{"footnotes":""},"categories":[],"tags":[],"class_list":["post-81","page","type-page","status-publish","hentry"],"_links":{"self":[{"href":"https:\/\/portal.unisepe.com.br\/asmecpa\/wp-json\/wp\/v2\/pages\/81","targetHints":{"allow":["GET"]}}],"collection":[{"href":"https:\/\/portal.unisepe.com.br\/asmecpa\/wp-json\/wp\/v2\/pages"}],"about":[{"href":"https:\/\/portal.unisepe.com.br\/asmecpa\/wp-json\/wp\/v2\/types\/page"}],"author":[{"embeddable":true,"href":"https:\/\/portal.unisepe.com.br\/asmecpa\/wp-json\/wp\/v2\/users\/1"}],"replies":[{"embeddable":true,"href":"https:\/\/portal.unisepe.com.br\/asmecpa\/wp-json\/wp\/v2\/comments?post=81"}],"version-history":[{"count":5,"href":"https:\/\/portal.unisepe.com.br\/asmecpa\/wp-json\/wp\/v2\/pages\/81\/revisions"}],"predecessor-version":[{"id":3183,"href":"https:\/\/portal.unisepe.com.br\/asmecpa\/wp-json\/wp\/v2\/pages\/81\/revisions\/3183"}],"wp:attachment":[{"href":"https:\/\/portal.unisepe.com.br\/asmecpa\/wp-json\/wp\/v2\/media?parent=81"}],"wp:term":[{"taxonomy":"category","embeddable":true,"href":"https:\/\/portal.unisepe.com.br\/asmecpa\/wp-json\/wp\/v2\/categories?post=81"},{"taxonomy":"post_tag","embeddable":true,"href":"https:\/\/portal.unisepe.com.br\/asmecpa\/wp-json\/wp\/v2\/tags?post=81"}],"curies":[{"name":"wp","href":"https:\/\/api.w.org\/{rel}","templated":true}]}}