{"id":1120,"date":"2020-05-21T11:44:09","date_gmt":"2020-05-21T14:44:09","guid":{"rendered":"http:\/\/portal.unisepe.com.br\/ead\/?page_id=1120"},"modified":"2023-01-18T17:06:41","modified_gmt":"2023-01-18T20:06:41","slug":"seguranca-do-trabalho","status":"publish","type":"page","link":"https:\/\/portal.unisepe.com.br\/ead\/seguranca-do-trabalho\/","title":{"rendered":"Seguran\u00e7a do Trabalho"},"content":{"rendered":"<ul>\n<li style=\"text-align: right;\"><strong><a href=\"http:\/\/portal.unisepe.com.br\/ead\/seguranca-do-trabalho\/matriz-curricular\/\">Matriz Curricular<\/a><\/strong><\/li>\n<\/ul>\n<p style=\"text-align: justify;\"><strong>Concep\u00e7\u00e3o do Curso:<\/strong><\/p>\n<p style=\"text-align: justify;\"><strong>Denomina\u00e7\u00e3o: <\/strong>Tecn\u00f3logo em Seguran\u00e7a do Trabalho<\/p>\n<p style=\"text-align: justify;\"><strong>Modalidade: <\/strong>Tecn\u00f3logo \u2013 Ensino a Dist\u00e2ncia<\/p>\n<p style=\"text-align: justify;\">*Os alunos matriculados nas disciplinas: Preven\u00e7\u00e3o e Controle de Inc\u00eandios e Explos\u00f5es, Primeiros Socorros e Instrumenta\u00e7\u00e3o em Seguran\u00e7a do Trabalho participar\u00e3o de encontros presenciais para a realiza\u00e7\u00e3o de aulas\/atividades pr\u00e1ticas.<\/p>\n<p style=\"text-align: justify;\"><strong>Carga Hor\u00e1ria Total: 2525 horas<\/strong><\/p>\n<p style=\"text-align: justify;\"><strong>Objetivo geral:<\/strong> Formar profissionais capacitados a desenvolver compet\u00eancias gerais relacionadas com a \u00e1rea de Sa\u00fade e Seguran\u00e7a do Trabalho por meio da preven\u00e7\u00e3o e prote\u00e7\u00e3o da sa\u00fade e seguran\u00e7a dos trabalhadores em observ\u00e2ncia da legisla\u00e7\u00e3o, com a implanta\u00e7\u00e3o de a\u00e7\u00f5es e programas espec\u00edficos aplicados em quaisquer atividades econ\u00f4micas existentes em nosso pa\u00eds, contribuindo assim para a melhoria da qualidade de vida e seguran\u00e7a nas atividades desempenhadas no ambiente laboral e a garantia de diminui\u00e7\u00e3o de custos diretos e indiretos em situa\u00e7\u00f5es de infort\u00fanios laborais.<\/p>\n<p style=\"text-align: justify;\"><strong>\u00a0<\/strong><\/p>\n<p style=\"text-align: justify;\"><strong>Objetivos Espec\u00edficos:<\/strong><\/p>\n<ul>\n<li style=\"text-align: justify;\">Eliminar e\/ou minimizar os agravos relacionados com a sa\u00fade dos trabalhadores nas empresas<\/li>\n<li style=\"text-align: justify;\">Prestar assist\u00eancia t\u00e9cnica de gerenciamento de riscos nas empresas<\/li>\n<li style=\"text-align: justify;\">Contribuir e orientar programas de melhoria cont\u00ednua na \u00e1rea de Sa\u00fade e Seguran\u00e7a do Trabalho<\/li>\n<li style=\"text-align: justify;\">Fornecer treinamentos e palestras referente as normas regulamentadoras<\/li>\n<li style=\"text-align: justify;\">Prestar assist\u00eancia t\u00e9cnica na \u00e1rea de sa\u00fade e seguran\u00e7a. ( higiene ocupacional, ergonomia, preven\u00e7\u00e3o e combate de sinistros, programas de sa\u00fade e seguran\u00e7a).<\/li>\n<li style=\"text-align: justify;\">Aplicar as normas regulamentadoras aos respectivos processos de trabalho<\/li>\n<li style=\"text-align: justify;\">Prevenir os trabalhadores de doen\u00e7as ocupacionais e acidentes do trabalho com a implementa\u00e7\u00e3o de medidas de seguran\u00e7a nas empresas<\/li>\n<\/ul>\n<p style=\"text-align: center;\"><iframe loading=\"lazy\" width=\"560\" height=\"315\" src=\"https:\/\/www.youtube.com\/embed\/CInSv9AERMw\" title=\"YouTube video player\" frameborder=\"0\" allow=\"accelerometer; autoplay; clipboard-write; encrypted-media; gyroscope; picture-in-picture; web-share\" allowfullscreen=\"allowfullscreen\"><\/iframe><\/p>\n","protected":false},"excerpt":{"rendered":"<p>Matriz Curricular Concep\u00e7\u00e3o do Curso: Denomina\u00e7\u00e3o: Tecn\u00f3logo em Seguran\u00e7a do Trabalho Modalidade: Tecn\u00f3logo \u2013 Ensino a Dist\u00e2ncia *Os alunos matriculados nas disciplinas: Preven\u00e7\u00e3o e Controle de Inc\u00eandios e Explos\u00f5es, Primeiros Socorros e Instrumenta\u00e7\u00e3o em Seguran\u00e7a do Trabalho participar\u00e3o de encontros presenciais para a realiza\u00e7\u00e3o de aulas\/atividades pr\u00e1ticas. Carga Hor\u00e1ria Total:<\/p>\n","protected":false},"author":1,"featured_media":0,"parent":0,"menu_order":0,"comment_status":"closed","ping_status":"closed","template":"templates\/template-curso_menu_vertical.php","meta":{"footnotes":""},"categories":[1],"tags":[16],"class_list":["post-1120","page","type-page","status-publish","hentry","category-graduacao-digital-ead","tag-graduacao-ead-tecnologo"],"_links":{"self":[{"href":"https:\/\/portal.unisepe.com.br\/ead\/wp-json\/wp\/v2\/pages\/1120","targetHints":{"allow":["GET"]}}],"collection":[{"href":"https:\/\/portal.unisepe.com.br\/ead\/wp-json\/wp\/v2\/pages"}],"about":[{"href":"https:\/\/portal.unisepe.com.br\/ead\/wp-json\/wp\/v2\/types\/page"}],"author":[{"embeddable":true,"href":"https:\/\/portal.unisepe.com.br\/ead\/wp-json\/wp\/v2\/users\/1"}],"replies":[{"embeddable":true,"href":"https:\/\/portal.unisepe.com.br\/ead\/wp-json\/wp\/v2\/comments?post=1120"}],"version-history":[{"count":7,"href":"https:\/\/portal.unisepe.com.br\/ead\/wp-json\/wp\/v2\/pages\/1120\/revisions"}],"predecessor-version":[{"id":1661,"href":"https:\/\/portal.unisepe.com.br\/ead\/wp-json\/wp\/v2\/pages\/1120\/revisions\/1661"}],"wp:attachment":[{"href":"https:\/\/portal.unisepe.com.br\/ead\/wp-json\/wp\/v2\/media?parent=1120"}],"wp:term":[{"taxonomy":"category","embeddable":true,"href":"https:\/\/portal.unisepe.com.br\/ead\/wp-json\/wp\/v2\/categories?post=1120"},{"taxonomy":"post_tag","embeddable":true,"href":"https:\/\/portal.unisepe.com.br\/ead\/wp-json\/wp\/v2\/tags?post=1120"}],"curies":[{"name":"wp","href":"https:\/\/api.w.org\/{rel}","templated":true}]}}