{"id":1640,"date":"2022-12-08T17:28:12","date_gmt":"2022-12-08T20:28:12","guid":{"rendered":"https:\/\/portal.unisepe.com.br\/ead\/?page_id=1640"},"modified":"2023-01-04T18:57:36","modified_gmt":"2023-01-04T21:57:36","slug":"medicina-veterinaria","status":"publish","type":"page","link":"https:\/\/portal.unisepe.com.br\/ead\/medicina-veterinaria\/","title":{"rendered":"Medicina Veterin\u00e1ria"},"content":{"rendered":"<ul>\n<li style=\"text-align: right;\"><strong><a href=\"http:\/\/portal.unisepe.com.br\/ead\/medicina-veterinaria\/matriz-curricular\/\">Matriz Curricular<\/a><\/strong><\/li>\n<\/ul>\n<p style=\"text-align: justify;\"><strong>CONCEP\u00c7\u00c3O DO CURSO<\/strong><\/p>\n<p style=\"text-align: justify;\">Os princ\u00edpios estruturantes b\u00e1sicos do Curso de Medicina Veterin\u00e1ria da UNISEPE-EAD evidenciam a sua concep\u00e7\u00e3o em valores human\u00edsticos e \u00e9ticos, relev\u00e2ncia acad\u00eamica e atualidade cient\u00edfico-tecnol\u00f3gica, objetivando formar profissionais com capacidade de atuar em qualquer das atividades pr\u00f3prias aos setores profissionais do M\u00e9dico Veterin\u00e1rio, promovendo o desenvolvimento das organiza\u00e7\u00f5es e da sociedade, inserindo-se como cidad\u00e3o atuante do processo transformador da sociedade e compreendendo tamb\u00e9m o macro ambiente e as rela\u00e7\u00f5es nele existentes.<\/p>\n<p style=\"text-align: justify;\">A forma\u00e7\u00e3o acad\u00eamica generalista \u00e9 caracter\u00edstica prim\u00e1ria do curso de Medicina Veterin\u00e1ria, que procura instigar os acad\u00eamicos para todas as \u00e1reas de atua\u00e7\u00e3o, preparando-os para os desafios sociais e, principalmente, desenvolvendo e potencializando o esp\u00edrito cr\u00edtico, empreendedor e coletivo. A forma\u00e7\u00e3o human\u00edstica deve estar presente em todos os componentes curriculares, pois as atividades junto aos animais pressup\u00f5em a intera\u00e7\u00e3o com as pessoas, animais e o meio ambiente, al\u00e9m do respeito e compreens\u00e3o das diversidades.<\/p>\n<p style=\"text-align: justify;\">Para a consolida\u00e7\u00e3o desse perfil generalista, o curso busca capacitar profissionais qualificados para atuar nos diversos setores s\u00f3cio-econ\u00f4micos, tanto nos p\u00fablicos quanto privados, nas \u00e1reas de cl\u00ednica de animais de companhia, animais de produ\u00e7\u00e3o e animais silvestres, na produ\u00e7\u00e3o e inspe\u00e7\u00e3o de alimentos e produtos de origem animal, na ind\u00fastria de insumos, ra\u00e7\u00f5es e farmac\u00eautica veterin\u00e1ria, na \u00e1rea comercial veterin\u00e1ria, na conserva\u00e7\u00e3o e manejo de esp\u00e9cies silvestres, na prote\u00e7\u00e3o da sa\u00fade p\u00fablica, animal e ambiental.<\/p>\n<p style=\"text-align: justify;\">Neste contexto, o curso fundamenta-se em concep\u00e7\u00e3o cr\u00edtica acerca das rela\u00e7\u00f5es existentes entre educa\u00e7\u00e3o, sociedade e trabalho, para que possamos demonstrar que o processo de aquisi\u00e7\u00e3o de conhecimento \u00e9 compreendido como decorr\u00eancia da intera\u00e7\u00e3o do acad\u00eamico com o meio no qual est\u00e1 inserido, cabendo ao professor mediar o processo e articular dessa intera\u00e7\u00e3o atrav\u00e9s do ensino, pesquisa e extens\u00e3o. .<\/p>\n<p style=\"text-align: justify;\">Assim buscar\u00e1:<\/p>\n<ul style=\"text-align: justify;\">\n<li>Utilizar m\u00e9todos de ensino fundamentados nos princ\u00edpios da psicologia cognitiva, que privilegie a atividade e iniciativa dos acad\u00eamicos, al\u00e9m de propiciar o di\u00e1logo, respeitar os interesses e os diferentes est\u00e1gios do desenvolvimento cognitivo do acad\u00eamico.<\/li>\n<li>Utilizar uma abordagem que privilegie a sua dimens\u00e3o cr\u00edtica e criativa, permitindo estimular a busca pelo conhecimento das diversas \u00e1reas de atua\u00e7\u00e3o, a inser\u00e7\u00e3o social e respons\u00e1vel do profissional M\u00e9dico Veterin\u00e1rio e o fortalecimento do exerc\u00edcio da cidadania.<\/li>\n<li>Adotar procedimentos que visem a problematiza\u00e7\u00e3o dos assuntos tratados e a assimila\u00e7\u00e3o ativa dos conhecimentos, visando preparar o acad\u00eamico para um desempenho profissional adequado \u00e0s necessidades s\u00f3cio-econ\u00f4mico-culturais.<\/li>\n<li>Criar condi\u00e7\u00f5es para o desenvolvimento das capacidades de abstra\u00e7\u00e3o e reflex\u00e3o sobre as atividades propostas e realizadas, no sentido de criar no acad\u00eamico o processo de senso cr\u00edtico e anal\u00edtico com rela\u00e7\u00e3o \u00e0s demandas de toda ordem referentes \u00e0 atua\u00e7\u00e3o profissional do M\u00e9dico Veterin\u00e1rio.<\/li>\n<li>Orientar o acad\u00eamico no processo de aprender, a ter controle sobre sua capacidade de receber e processar informa\u00e7\u00f5es e de consolidar este cabedal de informa\u00e7\u00f5es, contextos e viv\u00eancias como ess\u00eancia estrutural de sua vida profissional.<\/li>\n<\/ul>\n<p style=\"text-align: justify;\"><span>\u00a0<\/span><\/p>\n<p style=\"text-align: justify;\"><strong>OBJETIVO GERAL<\/strong><\/p>\n<p style=\"text-align: justify;\">Formar bachar\u00e9is em Medicina Veterin\u00e1ria voltados para a plena inser\u00e7\u00e3o social e contextualiza\u00e7\u00e3o das necessidades organizacionais p\u00fablicas e privadas, comprometidos com as quest\u00f5es s\u00f3cio-econ\u00f4mico-culturais da atualidade e capazes de desenvolver um conjunto de habilidades e compet\u00eancias que o credenciem a intervir nos processos organizacionais, de maneira pro ativa e dentro dos princ\u00edpios \u00e9ticos, visando assegurar n\u00edveis de competitividade estrat\u00e9gica dentro de uma vis\u00e3o global e local de sua atividade como M\u00e9dico Veterin\u00e1rio.<\/p>\n<p style=\"text-align: justify;\"><strong>OBJETIVOS ESPEC\u00cdFICOS<\/strong><\/p>\n<ul style=\"text-align: justify;\">\n<li>Proporcionar aos acad\u00eamicos o necess\u00e1rio embasamento te\u00f3rico e pr\u00e1tico nos diversos campos da Medicina Veterin\u00e1ria;<\/li>\n<li>Promover a internaliza\u00e7\u00e3o de valores de responsabilidade social, justi\u00e7a e \u00e9tica profissional;<\/li>\n<li>Formar profissionais capacitados e empreendedores preparados para atuar nas diversas \u00e1reas dos variados tipos de empresas (p\u00fablica, privada e organiza\u00e7\u00e3o da sociedade civil) ou como profissionais aut\u00f4nomos, sendo agentes de prote\u00e7\u00e3o \u00e0 sa\u00fade p\u00fablica, animal e ambiental, de moderniza\u00e7\u00e3o e de responsabilidade social;<\/li>\n<li>Formar profissionais aptos a responder \u00e0s demandas da cidadania e do desenvolvimento econ\u00f4mico e cient\u00edfico a partir da \u00e1rea de Medicina Veterin\u00e1ria;<\/li>\n<li>Proporcionar aos M\u00e9dicos Veterin\u00e1rios a compreens\u00e3o da necessidade do cont\u00ednuo aperfei\u00e7oamento profissional.<\/li>\n<\/ul>\n","protected":false},"excerpt":{"rendered":"<p>Matriz Curricular CONCEP\u00c7\u00c3O DO CURSO Os princ\u00edpios estruturantes b\u00e1sicos do Curso de Medicina Veterin\u00e1ria da UNISEPE-EAD evidenciam a sua concep\u00e7\u00e3o em valores human\u00edsticos e \u00e9ticos, relev\u00e2ncia acad\u00eamica e atualidade cient\u00edfico-tecnol\u00f3gica, objetivando formar profissionais com capacidade de atuar em qualquer das atividades pr\u00f3prias aos setores profissionais do M\u00e9dico Veterin\u00e1rio, promovendo o<\/p>\n","protected":false},"author":1,"featured_media":0,"parent":0,"menu_order":0,"comment_status":"closed","ping_status":"closed","template":"templates\/template-curso_menu_vertical.php","meta":{"footnotes":""},"categories":[9],"tags":[15],"class_list":["post-1640","page","type-page","status-publish","hentry","category-semipresencial","tag-graduacao-ead-bacharelado"],"_links":{"self":[{"href":"https:\/\/portal.unisepe.com.br\/ead\/wp-json\/wp\/v2\/pages\/1640","targetHints":{"allow":["GET"]}}],"collection":[{"href":"https:\/\/portal.unisepe.com.br\/ead\/wp-json\/wp\/v2\/pages"}],"about":[{"href":"https:\/\/portal.unisepe.com.br\/ead\/wp-json\/wp\/v2\/types\/page"}],"author":[{"embeddable":true,"href":"https:\/\/portal.unisepe.com.br\/ead\/wp-json\/wp\/v2\/users\/1"}],"replies":[{"embeddable":true,"href":"https:\/\/portal.unisepe.com.br\/ead\/wp-json\/wp\/v2\/comments?post=1640"}],"version-history":[{"count":2,"href":"https:\/\/portal.unisepe.com.br\/ead\/wp-json\/wp\/v2\/pages\/1640\/revisions"}],"predecessor-version":[{"id":1657,"href":"https:\/\/portal.unisepe.com.br\/ead\/wp-json\/wp\/v2\/pages\/1640\/revisions\/1657"}],"wp:attachment":[{"href":"https:\/\/portal.unisepe.com.br\/ead\/wp-json\/wp\/v2\/media?parent=1640"}],"wp:term":[{"taxonomy":"category","embeddable":true,"href":"https:\/\/portal.unisepe.com.br\/ead\/wp-json\/wp\/v2\/categories?post=1640"},{"taxonomy":"post_tag","embeddable":true,"href":"https:\/\/portal.unisepe.com.br\/ead\/wp-json\/wp\/v2\/tags?post=1640"}],"curies":[{"name":"wp","href":"https:\/\/api.w.org\/{rel}","templated":true}]}}