{"id":1826,"date":"2025-09-08T12:00:09","date_gmt":"2025-09-08T15:00:09","guid":{"rendered":"https:\/\/portal.unisepe.com.br\/ead\/?page_id=1826"},"modified":"2025-09-17T09:28:05","modified_gmt":"2025-09-17T12:28:05","slug":"terapia-ocupacional","status":"publish","type":"page","link":"https:\/\/portal.unisepe.com.br\/ead\/terapia-ocupacional\/","title":{"rendered":"Terapia Ocupacional"},"content":{"rendered":"<ul>\n<li style=\"text-align: right;\"><strong><a href=\"https:\/\/portal.unisepe.com.br\/ead\/terapia-ocupacional\/matriz-curricular\/\">Matriz Curricular<\/a><\/strong><\/li>\n<\/ul>\n<p style=\"text-align: justify;\"><strong>Objetivos:<\/strong><\/p>\n<p style=\"text-align: justify;\">O objetivo geral do curso de Bacharelado em Terapia Ocupacional do\u00a0Centro Universit\u00e1rio do Vale do Ribeira\u00a0(UNIVR) \u00e9 formar terapeutas ocupacionais com capacidade generalista direcionada as interven\u00e7\u00f5es profissionais junto \u00e0 comunidade, assim como a integra\u00e7\u00e3o de saberes para atua\u00e7\u00e3o em todos os n\u00edveis de aten\u00e7\u00e3o \u00e0 sa\u00fade.<\/p>\n<p style=\"text-align: justify;\"><strong>Perfil do egresso<\/strong><\/p>\n<p style=\"text-align: justify;\">O egresso do curso de Terapia Ocupacional da UNIVR deve ter um perfil, com forma\u00e7\u00e3o generalista, humanista, cr\u00edtica e reflexiva. Ainda, ser\u00e1 capacitado ao exerc\u00edcio profissional em todas as suas dimens\u00f5es, pautado em princ\u00edpios \u00e9ticos, no campo cl\u00ednico-terap\u00eautico e preventivo das pr\u00e1ticas de Terapia Ocupacional. O profissional ser\u00e1 munido dos fundamentos hist\u00f3ricos, filos\u00f3ficos e metodol\u00f3gicos da Terapia Ocupacional e seus diferentes modelos de interven\u00e7\u00e3o e atuar\u00e1 com base no rigor cient\u00edfico e intelectual.<\/p>\n<p style=\"text-align: justify;\"><strong>\u00a0<\/strong><\/p>\n<p style=\"text-align: justify;\"><strong>Est\u00e1gio curricular supervisionado<\/strong><\/p>\n<p style=\"text-align: justify;\">O Est\u00e1gio Curricular Supervisionado \u00e9 um componente inerente \u00e0 forma\u00e7\u00e3o acad\u00eamica e profissional do aluno. Faz parte do processo de ensinar e aprender, da articula\u00e7\u00e3o teoria e pr\u00e1tica, bem como, da intera\u00e7\u00e3o entre a institui\u00e7\u00e3o educativa e os estabelecimentos de sa\u00fade. Portanto, a import\u00e2ncia do est\u00e1gio envolve a integra\u00e7\u00e3o do aluno com o mercado de trabalho ou o aprimoramento de habilidades. Trata-se tamb\u00e9m de um elemento fundamental na forma\u00e7\u00e3o como pessoa e no profissional que deseja ser.<\/p>\n<p style=\"text-align: justify;\">O est\u00e1gio curricular do curso de Terapia Ocupacional da UNIVR, est\u00e1 distribu\u00eddo em todos os n\u00edveis de aten\u00e7\u00e3o \u00e0 sa\u00fade, com \u00eanfase na aten\u00e7\u00e3o b\u00e1sica e na assist\u00eancia direcionada aos cuidados com o corpo e a sa\u00fade.<\/p>\n<p style=\"text-align: justify;\">O est\u00e1gio curricular do curso de Terapia Ocupacional da UNIVR, contempla <strong>20%<\/strong> da carga hor\u00e1ria total do curso, o que totalizam <strong>640 horas<\/strong> de atividades eminentemente pr\u00e1ticas. Os est\u00e1gios s\u00e3o realizados sob supervis\u00e3o de docentes da UNIVR e preceptoria de profissionais dos servi\u00e7os de sa\u00fade da pr\u00f3pria institui\u00e7\u00e3o (Cl\u00ednica Escola) e de institui\u00e7\u00f5es conveniadas com a UNIVR.<\/p>\n<p style=\"text-align: justify;\"><strong>Compet\u00eancias e Habilidades<\/strong><\/p>\n<p style=\"text-align: justify;\">O Terapeuta Ocupacional formado pelo\u00a0Centro Universit\u00e1rio do Vale do Ribeira\u00a0(UNIVR), dever\u00e1 possuir os conhecimentos requeridos para o exerc\u00edcio das seguintes compet\u00eancias e habilidades gerais:\u00a0<strong><em>Aten\u00e7\u00e3o \u00e0 sa\u00fade<\/em><\/strong>, T<strong><em>omada de decis\u00f5es<\/em><\/strong>,<strong><em> Comunica\u00e7\u00e3o<\/em><\/strong>;\u00a0<strong><em>Lideran\u00e7a<\/em><\/strong>;\u00a0<strong><em>Administra\u00e7\u00e3o e gerenciamento e Educa\u00e7\u00e3o permanente<\/em><\/strong>:<\/p>\n<p style=\"text-align: justify;\"><strong>Informa\u00e7\u00f5es gerais:<\/strong><\/p>\n<p style=\"text-align: justify;\"><strong>Modalidade:\u00a0<\/strong>Bacharelado<\/p>\n<p style=\"text-align: justify;\"><strong>Dura\u00e7\u00e3o:\u00a0<\/strong>8 Semestres (quatro anos)<\/p>\n<p style=\"text-align: justify;\"><strong>Per\u00edodo:\u00a0<\/strong>Noturno<br \/>\n<strong>Entrada:\u00a0<\/strong>Anual<\/p>\n<p style=\"text-align: justify;\"><strong>Regime Escolar:<\/strong> Semestral<\/p>\n<p style=\"text-align: justify;\"><strong>N\u00famero de vagas:\u00a0<\/strong>360<\/p>\n","protected":false},"excerpt":{"rendered":"<p>Matriz Curricular Objetivos: O objetivo geral do curso de Bacharelado em Terapia Ocupacional do\u00a0Centro Universit\u00e1rio do Vale do Ribeira\u00a0(UNIVR) \u00e9 formar terapeutas ocupacionais com capacidade generalista direcionada as interven\u00e7\u00f5es profissionais junto \u00e0 comunidade, assim como a integra\u00e7\u00e3o de saberes para atua\u00e7\u00e3o em todos os n\u00edveis de aten\u00e7\u00e3o \u00e0 sa\u00fade. Perfil<\/p>\n","protected":false},"author":1,"featured_media":0,"parent":0,"menu_order":0,"comment_status":"closed","ping_status":"closed","template":"templates\/template-curso_menu_vertical.php","meta":{"footnotes":""},"categories":[9],"tags":[15],"class_list":["post-1826","page","type-page","status-publish","hentry","category-semipresencial","tag-graduacao-ead-bacharelado"],"_links":{"self":[{"href":"https:\/\/portal.unisepe.com.br\/ead\/wp-json\/wp\/v2\/pages\/1826","targetHints":{"allow":["GET"]}}],"collection":[{"href":"https:\/\/portal.unisepe.com.br\/ead\/wp-json\/wp\/v2\/pages"}],"about":[{"href":"https:\/\/portal.unisepe.com.br\/ead\/wp-json\/wp\/v2\/types\/page"}],"author":[{"embeddable":true,"href":"https:\/\/portal.unisepe.com.br\/ead\/wp-json\/wp\/v2\/users\/1"}],"replies":[{"embeddable":true,"href":"https:\/\/portal.unisepe.com.br\/ead\/wp-json\/wp\/v2\/comments?post=1826"}],"version-history":[{"count":3,"href":"https:\/\/portal.unisepe.com.br\/ead\/wp-json\/wp\/v2\/pages\/1826\/revisions"}],"predecessor-version":[{"id":1833,"href":"https:\/\/portal.unisepe.com.br\/ead\/wp-json\/wp\/v2\/pages\/1826\/revisions\/1833"}],"wp:attachment":[{"href":"https:\/\/portal.unisepe.com.br\/ead\/wp-json\/wp\/v2\/media?parent=1826"}],"wp:term":[{"taxonomy":"category","embeddable":true,"href":"https:\/\/portal.unisepe.com.br\/ead\/wp-json\/wp\/v2\/categories?post=1826"},{"taxonomy":"post_tag","embeddable":true,"href":"https:\/\/portal.unisepe.com.br\/ead\/wp-json\/wp\/v2\/tags?post=1826"}],"curies":[{"name":"wp","href":"https:\/\/api.w.org\/{rel}","templated":true}]}}