{"id":33,"date":"2018-04-18T08:36:32","date_gmt":"2018-04-18T11:36:32","guid":{"rendered":"http:\/\/ead.site.unisep.com.br\/?page_id=33"},"modified":"2019-09-25T09:19:53","modified_gmt":"2019-09-25T12:19:53","slug":"metodologia","status":"publish","type":"page","link":"https:\/\/portal.unisepe.com.br\/ead\/metodologia\/","title":{"rendered":"Metodologia"},"content":{"rendered":"<p style=\"text-align: justify;\">Na educa\u00e7\u00e3o convencional \u00e9 observado que a metodologia instrucionista vigora dentre os prop\u00f3sitos de ensino e aprendizagem. N\u00e3o \u00e9 diferente na modalidade a dist\u00e2ncia quando se observa predomin\u00e2ncia nos recursos instrucionais em sobreposi\u00e7\u00e3o ao processo de constru\u00e7\u00e3o do conhecimento. As plataformas de aprendizagem s\u00e3o mais frequentemente utilizadas como recurso para reposit\u00f3rio de conte\u00fados, bastando ao Acad\u00eamico baixar e individualmente estudar<\/p>\n<p style=\"text-align: justify;\">O processo de ensino-aprendizagem fundamenta-se nos princ\u00edpios da pedagogia interativa, de natureza democr\u00e1tica e pluralista, com um eixo metodol\u00f3gico firmemente estabelecido e que prioriza metodologias ativas de ensino-aprendizagem.<\/p>\n","protected":false},"excerpt":{"rendered":"<p>Na educa\u00e7\u00e3o convencional \u00e9 observado que a metodologia instrucionista vigora dentre os prop\u00f3sitos de ensino e aprendizagem. N\u00e3o \u00e9 diferente na modalidade a dist\u00e2ncia quando se observa predomin\u00e2ncia nos recursos instrucionais em sobreposi\u00e7\u00e3o ao processo de constru\u00e7\u00e3o do conhecimento. As plataformas de aprendizagem s\u00e3o mais frequentemente utilizadas como recurso para<\/p>\n","protected":false},"author":1,"featured_media":0,"parent":0,"menu_order":0,"comment_status":"closed","ping_status":"closed","template":"","meta":{"footnotes":""},"categories":[],"tags":[],"class_list":["post-33","page","type-page","status-publish","hentry"],"_links":{"self":[{"href":"https:\/\/portal.unisepe.com.br\/ead\/wp-json\/wp\/v2\/pages\/33","targetHints":{"allow":["GET"]}}],"collection":[{"href":"https:\/\/portal.unisepe.com.br\/ead\/wp-json\/wp\/v2\/pages"}],"about":[{"href":"https:\/\/portal.unisepe.com.br\/ead\/wp-json\/wp\/v2\/types\/page"}],"author":[{"embeddable":true,"href":"https:\/\/portal.unisepe.com.br\/ead\/wp-json\/wp\/v2\/users\/1"}],"replies":[{"embeddable":true,"href":"https:\/\/portal.unisepe.com.br\/ead\/wp-json\/wp\/v2\/comments?post=33"}],"version-history":[{"count":3,"href":"https:\/\/portal.unisepe.com.br\/ead\/wp-json\/wp\/v2\/pages\/33\/revisions"}],"predecessor-version":[{"id":825,"href":"https:\/\/portal.unisepe.com.br\/ead\/wp-json\/wp\/v2\/pages\/33\/revisions\/825"}],"wp:attachment":[{"href":"https:\/\/portal.unisepe.com.br\/ead\/wp-json\/wp\/v2\/media?parent=33"}],"wp:term":[{"taxonomy":"category","embeddable":true,"href":"https:\/\/portal.unisepe.com.br\/ead\/wp-json\/wp\/v2\/categories?post=33"},{"taxonomy":"post_tag","embeddable":true,"href":"https:\/\/portal.unisepe.com.br\/ead\/wp-json\/wp\/v2\/tags?post=33"}],"curies":[{"name":"wp","href":"https:\/\/api.w.org\/{rel}","templated":true}]}}