{"id":406,"date":"2018-12-04T11:10:25","date_gmt":"2018-12-04T13:10:25","guid":{"rendered":"http:\/\/portal.unisepe.com.br\/ead\/?page_id=406"},"modified":"2021-02-01T16:33:52","modified_gmt":"2021-02-01T19:33:52","slug":"psicopedagogia","status":"publish","type":"page","link":"https:\/\/portal.unisepe.com.br\/ead\/pos-graduacao-ead\/educacao\/psicopedagogia\/","title":{"rendered":"Psicopedagogia"},"content":{"rendered":"<ul>\n<li style=\"text-align: right;\"><strong><a href=\"https:\/\/portal.unisepe.com.br\/ead\/wp-content\/uploads\/sites\/10000\/2021\/02\/P\u00f3s-Gradua\u00e7\u00e3o-em-Psicopedagogia.pdf\" target=\"_blank\" rel=\"noopener noreferrer\">Matriz Curricular<\/a><\/strong><\/li>\n<\/ul>\n<p><strong>CONCEP\u00c7\u00c3O DO CURSO<\/strong><\/p>\n<p><strong>\u00a0<\/strong>O Programa de P\u00f3s-Gradua\u00e7\u00e3o da UNISEPE-EaD foi concebido institucionalmente sob a forma de programas que visam \u00e0 capacita\u00e7\u00e3o de docentes, a forma\u00e7\u00e3o de profissionais e de pesquisadores, al\u00e9m da qualifica\u00e7\u00e3o de recursos humanos para atua\u00e7\u00e3o regional, em atividades diretas no mercado de trabalho.<\/p>\n<p>Desse modo, o curso de P\u00f3s-Gradua\u00e7\u00e3o Lato Sensu em Psicopedagogia, foi elaborado para oportunizar aos profissionais melhores condi\u00e7\u00f5es de trabalho, pesquisa e a\u00e7\u00f5es. A valoriza\u00e7\u00e3o profissional no mercado de trabalho depende da viv\u00eancia te\u00f3rico-pr\u00e1tico, desenvolvida no conjunto Ensino\/Sociedade.<\/p>\n<p>No entanto, em virtude de defasagens nas grades curriculares dos Cursos de Gradua\u00e7\u00e3o e da dissocia\u00e7\u00e3o entre teoria e pr\u00e1tica, torna-se essencial que os profissionais de diversas \u00e1reas se especializem.<\/p>\n<p>&nbsp;<\/p>\n<p><strong>OBJETIVO GERAL<\/strong><\/p>\n<p>Enquanto especializa\u00e7\u00e3o em Psicopedagogia o curso procura instrumentalizar o profissional da educa\u00e7\u00e3o e da sa\u00fade para interven\u00e7\u00e3o cl\u00ednica e institucional, oferecendo disciplinas que apontam para a melhor media\u00e7\u00e3o no processo de ensino-aprendizagem, compreendendo as condi\u00e7\u00f5es do aprendiz e criando situa\u00e7\u00f5es favor\u00e1veis respaldadas em fundamentos te\u00f3ricos.<\/p>\n<p>&nbsp;<\/p>\n<p><strong>OBJETIVOS ESPEC\u00cdFICOS<\/strong><\/p>\n<p>&#8211;\u00a0\u00a0\u00a0\u00a0 Planejar e acompanhar o processo de ensino\/aprendizagem;<\/p>\n<p>&#8211;\u00a0\u00a0\u00a0\u00a0 Diagnosticar as dificuldades de aprendizagem;\u00b7<\/p>\n<ul>\n<li>Atuar de forma preventiva junto aos processos de aquisi\u00e7\u00e3o do conhecimento e seus desvios;<\/li>\n<li>Desenvolver aprofundamento te\u00f3rico-metodol\u00f3gico que possibilite ao profissional realizar pesquisas no campo da psicopedagogia e doc\u00eancia das disciplinas psicopedag\u00f3gicas;<\/li>\n<li>Propiciar viv\u00eancias que permitam ao profissional em forma\u00e7\u00e3o conscientizar-se de sua modalidade de aprendizagem.<\/li>\n<li>Fornecer subs\u00eddios te\u00f3rico-pr\u00e1ticos para um aprofundamento na forma\u00e7\u00e3o profissional, como psicopedagogo;<\/li>\n<li>Especializar \u2013se em psicopedagogia, tendo como foco o elemento \u201censino\u201d, com a media\u00e7\u00e3o da pesquisa e com os estudos de casos possa levar os alunos atingirem a aprendizagem.<\/li>\n<li>Informar e refletir sobre o processo de aprendizagem em uma perspectiva psicopedag\u00f3gica;<\/li>\n<li>Fornecer subs\u00eddios para: identificar dificuldades de aprendizagem nas diferentes \u00e1reas de conhecimento.<\/li>\n<li>Instrumentar para interven\u00e7\u00e3o no processo de aprendizagem, tanto em car\u00e1ter preventivo quanto remediativo.<\/li>\n<\/ul>\n","protected":false},"excerpt":{"rendered":"<p>Matriz Curricular CONCEP\u00c7\u00c3O DO CURSO \u00a0O Programa de P\u00f3s-Gradua\u00e7\u00e3o da UNISEPE-EaD foi concebido institucionalmente sob a forma de programas que visam \u00e0 capacita\u00e7\u00e3o de docentes, a forma\u00e7\u00e3o de profissionais e de pesquisadores, al\u00e9m da qualifica\u00e7\u00e3o de recursos humanos para atua\u00e7\u00e3o regional, em atividades diretas no mercado de trabalho. Desse modo,<\/p>\n","protected":false},"author":1,"featured_media":766,"parent":391,"menu_order":0,"comment_status":"closed","ping_status":"closed","template":"templates\/template-curso_menu_vertical.php","meta":{"footnotes":""},"categories":[10],"tags":[12],"class_list":["post-406","page","type-page","status-publish","has-post-thumbnail","hentry","category-pos-graduacao-ead","tag-pos-ead-educacao"],"_links":{"self":[{"href":"https:\/\/portal.unisepe.com.br\/ead\/wp-json\/wp\/v2\/pages\/406","targetHints":{"allow":["GET"]}}],"collection":[{"href":"https:\/\/portal.unisepe.com.br\/ead\/wp-json\/wp\/v2\/pages"}],"about":[{"href":"https:\/\/portal.unisepe.com.br\/ead\/wp-json\/wp\/v2\/types\/page"}],"author":[{"embeddable":true,"href":"https:\/\/portal.unisepe.com.br\/ead\/wp-json\/wp\/v2\/users\/1"}],"replies":[{"embeddable":true,"href":"https:\/\/portal.unisepe.com.br\/ead\/wp-json\/wp\/v2\/comments?post=406"}],"version-history":[{"count":5,"href":"https:\/\/portal.unisepe.com.br\/ead\/wp-json\/wp\/v2\/pages\/406\/revisions"}],"predecessor-version":[{"id":1402,"href":"https:\/\/portal.unisepe.com.br\/ead\/wp-json\/wp\/v2\/pages\/406\/revisions\/1402"}],"up":[{"embeddable":true,"href":"https:\/\/portal.unisepe.com.br\/ead\/wp-json\/wp\/v2\/pages\/391"}],"wp:featuredmedia":[{"embeddable":true,"href":"https:\/\/portal.unisepe.com.br\/ead\/wp-json\/wp\/v2\/media\/766"}],"wp:attachment":[{"href":"https:\/\/portal.unisepe.com.br\/ead\/wp-json\/wp\/v2\/media?parent=406"}],"wp:term":[{"taxonomy":"category","embeddable":true,"href":"https:\/\/portal.unisepe.com.br\/ead\/wp-json\/wp\/v2\/categories?post=406"},{"taxonomy":"post_tag","embeddable":true,"href":"https:\/\/portal.unisepe.com.br\/ead\/wp-json\/wp\/v2\/tags?post=406"}],"curies":[{"name":"wp","href":"https:\/\/api.w.org\/{rel}","templated":true}]}}