{"id":410,"date":"2018-12-04T11:13:22","date_gmt":"2018-12-04T13:13:22","guid":{"rendered":"http:\/\/portal.unisepe.com.br\/ead\/?page_id=410"},"modified":"2021-02-01T16:35:30","modified_gmt":"2021-02-01T19:35:30","slug":"neuropsicopedagogia","status":"publish","type":"page","link":"https:\/\/portal.unisepe.com.br\/ead\/pos-graduacao-ead\/educacao\/neuropsicopedagogia\/","title":{"rendered":"Neuropsicopedagogia"},"content":{"rendered":"<ul>\n<li style=\"text-align: right;\"><strong><a href=\"https:\/\/portal.unisepe.com.br\/ead\/wp-content\/uploads\/sites\/10000\/2021\/02\/P\u00f3s-Gradua\u00e7\u00e3o-em-Neuropsicopedagogia.pdf\" target=\"_blank\" rel=\"noopener noreferrer\">Matriz Curricular<\/a><\/strong><\/li>\n<\/ul>\n<p><strong>CONCEP\u00c7\u00c3O DO CURSO<\/strong><\/p>\n<p>&nbsp;<\/p>\n<p>Foi-se o tempo em que a gradua\u00e7\u00e3o bastava para conquistar um bom emprego. Hoje em dia, os selecionadores d\u00e3o prefer\u00eancia a quem possui p\u00f3s-gradua\u00e7\u00e3o, de prefer\u00eancia voltada para a \u00e1rea da vaga oferecida.<\/p>\n<p>O Programa de P\u00f3s-Gradua\u00e7\u00e3o da UNISEPE-EaD foi concebido institucionalmente sob a forma de programas que visam \u00e0 capacita\u00e7\u00e3o de docentes, a forma\u00e7\u00e3o de profissionais e de pesquisadores, al\u00e9m da qualifica\u00e7\u00e3o de recursos humanos para atua\u00e7\u00e3o regional, em atividades diretas no mercado de trabalho.<\/p>\n<p>O especialista em Neuropsicopedagogia \u00e9 um profissional que atuar\u00e1 em diferentes contextos sociais, buscando compreender o processo cognitivo do sujeito desde os primeiros anos de vida, seus impasses e as implica\u00e7\u00f5es na aprendizagem.<\/p>\n<p>&nbsp;<\/p>\n<p><strong>OBJETIVO GERAL<\/strong><\/p>\n<p>Proporcionar uma forma\u00e7\u00e3o ampla que passa pelos conceitos de ci\u00eancias neurol\u00f3gicas, psicopedagogia, educa\u00e7\u00e3o especial, defici\u00eancia intelectual, transtornos globais do desenvolvimento bem como apresentar recursos e t\u00e9cnicas para que os profissionais estejam aptos a lidar com o desenvolvimento, comportamento e a aprendizagem.<\/p>\n<p>&nbsp;<\/p>\n<p><strong>OBJETIVOS ESPEC\u00cdFICOS<\/strong><\/p>\n<ul>\n<li>Possibilitar ao profissional realizar avalia\u00e7\u00f5es de processos anormais e normais na estrutura, na organiza\u00e7\u00e3o e no funcionamento cognitivo do sistema nervoso central, assim como posterior planejamento e a\u00e7\u00e3o interventiva.<\/li>\n<li>Capacitar os profissionais interessados em pr\u00e1ticas educacionais que levem em conta conhecimentos de vanguarda das neuroci\u00eancias, como Neuropedagogia, Neurologia, Neuropsicologia e Psicologia Cognitiva, potencializando o processo de ensino-aprendizagem das pessoas com quem trabalham.<\/li>\n<li>Aprimorar conceitos e m\u00e9todos de ensino, estimula\u00e7\u00e3o e avalia\u00e7\u00e3o cognitivas atualmente aplicados pelo profissional que concebe o aprendiz de forma hol\u00edstica, compreendendo os aspectos fisiol\u00f3gicos, afetivos, socioculturais e psicol\u00f3gicos envolvidos em seus processos de aprendizagem.<\/li>\n<\/ul>\n","protected":false},"excerpt":{"rendered":"<p>Matriz Curricular CONCEP\u00c7\u00c3O DO CURSO &nbsp; Foi-se o tempo em que a gradua\u00e7\u00e3o bastava para conquistar um bom emprego. Hoje em dia, os selecionadores d\u00e3o prefer\u00eancia a quem possui p\u00f3s-gradua\u00e7\u00e3o, de prefer\u00eancia voltada para a \u00e1rea da vaga oferecida. O Programa de P\u00f3s-Gradua\u00e7\u00e3o da UNISEPE-EaD foi concebido institucionalmente sob a<\/p>\n","protected":false},"author":1,"featured_media":771,"parent":391,"menu_order":0,"comment_status":"closed","ping_status":"closed","template":"templates\/template-curso_menu_vertical.php","meta":{"footnotes":""},"categories":[10],"tags":[12],"class_list":["post-410","page","type-page","status-publish","has-post-thumbnail","hentry","category-pos-graduacao-ead","tag-pos-ead-educacao"],"_links":{"self":[{"href":"https:\/\/portal.unisepe.com.br\/ead\/wp-json\/wp\/v2\/pages\/410","targetHints":{"allow":["GET"]}}],"collection":[{"href":"https:\/\/portal.unisepe.com.br\/ead\/wp-json\/wp\/v2\/pages"}],"about":[{"href":"https:\/\/portal.unisepe.com.br\/ead\/wp-json\/wp\/v2\/types\/page"}],"author":[{"embeddable":true,"href":"https:\/\/portal.unisepe.com.br\/ead\/wp-json\/wp\/v2\/users\/1"}],"replies":[{"embeddable":true,"href":"https:\/\/portal.unisepe.com.br\/ead\/wp-json\/wp\/v2\/comments?post=410"}],"version-history":[{"count":7,"href":"https:\/\/portal.unisepe.com.br\/ead\/wp-json\/wp\/v2\/pages\/410\/revisions"}],"predecessor-version":[{"id":1404,"href":"https:\/\/portal.unisepe.com.br\/ead\/wp-json\/wp\/v2\/pages\/410\/revisions\/1404"}],"up":[{"embeddable":true,"href":"https:\/\/portal.unisepe.com.br\/ead\/wp-json\/wp\/v2\/pages\/391"}],"wp:featuredmedia":[{"embeddable":true,"href":"https:\/\/portal.unisepe.com.br\/ead\/wp-json\/wp\/v2\/media\/771"}],"wp:attachment":[{"href":"https:\/\/portal.unisepe.com.br\/ead\/wp-json\/wp\/v2\/media?parent=410"}],"wp:term":[{"taxonomy":"category","embeddable":true,"href":"https:\/\/portal.unisepe.com.br\/ead\/wp-json\/wp\/v2\/categories?post=410"},{"taxonomy":"post_tag","embeddable":true,"href":"https:\/\/portal.unisepe.com.br\/ead\/wp-json\/wp\/v2\/tags?post=410"}],"curies":[{"name":"wp","href":"https:\/\/api.w.org\/{rel}","templated":true}]}}