{"id":416,"date":"2018-12-04T11:19:10","date_gmt":"2018-12-04T13:19:10","guid":{"rendered":"http:\/\/portal.unisepe.com.br\/ead\/?page_id=416"},"modified":"2021-02-01T16:39:30","modified_gmt":"2021-02-01T19:39:30","slug":"docencia-no-ensino-superior","status":"publish","type":"page","link":"https:\/\/portal.unisepe.com.br\/ead\/pos-graduacao-ead\/educacao\/docencia-no-ensino-superior\/","title":{"rendered":"Doc\u00eancia no ensino superior"},"content":{"rendered":"<ul>\n<li style=\"text-align: right;\"><strong><a href=\"https:\/\/portal.unisepe.com.br\/ead\/wp-content\/uploads\/sites\/10000\/2021\/02\/P\u00f3s-Gradua\u00e7\u00e3o-em-Doc\u00eancia-do-Ensino-Superior.pdf\" target=\"_blank\" rel=\"noopener noreferrer\">Matriz Curricular<\/a><\/strong><\/li>\n<\/ul>\n<p><strong>CONCEP\u00c7\u00c3O DO CURSO<\/strong><\/p>\n<p>O Programa de P\u00f3s-Gradua\u00e7\u00e3o em Doc\u00eancia no Ensino Superior do UNISEPE aprofunda a forma\u00e7\u00e3o docente, a partir da reflex\u00e3o cr\u00edtica sobre os desafios da educa\u00e7\u00e3o brasileira, principalmente nas atividades interdisciplinares no exerc\u00edcio da profiss\u00e3o.<\/p>\n<p>Com um enfoque dial\u00f3gico, a especializa\u00e7\u00e3o procura discutir em seus encontros os mais variados aspectos que significam a a\u00e7\u00e3o docente no Ensino Superior. S\u00e3o debatidas ainda as abordagens did\u00e1ticas para o trabalho dos professores universit\u00e1rios, os fundamentos e a evolu\u00e7\u00e3o do Ensino Superior brasileiro e as quest\u00f5es relacionadas \u00e0 pesquisa cient\u00edfica no campo dos profissionais docentes.<\/p>\n<p>&nbsp;<\/p>\n<p><strong>OBJETIVO GERAL<\/strong><\/p>\n<p>Habilitar os profissionais de diferentes \u00e1reas em doc\u00eancia do ensino superior, oferecendo um espa\u00e7o para a reflex\u00e3o cr\u00edtica sobre o ensino e a pesquisa na \u00e1rea da educa\u00e7\u00e3o.<\/p>\n<p>&nbsp;<\/p>\n<p><strong>OBJETIVOS ESPEC\u00cdFICOS<\/strong><\/p>\n<ul>\n<li>Oferecer instru\u00e7\u00e3o did\u00e1tica a profissionais da educa\u00e7\u00e3o e de outras \u00e1reas do conhecimento para atua\u00e7\u00e3o e forma\u00e7\u00e3o docente no ensino superior.<\/li>\n<li>Promover a forma\u00e7\u00e3o continuada do profissional da educa\u00e7\u00e3o para o exerc\u00edcio da doc\u00eancia no ensino superior nas diversas \u00e1reas da educa\u00e7\u00e3o.<\/li>\n<li>Fornecer conhecimentos e reflex\u00f5es que possibilitem a compreens\u00e3o dos aspectos did\u00e1ticos e metodol\u00f3gicos nas diversas dimens\u00f5es do exerc\u00edcio de preparar, desenvolver e atuar em sala de aula universit\u00e1ria.<\/li>\n<li>Formar profissionais possuidores de uma vis\u00e3o cr\u00edtica hist\u00f3rico-social, capazes de analisar os problemas postos pela pr\u00e1tica e exercer uma atividade pedag\u00f3gica de invers\u00e3o na forma\u00e7\u00e3o continuada de professores;<\/li>\n<li>Desenvolver a pr\u00e1tica da pesquisa cient\u00edfica e do sistema de avalia\u00e7\u00e3o nas suas diferentes formas.<\/li>\n<\/ul>\n","protected":false},"excerpt":{"rendered":"<p>Matriz Curricular CONCEP\u00c7\u00c3O DO CURSO O Programa de P\u00f3s-Gradua\u00e7\u00e3o em Doc\u00eancia no Ensino Superior do UNISEPE aprofunda a forma\u00e7\u00e3o docente, a partir da reflex\u00e3o cr\u00edtica sobre os desafios da educa\u00e7\u00e3o brasileira, principalmente nas atividades interdisciplinares no exerc\u00edcio da profiss\u00e3o. Com um enfoque dial\u00f3gico, a especializa\u00e7\u00e3o procura discutir em seus encontros<\/p>\n","protected":false},"author":1,"featured_media":767,"parent":391,"menu_order":0,"comment_status":"closed","ping_status":"closed","template":"templates\/template-curso_menu_vertical.php","meta":{"footnotes":""},"categories":[10],"tags":[12],"class_list":["post-416","page","type-page","status-publish","has-post-thumbnail","hentry","category-pos-graduacao-ead","tag-pos-ead-educacao"],"_links":{"self":[{"href":"https:\/\/portal.unisepe.com.br\/ead\/wp-json\/wp\/v2\/pages\/416","targetHints":{"allow":["GET"]}}],"collection":[{"href":"https:\/\/portal.unisepe.com.br\/ead\/wp-json\/wp\/v2\/pages"}],"about":[{"href":"https:\/\/portal.unisepe.com.br\/ead\/wp-json\/wp\/v2\/types\/page"}],"author":[{"embeddable":true,"href":"https:\/\/portal.unisepe.com.br\/ead\/wp-json\/wp\/v2\/users\/1"}],"replies":[{"embeddable":true,"href":"https:\/\/portal.unisepe.com.br\/ead\/wp-json\/wp\/v2\/comments?post=416"}],"version-history":[{"count":12,"href":"https:\/\/portal.unisepe.com.br\/ead\/wp-json\/wp\/v2\/pages\/416\/revisions"}],"predecessor-version":[{"id":1412,"href":"https:\/\/portal.unisepe.com.br\/ead\/wp-json\/wp\/v2\/pages\/416\/revisions\/1412"}],"up":[{"embeddable":true,"href":"https:\/\/portal.unisepe.com.br\/ead\/wp-json\/wp\/v2\/pages\/391"}],"wp:featuredmedia":[{"embeddable":true,"href":"https:\/\/portal.unisepe.com.br\/ead\/wp-json\/wp\/v2\/media\/767"}],"wp:attachment":[{"href":"https:\/\/portal.unisepe.com.br\/ead\/wp-json\/wp\/v2\/media?parent=416"}],"wp:term":[{"taxonomy":"category","embeddable":true,"href":"https:\/\/portal.unisepe.com.br\/ead\/wp-json\/wp\/v2\/categories?post=416"},{"taxonomy":"post_tag","embeddable":true,"href":"https:\/\/portal.unisepe.com.br\/ead\/wp-json\/wp\/v2\/tags?post=416"}],"curies":[{"name":"wp","href":"https:\/\/api.w.org\/{rel}","templated":true}]}}