{"id":419,"date":"2018-12-04T11:21:36","date_gmt":"2018-12-04T13:21:36","guid":{"rendered":"http:\/\/portal.unisepe.com.br\/ead\/?page_id=419"},"modified":"2021-02-01T16:36:32","modified_gmt":"2021-02-01T19:36:32","slug":"educacao-infantil-e-anos-iniciais","status":"publish","type":"page","link":"https:\/\/portal.unisepe.com.br\/ead\/pos-graduacao-ead\/educacao\/educacao-infantil-e-anos-iniciais\/","title":{"rendered":"Educa\u00e7\u00e3o infantil e anos iniciais"},"content":{"rendered":"<ul>\n<li style=\"text-align: right;\"><strong><a href=\"https:\/\/portal.unisepe.com.br\/ead\/wp-content\/uploads\/sites\/10000\/2021\/02\/P\u00f3s-Gradua\u00e7\u00e3o-em-Educa\u00e7\u00e3o-Infantil-e-Anos-Iniciais.pdf\" target=\"_blank\" rel=\"noopener noreferrer\">Matriz Curricular<\/a><\/strong><\/li>\n<\/ul>\n<p><strong>CONCEP\u00c7\u00c3O DO CURSO<\/strong><\/p>\n<p>A forma\u00e7\u00e3o de profissionais na \u00e1rea da Educa\u00e7\u00e3o Infantil e Anos Iniciais do Ensino Fundamental fazem-se necess\u00e1ria frente \u00e0s exig\u00eancias do nosso tempo e dos desafios cotidianos da escola. Por isso, a qualifica\u00e7\u00e3o desse profissional atrav\u00e9s do desenvolvimento de compet\u00eancias te\u00f3rico-metodol\u00f3gicas, favorecer\u00e1 maior compreens\u00e3o dos saberes e das viv\u00eancias demandados pela crian\u00e7a, considerando as particularidades da educa\u00e7\u00e3o infantil e anos iniciais do ensino fundamental.<\/p>\n<p>&nbsp;<\/p>\n<p><strong>OBJETIVO GERAL<\/strong><\/p>\n<p>O objetivo principal do curso \u00e9 propiciar aos estudantes atualiza\u00e7\u00e3o e aprofundamento de conte\u00fados relacionados ao processo de ensino e aprendizagem na educa\u00e7\u00e3o infantil e anos iniciais, bem como aspectos relacionados \u00e0 gest\u00e3o, curr\u00edculo, projetos pedag\u00f3gicos, arte e ludicidade na educa\u00e7\u00e3o.<\/p>\n<p><strong>\u00a0<\/strong><\/p>\n<p><strong>OBJETIVOS ESPEC\u00cdFICOS<\/strong><\/p>\n<ul>\n<li>Possibilitar o desenvolvimento de habilidades e compet\u00eancias para pensar e vivenciar o processo de ensino e aprendizagem na educa\u00e7\u00e3o infantil e nas s\u00e9ries iniciais, de forma l\u00fadica, como tamb\u00e9m propiciar os fundamentos e pressupostos pedag\u00f3gicos no processo de alfabetiza\u00e7\u00e3o.<\/li>\n<li>Qualificar profissionais da Educa\u00e7\u00e3o Infantil e S\u00e9ries Iniciais para exercerem com compet\u00eancia te\u00f3rico-metodol\u00f3gica as suas atividades did\u00e1tico-pedag\u00f3gicas, diante das exig\u00eancias do nosso tempo e os desafios cotidianos da escola.<\/li>\n<li>Sistematizar conhecimentos te\u00f3rico-pr\u00e1ticos nas \u00e1reas de doc\u00eancia em Educa\u00e7\u00e3o Infantil e S\u00e9ries Iniciais, para maior compreens\u00e3o dos saberes e viv\u00eancias demandados pela crian\u00e7a, considerando as particularidades da educa\u00e7\u00e3o infantil e sua articula\u00e7\u00e3o com o ensino fundamental.<\/li>\n<li>Garantir qualifica\u00e7\u00e3o profissional do professor da Educa\u00e7\u00e3o Infantil e S\u00e9ries Iniciais, reconhecendo as dimens\u00f5es do \u201csaber ensinar\u201d e do \u201csaber cuidar\u201d.<\/li>\n<\/ul>\n","protected":false},"excerpt":{"rendered":"<p>Matriz Curricular CONCEP\u00c7\u00c3O DO CURSO A forma\u00e7\u00e3o de profissionais na \u00e1rea da Educa\u00e7\u00e3o Infantil e Anos Iniciais do Ensino Fundamental fazem-se necess\u00e1ria frente \u00e0s exig\u00eancias do nosso tempo e dos desafios cotidianos da escola. Por isso, a qualifica\u00e7\u00e3o desse profissional atrav\u00e9s do desenvolvimento de compet\u00eancias te\u00f3rico-metodol\u00f3gicas, favorecer\u00e1 maior compreens\u00e3o dos<\/p>\n","protected":false},"author":1,"featured_media":778,"parent":391,"menu_order":0,"comment_status":"closed","ping_status":"closed","template":"templates\/template-curso_menu_vertical.php","meta":{"footnotes":""},"categories":[10],"tags":[12],"class_list":["post-419","page","type-page","status-publish","has-post-thumbnail","hentry","category-pos-graduacao-ead","tag-pos-ead-educacao"],"_links":{"self":[{"href":"https:\/\/portal.unisepe.com.br\/ead\/wp-json\/wp\/v2\/pages\/419","targetHints":{"allow":["GET"]}}],"collection":[{"href":"https:\/\/portal.unisepe.com.br\/ead\/wp-json\/wp\/v2\/pages"}],"about":[{"href":"https:\/\/portal.unisepe.com.br\/ead\/wp-json\/wp\/v2\/types\/page"}],"author":[{"embeddable":true,"href":"https:\/\/portal.unisepe.com.br\/ead\/wp-json\/wp\/v2\/users\/1"}],"replies":[{"embeddable":true,"href":"https:\/\/portal.unisepe.com.br\/ead\/wp-json\/wp\/v2\/comments?post=419"}],"version-history":[{"count":4,"href":"https:\/\/portal.unisepe.com.br\/ead\/wp-json\/wp\/v2\/pages\/419\/revisions"}],"predecessor-version":[{"id":1406,"href":"https:\/\/portal.unisepe.com.br\/ead\/wp-json\/wp\/v2\/pages\/419\/revisions\/1406"}],"up":[{"embeddable":true,"href":"https:\/\/portal.unisepe.com.br\/ead\/wp-json\/wp\/v2\/pages\/391"}],"wp:featuredmedia":[{"embeddable":true,"href":"https:\/\/portal.unisepe.com.br\/ead\/wp-json\/wp\/v2\/media\/778"}],"wp:attachment":[{"href":"https:\/\/portal.unisepe.com.br\/ead\/wp-json\/wp\/v2\/media?parent=419"}],"wp:term":[{"taxonomy":"category","embeddable":true,"href":"https:\/\/portal.unisepe.com.br\/ead\/wp-json\/wp\/v2\/categories?post=419"},{"taxonomy":"post_tag","embeddable":true,"href":"https:\/\/portal.unisepe.com.br\/ead\/wp-json\/wp\/v2\/tags?post=419"}],"curies":[{"name":"wp","href":"https:\/\/api.w.org\/{rel}","templated":true}]}}