{"id":422,"date":"2018-12-04T11:26:37","date_gmt":"2018-12-04T13:26:37","guid":{"rendered":"http:\/\/portal.unisepe.com.br\/ead\/?page_id=422"},"modified":"2022-08-15T21:30:03","modified_gmt":"2022-08-16T00:30:03","slug":"educacao-especial-e-inclusiva","status":"publish","type":"page","link":"https:\/\/portal.unisepe.com.br\/ead\/pos-graduacao-ead\/educacao\/educacao-especial-e-inclusiva\/","title":{"rendered":"Educa\u00e7\u00e3o especial e inclusiva"},"content":{"rendered":"<ul>\n<li style=\"text-align: right;\"><strong><a href=\"https:\/\/portal.unisepe.com.br\/ead\/wp-content\/uploads\/sites\/10000\/2022\/08\/P\u00f3s-Gradua\u00e7\u00e3o-em-Educa\u00e7\u00e3o-Especial-e-Inclusiva.pdf\" target=\"_blank\" rel=\"noopener noreferrer\">Matriz Curricular<\/a><\/strong><\/li>\n<\/ul>\n<p><strong>CONCEP\u00c7\u00c3O DO CURSO<\/strong><\/p>\n<p>O Curso de P\u00f3s-Gradua\u00e7\u00e3o em n\u00edvel de especializa\u00e7\u00e3o em Educa\u00e7\u00e3o Especial e Inclusiva,\u00a0 contempla estudos sobre a diversidade que existe entre os alunos\u00a0\u00a0 nas institui\u00e7\u00f5es escolares, especialmente as que dizem respeito\u00a0 \u00e0s necessidades educacionais especiais dos alunos que apresentam defici\u00eancia(s) ou altas habilidades (superdota\u00e7\u00e3o), condutas caracter\u00edsticas de s\u00edndromes ou outras condi\u00e7\u00f5es que diferenciam\u00a0 esses alunos em rela\u00e7\u00e3o aos demais alunos.<\/p>\n<p>Constitui-se tarefa deste curso subsidiar os professores e demais profissionais para que em sua miss\u00e3o, possa atuar para\u00a0 que\u00a0\u00a0 seus\u00a0 alunos,\u00a0\u00a0 indiscriminadamente,\u00a0\u00a0 tenham\u00a0\u00a0\u00a0 acesso\u00a0\u00a0\u00a0 \u00e0\u00a0 aprendizagem, ao conhecimento e ao conjunto de experi\u00eancias curriculares, disponibilizadas no ambiente escolar.<\/p>\n<p>Contemplar significativas experi\u00eancias pedag\u00f3gicas, as altera\u00e7\u00f5es a serem\u00a0 desencadeadas no curr\u00edculo,\u00a0 a\u00a0 organiza\u00e7\u00e3o\u00a0 do\u00a0\u00a0 trabalho\u00a0 pedag\u00f3gico,\u00a0\u00a0 o\u00a0 tratamento\u00a0\u00a0 e\u00a0 desenvolvimento\u00a0\u00a0\u00a0\u00a0 dos conte\u00fados, enfim,\u00a0 em\u00a0 toda\u00a0 organiza\u00e7\u00e3o\u00a0 do\u00a0 trabalho\u00a0 pedag\u00f3gico, no\u00a0 intuito\u00a0\u00a0 de\u00a0 favorecer\u00a0 a aprendizagem\u00a0 do aluno,\u00a0 constitui-se em caracter\u00edsticas deste curso.<\/p>\n<p>&nbsp;<\/p>\n<p><strong>OBJETIVO GERAL<\/strong><\/p>\n<p>Tendo em vista as dificuldades de integra\u00e7\u00e3o social e de aprendizagem detectadas nos meios institucionalizados, objetiva-se \u00e0 capacita\u00e7\u00e3o te\u00f3rico &#8211; pr\u00e1tica, de profissionais no intuito de consolid\u00e1-lo como alternativa\u00a0 competente\u00a0 para a educa\u00e7\u00e3o escolar e a integra\u00e7\u00e3o social de importante segmento da popula\u00e7\u00e3o brasileira.<\/p>\n<p><strong>\u00a0<\/strong><\/p>\n<p><strong>OBJETIVOS ESPEC\u00cdFICOS<\/strong><\/p>\n<ul>\n<li>\u00a0Liderar a tomada de consci\u00eancia quanto \u00e0 import\u00e2ncia da Educa\u00e7\u00e3o Especial no quadro geral da educa\u00e7\u00e3o brasileira.<\/li>\n<li>Qualificar os profissionais que atuam na rede regular de ensino para atender a pol\u00edtica de inclus\u00e3o.<\/li>\n<li>\u00a0Analisar experi\u00eancias\u00a0 bem sucedidas de inclus\u00e3o de pessoas com necessidades educacionais especiais na escola regular.<\/li>\n<li>Favorecer a inclus\u00e3o efetiva do ensino no quadro\u00a0 do sistema regular de educa\u00e7\u00e3o.<\/li>\n<li>Discutir a import\u00e2ncia de um novo paradigma educacional fundamentado no processo de constru\u00e7\u00e3o do conhecimento e no respeito \u00e0 diferen\u00e7a.<\/li>\n<li>Propor e estudar os diferentes encaminhamentos te\u00f3ricos- metodol\u00f3gico que venha ao encontro do atendimento \u00e0s necessidades educacionais especiais.<\/li>\n<li>Conhecer\u00a0 os diferentes tipos de defici\u00eancias, bem como,\u00a0 preveni-las e, nos casos em que j\u00e1 se encontra instalada, promover a reabilita\u00e7\u00e3o\u00a0 e o resgate da autoestima, potencializando as possibilidades de inclus\u00e3o social\/escolar.<\/li>\n<\/ul>\n","protected":false},"excerpt":{"rendered":"<p>Matriz Curricular CONCEP\u00c7\u00c3O DO CURSO O Curso de P\u00f3s-Gradua\u00e7\u00e3o em n\u00edvel de especializa\u00e7\u00e3o em Educa\u00e7\u00e3o Especial e Inclusiva,\u00a0 contempla estudos sobre a diversidade que existe entre os alunos\u00a0\u00a0 nas institui\u00e7\u00f5es escolares, especialmente as que dizem respeito\u00a0 \u00e0s necessidades educacionais especiais dos alunos que apresentam defici\u00eancia(s) ou altas habilidades (superdota\u00e7\u00e3o), condutas<\/p>\n","protected":false},"author":1,"featured_media":768,"parent":391,"menu_order":0,"comment_status":"closed","ping_status":"closed","template":"templates\/template-curso_menu_vertical.php","meta":{"footnotes":""},"categories":[10],"tags":[12],"class_list":["post-422","page","type-page","status-publish","has-post-thumbnail","hentry","category-pos-graduacao-ead","tag-pos-ead-educacao"],"_links":{"self":[{"href":"https:\/\/portal.unisepe.com.br\/ead\/wp-json\/wp\/v2\/pages\/422","targetHints":{"allow":["GET"]}}],"collection":[{"href":"https:\/\/portal.unisepe.com.br\/ead\/wp-json\/wp\/v2\/pages"}],"about":[{"href":"https:\/\/portal.unisepe.com.br\/ead\/wp-json\/wp\/v2\/types\/page"}],"author":[{"embeddable":true,"href":"https:\/\/portal.unisepe.com.br\/ead\/wp-json\/wp\/v2\/users\/1"}],"replies":[{"embeddable":true,"href":"https:\/\/portal.unisepe.com.br\/ead\/wp-json\/wp\/v2\/comments?post=422"}],"version-history":[{"count":5,"href":"https:\/\/portal.unisepe.com.br\/ead\/wp-json\/wp\/v2\/pages\/422\/revisions"}],"predecessor-version":[{"id":1601,"href":"https:\/\/portal.unisepe.com.br\/ead\/wp-json\/wp\/v2\/pages\/422\/revisions\/1601"}],"up":[{"embeddable":true,"href":"https:\/\/portal.unisepe.com.br\/ead\/wp-json\/wp\/v2\/pages\/391"}],"wp:featuredmedia":[{"embeddable":true,"href":"https:\/\/portal.unisepe.com.br\/ead\/wp-json\/wp\/v2\/media\/768"}],"wp:attachment":[{"href":"https:\/\/portal.unisepe.com.br\/ead\/wp-json\/wp\/v2\/media?parent=422"}],"wp:term":[{"taxonomy":"category","embeddable":true,"href":"https:\/\/portal.unisepe.com.br\/ead\/wp-json\/wp\/v2\/categories?post=422"},{"taxonomy":"post_tag","embeddable":true,"href":"https:\/\/portal.unisepe.com.br\/ead\/wp-json\/wp\/v2\/tags?post=422"}],"curies":[{"name":"wp","href":"https:\/\/api.w.org\/{rel}","templated":true}]}}