{"id":425,"date":"2018-12-04T11:39:33","date_gmt":"2018-12-04T13:39:33","guid":{"rendered":"http:\/\/portal.unisepe.com.br\/ead\/?page_id=425"},"modified":"2021-02-01T16:42:36","modified_gmt":"2021-02-01T19:42:36","slug":"gestao-escolar-supervisao-e-orientacao","status":"publish","type":"page","link":"https:\/\/portal.unisepe.com.br\/ead\/pos-graduacao-ead\/gestao\/gestao-escolar-supervisao-e-orientacao\/","title":{"rendered":"Gest\u00e3o escolar, supervis\u00e3o e orienta\u00e7\u00e3o"},"content":{"rendered":"<ul>\n<li style=\"text-align: right;\"><strong><a href=\"https:\/\/portal.unisepe.com.br\/ead\/wp-content\/uploads\/sites\/10000\/2021\/02\/P\u00f3s-Gradua\u00e7\u00e3o-em-Gest\u00e3o-Escolar.pdf\" target=\"_blank\" rel=\"noopener noreferrer\"> Matriz Curricular<\/a><\/strong><\/li>\n<\/ul>\n<p><strong>CONCEP\u00c7\u00c3O DO CURSO<\/strong><\/p>\n<p>A especializa\u00e7\u00e3o no campo da educa\u00e7\u00e3o escolar propicia a articula\u00e7\u00e3o entre uma base te\u00f3rica e a capacidade de reflex\u00e3o sobre a pr\u00e1tica educativa de modo a conferir ao especialista a capacidade de atuar, com autonomia, no \u00e2mbito da orienta\u00e7\u00e3o educacional, no planejamento educacional, na proposi\u00e7\u00e3o de referencial curricular, na avalia\u00e7\u00e3o do trabalho pedag\u00f3gico e na elabora\u00e7\u00e3o do Projeto Pol\u00edtico Pedag\u00f3gico que possibilite situar o contexto educacional a partir de seus fundamentos econ\u00f4micos, pol\u00edticos, socioculturais, psicol\u00f3gicos e antropol\u00f3gicos. Isso propicia uma compreens\u00e3o ampla da educa\u00e7\u00e3o escolar, ao mesmo tempo em que concorre para o reconhecimento das fun\u00e7\u00f5es espec\u00edficas da escola e oferece condi\u00e7\u00f5es para que se proceda uma interven\u00e7\u00e3o pedag\u00f3gica que contribua para a supera\u00e7\u00e3o dos problemas que t\u00eam se constitu\u00eddo historicamente em entraves para um ensino de qualidade.<\/p>\n<p>O profissional de Orienta\u00e7\u00e3o Educacional tem como principal aspecto de sua forma\u00e7\u00e3o pedag\u00f3gica a atua\u00e7\u00e3o nos espa\u00e7os de orienta\u00e7\u00e3o educacional e da organiza\u00e7\u00e3o do trabalho pedag\u00f3gico. Em sua grande maioria, tais profissionais s\u00e3o oriundos do curso de pedagogia e dos cursos de licenciatura das diversas \u00e1reas do conhecimento.<\/p>\n<p>O diferencial do curso est\u00e1 na qualifica\u00e7\u00e3o dos profissionais para atuar na fun\u00e7\u00e3o de coordena\u00e7\u00e3o pedag\u00f3gica no espa\u00e7o escolar, tendo como pressuposto b\u00e1sico o est\u00edmulo \u00e0 pesquisa relativa \u00e0s atividades de organiza\u00e7\u00e3o e coordena\u00e7\u00e3o do trabalho pedag\u00f3gico.<\/p>\n<p><strong>\u00a0<\/strong><\/p>\n<p><strong>OBJETIVO GERAL<\/strong><\/p>\n<p><strong>\u00a0\u00a0\u00a0\u00a0\u00a0\u00a0\u00a0\u00a0\u00a0\u00a0\u00a0 <\/strong>O curso objetiva conferir aos participantes condi\u00e7\u00f5es para efetivar as atividades curriculares, qualificando os profissionais da educa\u00e7\u00e3o para exercerem com qualidade e compet\u00eancia pedag\u00f3gica as fun\u00e7\u00f5es de gestor escolar na sua realidade s\u00f3cio educacional.<\/p>\n<p>&nbsp;<\/p>\n<p><strong>OBJETIVOS ESPEC\u00cdFICOS<\/strong><\/p>\n<ul>\n<li>Formar gestores capazes de argumentar, discernir, de se indignar criticamente, que tenham consci\u00eancia de seus limites e de suas obriga\u00e7\u00f5es;<\/li>\n<li>Perceber a import\u00e2ncia da gest\u00e3o democr\u00e1tica e participativa no interior da escola, como metodologia de forma\u00e7\u00e3o da comunidade educativa, em que estudantes, pais, funcion\u00e1rios e professores recebem subs\u00eddios para estender essa experi\u00eancia como pr\u00e1tica ao longo da vida;<\/li>\n<li>Reconhecer a import\u00e2ncia das v\u00e1rias inst\u00e2ncias de participa\u00e7\u00e3o da comunidade educativa \u2013 gr\u00eamios estudantis, conselhos escolares, conselho de classe, associa\u00e7\u00e3o de pais, professores e funcion\u00e1rios, para a efetiva\u00e7\u00e3o de uma gest\u00e3o escolar democr\u00e1tica;<\/li>\n<li>Reconhecer processos importantes que objetivam o bom andamento da escola, como a autonomia escolar, a valoriza\u00e7\u00e3o e a forma\u00e7\u00e3o continuada dos professores, al\u00e9m do planejamento e da avalia\u00e7\u00e3o como instrumentos de gest\u00e3o.<\/li>\n<\/ul>\n","protected":false},"excerpt":{"rendered":"<p>Matriz Curricular CONCEP\u00c7\u00c3O DO CURSO A especializa\u00e7\u00e3o no campo da educa\u00e7\u00e3o escolar propicia a articula\u00e7\u00e3o entre uma base te\u00f3rica e a capacidade de reflex\u00e3o sobre a pr\u00e1tica educativa de modo a conferir ao especialista a capacidade de atuar, com autonomia, no \u00e2mbito da orienta\u00e7\u00e3o educacional, no planejamento educacional, na proposi\u00e7\u00e3o<\/p>\n","protected":false},"author":1,"featured_media":775,"parent":394,"menu_order":0,"comment_status":"closed","ping_status":"closed","template":"templates\/template-curso_menu_vertical.php","meta":{"footnotes":""},"categories":[10],"tags":[13],"class_list":["post-425","page","type-page","status-publish","has-post-thumbnail","hentry","category-pos-graduacao-ead","tag-pos-ead-gestao"],"_links":{"self":[{"href":"https:\/\/portal.unisepe.com.br\/ead\/wp-json\/wp\/v2\/pages\/425","targetHints":{"allow":["GET"]}}],"collection":[{"href":"https:\/\/portal.unisepe.com.br\/ead\/wp-json\/wp\/v2\/pages"}],"about":[{"href":"https:\/\/portal.unisepe.com.br\/ead\/wp-json\/wp\/v2\/types\/page"}],"author":[{"embeddable":true,"href":"https:\/\/portal.unisepe.com.br\/ead\/wp-json\/wp\/v2\/users\/1"}],"replies":[{"embeddable":true,"href":"https:\/\/portal.unisepe.com.br\/ead\/wp-json\/wp\/v2\/comments?post=425"}],"version-history":[{"count":4,"href":"https:\/\/portal.unisepe.com.br\/ead\/wp-json\/wp\/v2\/pages\/425\/revisions"}],"predecessor-version":[{"id":1416,"href":"https:\/\/portal.unisepe.com.br\/ead\/wp-json\/wp\/v2\/pages\/425\/revisions\/1416"}],"up":[{"embeddable":true,"href":"https:\/\/portal.unisepe.com.br\/ead\/wp-json\/wp\/v2\/pages\/394"}],"wp:featuredmedia":[{"embeddable":true,"href":"https:\/\/portal.unisepe.com.br\/ead\/wp-json\/wp\/v2\/media\/775"}],"wp:attachment":[{"href":"https:\/\/portal.unisepe.com.br\/ead\/wp-json\/wp\/v2\/media?parent=425"}],"wp:term":[{"taxonomy":"category","embeddable":true,"href":"https:\/\/portal.unisepe.com.br\/ead\/wp-json\/wp\/v2\/categories?post=425"},{"taxonomy":"post_tag","embeddable":true,"href":"https:\/\/portal.unisepe.com.br\/ead\/wp-json\/wp\/v2\/tags?post=425"}],"curies":[{"name":"wp","href":"https:\/\/api.w.org\/{rel}","templated":true}]}}