{"id":428,"date":"2018-12-04T11:42:27","date_gmt":"2018-12-04T13:42:27","guid":{"rendered":"http:\/\/portal.unisepe.com.br\/ead\/?page_id=428"},"modified":"2021-02-01T16:46:27","modified_gmt":"2021-02-01T19:46:27","slug":"mba-em-gestao-empresarial","status":"publish","type":"page","link":"https:\/\/portal.unisepe.com.br\/ead\/pos-graduacao-ead\/mba\/mba-em-gestao-empresarial\/","title":{"rendered":"MBA em Gest\u00e3o Empresarial"},"content":{"rendered":"<ul>\n<li style=\"text-align: right;\"><strong><a href=\"https:\/\/portal.unisepe.com.br\/ead\/wp-content\/uploads\/sites\/10000\/2021\/02\/P\u00f3s-Gradua\u00e7\u00e3o-em-MBA-em-Gest\u00e3o-Empresarial.pdf\" target=\"_blank\" rel=\"noopener noreferrer\">Matriz Curricular<\/a><\/strong><\/li>\n<\/ul>\n<p><strong>CONCEP\u00c7\u00c3O DO CURSO<\/strong><\/p>\n<p>Empres\u00e1rios e executivos reconhecem, que apesar dos aspectos econ\u00f4micos e financeiros no processo de tomada de decis\u00e3o nas suas organiza\u00e7\u00f5es, n\u00e3o podem, em face das novas posturas mundiais, ignorar aspectos relativos ao planejamento organizacional e ambiental. Este curso de P\u00f3s-Gradua\u00e7\u00e3o, em n\u00edvel de especializa\u00e7\u00e3o, integra conceitos e disciplinas tradicionais da gest\u00e3o \u00e0s novas abordagens, objetivando prover os seus participantes de uma vis\u00e3o hol\u00edstica, para que eles possam administrar consistentemente as suas organiza\u00e7\u00f5es. O decisor, neste novo paradigma, ter\u00e1 plena percep\u00e7\u00e3o de todos os intervenientes.<\/p>\n<p><strong>\u00a0<\/strong><\/p>\n<p><strong>OBJETIVO GERAL<\/strong><\/p>\n<p><strong>\u00a0\u00a0\u00a0\u00a0\u00a0\u00a0\u00a0\u00a0\u00a0\u00a0\u00a0 <\/strong>Prover aos participantes informa\u00e7\u00f5es t\u00e9cnicas, pr\u00e1ticas e gerenciais e comportamentais sobre os par\u00e2metros que apontam\u00a0 conceitos de excel\u00eancia na\u00a0 administra\u00e7\u00e3o preparando-os para conduzirem suas organiza\u00e7\u00f5es a serem reconhecidas pela excel\u00eancia de seus neg\u00f3cios.<\/p>\n<p>&nbsp;<\/p>\n<p><strong>OBJETIVOS ESPEC\u00cdFICOS<\/strong><\/p>\n<p>Ao final do curso o profissional participante estar\u00e1 apto a:<\/p>\n<p>&#8211; Implantar conceitos fundamentais e espec\u00edficos da administra\u00e7\u00e3o empresarial;<\/p>\n<p>&#8211; Ter uma vis\u00e3o sist\u00eamica, contemplando os aspectos gerenciais da administra\u00e7\u00e3o empresarial;<\/p>\n<p>&#8211; Trabalhar com a vis\u00e3o n\u00e3o apenas do &#8220;o que&#8221; fazer, mas acima de tudo do &#8220;como&#8221; fazer;<\/p>\n<p>&#8211; Conhecer aspectos tecnol\u00f3gicos e pr\u00e1ticos que permitam conduzir suas organiza\u00e7\u00f5es a serem reconhecidas como de excel\u00eancia.<\/p>\n","protected":false},"excerpt":{"rendered":"<p>Matriz Curricular CONCEP\u00c7\u00c3O DO CURSO Empres\u00e1rios e executivos reconhecem, que apesar dos aspectos econ\u00f4micos e financeiros no processo de tomada de decis\u00e3o nas suas organiza\u00e7\u00f5es, n\u00e3o podem, em face das novas posturas mundiais, ignorar aspectos relativos ao planejamento organizacional e ambiental. Este curso de P\u00f3s-Gradua\u00e7\u00e3o, em n\u00edvel de especializa\u00e7\u00e3o, integra<\/p>\n","protected":false},"author":1,"featured_media":777,"parent":396,"menu_order":0,"comment_status":"closed","ping_status":"closed","template":"templates\/template-curso_menu_vertical.php","meta":{"footnotes":""},"categories":[10],"tags":[14],"class_list":["post-428","page","type-page","status-publish","has-post-thumbnail","hentry","category-pos-graduacao-ead","tag-pos-ead-mba"],"_links":{"self":[{"href":"https:\/\/portal.unisepe.com.br\/ead\/wp-json\/wp\/v2\/pages\/428","targetHints":{"allow":["GET"]}}],"collection":[{"href":"https:\/\/portal.unisepe.com.br\/ead\/wp-json\/wp\/v2\/pages"}],"about":[{"href":"https:\/\/portal.unisepe.com.br\/ead\/wp-json\/wp\/v2\/types\/page"}],"author":[{"embeddable":true,"href":"https:\/\/portal.unisepe.com.br\/ead\/wp-json\/wp\/v2\/users\/1"}],"replies":[{"embeddable":true,"href":"https:\/\/portal.unisepe.com.br\/ead\/wp-json\/wp\/v2\/comments?post=428"}],"version-history":[{"count":5,"href":"https:\/\/portal.unisepe.com.br\/ead\/wp-json\/wp\/v2\/pages\/428\/revisions"}],"predecessor-version":[{"id":1425,"href":"https:\/\/portal.unisepe.com.br\/ead\/wp-json\/wp\/v2\/pages\/428\/revisions\/1425"}],"up":[{"embeddable":true,"href":"https:\/\/portal.unisepe.com.br\/ead\/wp-json\/wp\/v2\/pages\/396"}],"wp:featuredmedia":[{"embeddable":true,"href":"https:\/\/portal.unisepe.com.br\/ead\/wp-json\/wp\/v2\/media\/777"}],"wp:attachment":[{"href":"https:\/\/portal.unisepe.com.br\/ead\/wp-json\/wp\/v2\/media?parent=428"}],"wp:term":[{"taxonomy":"category","embeddable":true,"href":"https:\/\/portal.unisepe.com.br\/ead\/wp-json\/wp\/v2\/categories?post=428"},{"taxonomy":"post_tag","embeddable":true,"href":"https:\/\/portal.unisepe.com.br\/ead\/wp-json\/wp\/v2\/tags?post=428"}],"curies":[{"name":"wp","href":"https:\/\/api.w.org\/{rel}","templated":true}]}}