{"id":431,"date":"2018-12-04T11:45:06","date_gmt":"2018-12-04T13:45:06","guid":{"rendered":"http:\/\/portal.unisepe.com.br\/ead\/?page_id=431"},"modified":"2021-02-01T16:44:32","modified_gmt":"2021-02-01T19:44:32","slug":"gestao-de-pessoas","status":"publish","type":"page","link":"https:\/\/portal.unisepe.com.br\/ead\/pos-graduacao-ead\/gestao\/gestao-de-pessoas\/","title":{"rendered":"Gest\u00e3o de pessoas"},"content":{"rendered":"<ul>\n<li style=\"text-align: right;\"><strong><a href=\"https:\/\/portal.unisepe.com.br\/ead\/wp-content\/uploads\/sites\/10000\/2021\/02\/P\u00f3s-Gradua\u00e7\u00e3o-em-Gest\u00e3o-de-Pessoas.pdf\" target=\"_blank\" rel=\"noopener noreferrer\">Matriz Curricular<\/a><\/strong><\/li>\n<\/ul>\n<p><strong>CONCEP\u00c7\u00c3O DO CURSO<\/strong><\/p>\n<p>A globaliza\u00e7\u00e3o, a competitividade e a necessidade de flexibilidade e excel\u00eancia empresarial v\u00eam transformando o ambiente organizacional e o mercado de trabalho para profissionais de todas as \u00e1reas; tornando cada vez mais importante e fundamental uma vis\u00e3o sist\u00eamica e hol\u00edstica no que tange a gest\u00e3o de pessoas. Neste contexto de exig\u00eancia pela qualifica\u00e7\u00e3o, um grande diferencial \u00e9 alcan\u00e7ado pela especializa\u00e7\u00e3o multidisciplinar na \u00e1rea de conhecimento de gest\u00e3o de pessoas, que gera as compet\u00eancias humanas e profissionais necess\u00e1rias \u00e0s pessoas que almejam destaque e sucesso na gest\u00e3o de suas carreiras nas organiza\u00e7\u00f5es.<\/p>\n<p><strong>\u00a0<\/strong><\/p>\n<p><strong>OBJETIVO GERAL<\/strong><\/p>\n<p><strong>\u00a0\u00a0\u00a0\u00a0\u00a0\u00a0\u00a0\u00a0\u00a0\u00a0\u00a0 <\/strong>Proporcionar aos participantes, atualiza\u00e7\u00e3o, aprimoramento e desenvolvimento profissional, em n\u00edvel de excel\u00eancia, na \u00e1rea de gest\u00e3o de neg\u00f3cios, de modo que possam participar efetivamente na realiza\u00e7\u00e3o do alinhamento das compet\u00eancias humanas \u00e0 gest\u00e3o estrat\u00e9gica das organiza\u00e7\u00f5es.<\/p>\n<p>&nbsp;<\/p>\n<p><strong>OBJETIVOS ESPEC\u00cdFICOS<\/strong><\/p>\n<ul>\n<li>Analisar e discutir os principais conceitos de gest\u00e3o de neg\u00f3cios a partir da realidade do mercado;<\/li>\n<li>Entender a din\u00e2mica dos ambientes de neg\u00f3cios, seus processos e agentes;<\/li>\n<li>Identificar e selecionar as melhores estrat\u00e9gias e instrumentos de gest\u00e3o e marketing;<\/li>\n<li>Desenvolver vis\u00e3o integrada dos neg\u00f3cios conjugando teoria e pr\u00e1tica;<\/li>\n<li>Aplicar conhecimentos e habilidades adquiridas proporcionando efetiva aprendizagem;<\/li>\n<li>Estabelecer intensa rede de relacionamentos profissionais.<\/li>\n<\/ul>\n","protected":false},"excerpt":{"rendered":"<p>Matriz Curricular CONCEP\u00c7\u00c3O DO CURSO A globaliza\u00e7\u00e3o, a competitividade e a necessidade de flexibilidade e excel\u00eancia empresarial v\u00eam transformando o ambiente organizacional e o mercado de trabalho para profissionais de todas as \u00e1reas; tornando cada vez mais importante e fundamental uma vis\u00e3o sist\u00eamica e hol\u00edstica no que tange a gest\u00e3o<\/p>\n","protected":false},"author":1,"featured_media":774,"parent":394,"menu_order":0,"comment_status":"closed","ping_status":"closed","template":"templates\/template-curso_menu_vertical.php","meta":{"footnotes":""},"categories":[10],"tags":[13],"class_list":["post-431","page","type-page","status-publish","has-post-thumbnail","hentry","category-pos-graduacao-ead","tag-pos-ead-gestao"],"_links":{"self":[{"href":"https:\/\/portal.unisepe.com.br\/ead\/wp-json\/wp\/v2\/pages\/431","targetHints":{"allow":["GET"]}}],"collection":[{"href":"https:\/\/portal.unisepe.com.br\/ead\/wp-json\/wp\/v2\/pages"}],"about":[{"href":"https:\/\/portal.unisepe.com.br\/ead\/wp-json\/wp\/v2\/types\/page"}],"author":[{"embeddable":true,"href":"https:\/\/portal.unisepe.com.br\/ead\/wp-json\/wp\/v2\/users\/1"}],"replies":[{"embeddable":true,"href":"https:\/\/portal.unisepe.com.br\/ead\/wp-json\/wp\/v2\/comments?post=431"}],"version-history":[{"count":5,"href":"https:\/\/portal.unisepe.com.br\/ead\/wp-json\/wp\/v2\/pages\/431\/revisions"}],"predecessor-version":[{"id":1421,"href":"https:\/\/portal.unisepe.com.br\/ead\/wp-json\/wp\/v2\/pages\/431\/revisions\/1421"}],"up":[{"embeddable":true,"href":"https:\/\/portal.unisepe.com.br\/ead\/wp-json\/wp\/v2\/pages\/394"}],"wp:featuredmedia":[{"embeddable":true,"href":"https:\/\/portal.unisepe.com.br\/ead\/wp-json\/wp\/v2\/media\/774"}],"wp:attachment":[{"href":"https:\/\/portal.unisepe.com.br\/ead\/wp-json\/wp\/v2\/media?parent=431"}],"wp:term":[{"taxonomy":"category","embeddable":true,"href":"https:\/\/portal.unisepe.com.br\/ead\/wp-json\/wp\/v2\/categories?post=431"},{"taxonomy":"post_tag","embeddable":true,"href":"https:\/\/portal.unisepe.com.br\/ead\/wp-json\/wp\/v2\/tags?post=431"}],"curies":[{"name":"wp","href":"https:\/\/api.w.org\/{rel}","templated":true}]}}