{"id":434,"date":"2018-12-04T11:48:06","date_gmt":"2018-12-04T13:48:06","guid":{"rendered":"http:\/\/portal.unisepe.com.br\/ead\/?page_id=434"},"modified":"2021-02-01T16:45:30","modified_gmt":"2021-02-01T19:45:30","slug":"mba-em-coaching","status":"publish","type":"page","link":"https:\/\/portal.unisepe.com.br\/ead\/pos-graduacao-ead\/mba\/mba-em-coaching\/","title":{"rendered":"MBA em Coaching"},"content":{"rendered":"<ul>\n<li style=\"text-align: right;\"><strong><a href=\"https:\/\/portal.unisepe.com.br\/ead\/wp-content\/uploads\/sites\/10000\/2021\/02\/P\u00f3s-Gradua\u00e7\u00e3o-em-MBA-em-Coaching.pdf\" target=\"_blank\" rel=\"noopener noreferrer\">Matriz Curricular<\/a><\/strong><\/li>\n<\/ul>\n<p><strong>CONCEP\u00c7\u00c3O DO CURSO<\/strong><\/p>\n<p>O Curso de P\u00f3s-Gradua\u00e7\u00e3o da UNISEPE em n\u00edvel de MBA em <em>coaching<\/em> \u00a0\u00e9 destinado a profissionais graduados que necessitam de uma forma\u00e7\u00e3o gerencial de alto n\u00edvel, incluindo executivos, gerentes, profissionais liberais, empres\u00e1rios e professores, que buscam uma especializa\u00e7\u00e3o que agregue conhecimentos em lideran\u00e7a e <em>coaching.<\/em><\/p>\n<p><strong>OBJETIVO GERAL<\/strong><\/p>\n<p><strong>\u00a0\u00a0\u00a0\u00a0\u00a0\u00a0\u00a0\u00a0\u00a0\u00a0\u00a0 <\/strong>Aprofundar o estudo te\u00f3rico e pr\u00e1tico e o debate na \u00e1rea de gest\u00e3o de pessoas, possibilitando desenvolver em seu p\u00fablico-alvo, compet\u00eancias t\u00e9cnicas e comportamentais capazes de despertar e inspirar talentos e l\u00edderes, al\u00e9m de potencializar ambientes para alcan\u00e7ar elevado desempenho das equipes nas mais diversas organiza\u00e7\u00f5es.<\/p>\n<p>&nbsp;<\/p>\n<p><strong>OBJETIVOS ESPEC\u00cdFICOS<\/strong><\/p>\n<ul>\n<li>Identificar a import\u00e2ncia da lideran\u00e7a e do coaching para a moderna gest\u00e3o de pessoas, estimulando um comportamento estrat\u00e9gico e pr\u00f3-ativo diante dos novos desafios e mudan\u00e7as.<\/li>\n<li>Desenvolver compet\u00eancias t\u00e9cnicas e comportamentais para atuarem como l\u00edderes nas organiza\u00e7\u00f5es, por meio de um gerenciamento de pessoas pautado em valores humanos com o enfoque no bem comum.<\/li>\n<li>Oferecer aos participantes m\u00e9todos e ferramentas para motiva\u00e7\u00e3o e comunica\u00e7\u00e3o eficazes, capazes de propiciar um ambiente de aprendizagem e inova\u00e7\u00e3o cont\u00ednuo.<\/li>\n<li>Proporcionar o entendimento e a compreens\u00e3o sobre a atua\u00e7\u00e3o e o papel do l\u00edder <em>coach<\/em> na formula\u00e7\u00e3o de pol\u00edticas e estrat\u00e9gias de a\u00e7\u00e3o na din\u00e2mica organizacional.<\/li>\n<li>Acad\u00eamicos e profissionais com n\u00edvel superior que desejam desenvolver habilidades e compet\u00eancias para liderar, desenvolver e aproveitar todo o potencial do capital humano em projetos e neg\u00f3cios nas mais diversas organiza\u00e7\u00f5es.<\/li>\n<\/ul>\n","protected":false},"excerpt":{"rendered":"<p>Matriz Curricular CONCEP\u00c7\u00c3O DO CURSO O Curso de P\u00f3s-Gradua\u00e7\u00e3o da UNISEPE em n\u00edvel de MBA em coaching \u00a0\u00e9 destinado a profissionais graduados que necessitam de uma forma\u00e7\u00e3o gerencial de alto n\u00edvel, incluindo executivos, gerentes, profissionais liberais, empres\u00e1rios e professores, que buscam uma especializa\u00e7\u00e3o que agregue conhecimentos em lideran\u00e7a e coaching.<\/p>\n","protected":false},"author":1,"featured_media":776,"parent":396,"menu_order":0,"comment_status":"closed","ping_status":"closed","template":"templates\/template-curso_menu_vertical.php","meta":{"footnotes":""},"categories":[10],"tags":[14],"class_list":["post-434","page","type-page","status-publish","has-post-thumbnail","hentry","category-pos-graduacao-ead","tag-pos-ead-mba"],"_links":{"self":[{"href":"https:\/\/portal.unisepe.com.br\/ead\/wp-json\/wp\/v2\/pages\/434","targetHints":{"allow":["GET"]}}],"collection":[{"href":"https:\/\/portal.unisepe.com.br\/ead\/wp-json\/wp\/v2\/pages"}],"about":[{"href":"https:\/\/portal.unisepe.com.br\/ead\/wp-json\/wp\/v2\/types\/page"}],"author":[{"embeddable":true,"href":"https:\/\/portal.unisepe.com.br\/ead\/wp-json\/wp\/v2\/users\/1"}],"replies":[{"embeddable":true,"href":"https:\/\/portal.unisepe.com.br\/ead\/wp-json\/wp\/v2\/comments?post=434"}],"version-history":[{"count":4,"href":"https:\/\/portal.unisepe.com.br\/ead\/wp-json\/wp\/v2\/pages\/434\/revisions"}],"predecessor-version":[{"id":1423,"href":"https:\/\/portal.unisepe.com.br\/ead\/wp-json\/wp\/v2\/pages\/434\/revisions\/1423"}],"up":[{"embeddable":true,"href":"https:\/\/portal.unisepe.com.br\/ead\/wp-json\/wp\/v2\/pages\/396"}],"wp:featuredmedia":[{"embeddable":true,"href":"https:\/\/portal.unisepe.com.br\/ead\/wp-json\/wp\/v2\/media\/776"}],"wp:attachment":[{"href":"https:\/\/portal.unisepe.com.br\/ead\/wp-json\/wp\/v2\/media?parent=434"}],"wp:term":[{"taxonomy":"category","embeddable":true,"href":"https:\/\/portal.unisepe.com.br\/ead\/wp-json\/wp\/v2\/categories?post=434"},{"taxonomy":"post_tag","embeddable":true,"href":"https:\/\/portal.unisepe.com.br\/ead\/wp-json\/wp\/v2\/tags?post=434"}],"curies":[{"name":"wp","href":"https:\/\/api.w.org\/{rel}","templated":true}]}}