{"id":440,"date":"2018-12-04T11:53:06","date_gmt":"2018-12-04T13:53:06","guid":{"rendered":"http:\/\/portal.unisepe.com.br\/ead\/?page_id=440"},"modified":"2024-05-10T09:13:51","modified_gmt":"2024-05-10T12:13:51","slug":"treinamento-desportivo","status":"publish","type":"page","link":"https:\/\/portal.unisepe.com.br\/ead\/pos-graduacao-ead\/educacao\/treinamento-desportivo\/","title":{"rendered":"Treinamento desportivo"},"content":{"rendered":"<ul>\n<li style=\"text-align: right;\"><strong><a href=\"https:\/\/portal.unisepe.com.br\/ead\/wp-content\/uploads\/sites\/10000\/2021\/02\/P\u00f3s-Gradua\u00e7\u00e3o-em-Treinamento-Desportivo.pdf\" target=\"_blank\" rel=\"noopener noreferrer\">Matriz Curricular<\/a><\/strong><\/li>\n<\/ul>\n<p><strong>CONCEP\u00c7\u00c3O DO CURSO<\/strong><\/p>\n<p>O Curso de\u00a0<strong>Treinamento Desportivo<\/strong>\u00a0considera os diferentes aspectos relacionados aos efeitos que o exerc\u00edcio promove no condicionamento f\u00edsico voltado para pr\u00e1tica desportiva, levando em considera\u00e7\u00e3o os referenciais te\u00f3ricos que d\u00e3o base ao Treinamento Desportivo, assumindo que a prepara\u00e7\u00e3o f\u00edsica, t\u00e9cnica e t\u00e1tica \u00e9 resultado da uni\u00e3o de diversos fatores como conhecimento e dom\u00ednio das vari\u00e1veis do treinamento, experimenta\u00e7\u00e3o cient\u00edfica e planejamento.<\/p>\n<p>&nbsp;<\/p>\n<p><strong>OBJETIVO GERAL<\/strong><\/p>\n<p>Preparar profissionais para conhecerem as t\u00e9cnicas e pesquisas cient\u00edficas realizadas na \u00e1rea do treinamento e do desenvolvimento do corpo, dentro das mais diversas \u00e1reas de atua\u00e7\u00e3o, desse a preven\u00e7\u00e3o, prescri\u00e7\u00e3o e avalia\u00e7\u00e3o das atividades f\u00edsicas em geral.<\/p>\n<p>&nbsp;<\/p>\n<p><strong>OBJETIVOS ESPEC\u00cdFICOS<\/strong><\/p>\n<ul>\n<li>Capacitar o p\u00f3s-graduando a prescrever, com seguran\u00e7a, exerc\u00edcios f\u00edsicos no \u00e2mbito desportivo, com atitude cr\u00edtica e reflexiva.<\/li>\n<li>Instrumentalizar o p\u00f3s-graduando a periodizar treinos, no \u00e2mbito desportivo, de forma eficiente e segura, manipulando de forma adequada as vari\u00e1veis de treinamento, respeitando as especificidades do atleta e da modalidade esportiva.<\/li>\n<\/ul>\n","protected":false},"excerpt":{"rendered":"<p>Matriz Curricular CONCEP\u00c7\u00c3O DO CURSO O Curso de\u00a0Treinamento Desportivo\u00a0considera os diferentes aspectos relacionados aos efeitos que o exerc\u00edcio promove no condicionamento f\u00edsico voltado para pr\u00e1tica desportiva, levando em considera\u00e7\u00e3o os referenciais te\u00f3ricos que d\u00e3o base ao Treinamento Desportivo, assumindo que a prepara\u00e7\u00e3o f\u00edsica, t\u00e9cnica e t\u00e1tica \u00e9 resultado da uni\u00e3o<\/p>\n","protected":false},"author":1,"featured_media":772,"parent":391,"menu_order":0,"comment_status":"closed","ping_status":"closed","template":"templates\/template-curso_menu_vertical.php","meta":{"footnotes":""},"categories":[10],"tags":[12],"class_list":["post-440","page","type-page","status-publish","has-post-thumbnail","hentry","category-pos-graduacao-ead","tag-pos-ead-educacao"],"_links":{"self":[{"href":"https:\/\/portal.unisepe.com.br\/ead\/wp-json\/wp\/v2\/pages\/440","targetHints":{"allow":["GET"]}}],"collection":[{"href":"https:\/\/portal.unisepe.com.br\/ead\/wp-json\/wp\/v2\/pages"}],"about":[{"href":"https:\/\/portal.unisepe.com.br\/ead\/wp-json\/wp\/v2\/types\/page"}],"author":[{"embeddable":true,"href":"https:\/\/portal.unisepe.com.br\/ead\/wp-json\/wp\/v2\/users\/1"}],"replies":[{"embeddable":true,"href":"https:\/\/portal.unisepe.com.br\/ead\/wp-json\/wp\/v2\/comments?post=440"}],"version-history":[{"count":5,"href":"https:\/\/portal.unisepe.com.br\/ead\/wp-json\/wp\/v2\/pages\/440\/revisions"}],"predecessor-version":[{"id":1814,"href":"https:\/\/portal.unisepe.com.br\/ead\/wp-json\/wp\/v2\/pages\/440\/revisions\/1814"}],"up":[{"embeddable":true,"href":"https:\/\/portal.unisepe.com.br\/ead\/wp-json\/wp\/v2\/pages\/391"}],"wp:featuredmedia":[{"embeddable":true,"href":"https:\/\/portal.unisepe.com.br\/ead\/wp-json\/wp\/v2\/media\/772"}],"wp:attachment":[{"href":"https:\/\/portal.unisepe.com.br\/ead\/wp-json\/wp\/v2\/media?parent=440"}],"wp:term":[{"taxonomy":"category","embeddable":true,"href":"https:\/\/portal.unisepe.com.br\/ead\/wp-json\/wp\/v2\/categories?post=440"},{"taxonomy":"post_tag","embeddable":true,"href":"https:\/\/portal.unisepe.com.br\/ead\/wp-json\/wp\/v2\/tags?post=440"}],"curies":[{"name":"wp","href":"https:\/\/api.w.org\/{rel}","templated":true}]}}