{"id":467,"date":"2018-12-10T21:33:22","date_gmt":"2018-12-10T23:33:22","guid":{"rendered":"http:\/\/portal.unisepe.com.br\/ead\/?page_id=467"},"modified":"2026-03-31T16:35:24","modified_gmt":"2026-03-31T19:35:24","slug":"administracao-2","status":"publish","type":"page","link":"https:\/\/portal.unisepe.com.br\/ead\/administracao-2\/","title":{"rendered":"Administra\u00e7\u00e3o"},"content":{"rendered":"<ul>\n<li style=\"text-align: right;\"><strong><a href=\"http:\/\/portal.unisepe.com.br\/ead\/administracao\/matriz-curricular\/\">Matriz Curricular<\/a><\/strong><\/li>\n<\/ul>\n<p><strong>CONCEP\u00c7\u00c3O DO CURSO<\/strong><\/p>\n<p style=\"text-align: justify;\">Os princ\u00edpios norteadores b\u00e1sicos do Curso de Administra\u00e7\u00e3o da UNISEPE-EAD evidenciam a sua concep\u00e7\u00e3o em valores human\u00edsticos e \u00e9ticos, relev\u00e2ncia acad\u00eamica e atualidade cient\u00edfico-tecnol\u00f3gica, objetivando formar profissionais com capacidade de atuar em atividades pr\u00f3prias ao campo profissional do Administrador como profiss\u00e3o liberal ou n\u00e3o, promovendo o desenvolvimento das organiza\u00e7\u00f5es e da sociedade, compreendendo tamb\u00e9m o macro ambiente e as rela\u00e7\u00f5es nele existentes.<\/p>\n<p style=\"text-align: justify;\">A forma\u00e7\u00e3o acad\u00eamica generalista \u00e9 caracter\u00edstica dos cursos de Administra\u00e7\u00e3o, que procuram instigar os acad\u00eamicos para todas as \u00e1reas de gest\u00e3o, preparando-os para o mundo, e principalmente, desenvolvendo e potencializando o esp\u00edrito empreendedor, intr\u00ednseco ao curso. J\u00e1 a forma\u00e7\u00e3o human\u00edstica deve estar presente em todos os componentes curriculares, pois administrar pressup\u00f5e a intera\u00e7\u00e3o com as pessoas e o respeito e compreens\u00e3o das diversidades.<\/p>\n<p style=\"text-align: justify;\">Para a consolida\u00e7\u00e3o desse perfil generalista, o curso busca capacitar profissionais qualificados para criar, manter e melhorar os processos de gest\u00e3o em organiza\u00e7\u00f5es p\u00fablicas e privadas (com ou sem fins lucrativos) nas diversas \u00e1reas da Administra\u00e7\u00e3o.<\/p>\n<p style=\"text-align: justify;\">Neste contexto, o curso fundamenta-se em concep\u00e7\u00e3o cr\u00edtica acerca das rela\u00e7\u00f5es existentes entre educa\u00e7\u00e3o, sociedade e trabalho, para que possamos demonstrar que o processo de aquisi\u00e7\u00e3o de conhecimento \u00e9 compreendido como decorr\u00eancia da intera\u00e7\u00e3o do acad\u00eamico com o meio no qual est\u00e1 inserido, cabendo ao professor mediar o processo e articular dessa intera\u00e7\u00e3o atrav\u00e9s do ensino, pesquisa e extens\u00e3o. .<\/p>\n<p style=\"text-align: justify;\">Assim buscar\u00e1:<\/p>\n<ul>\n<li style=\"text-align: justify;\">Utilizar m\u00e9todos de ensino fundamentados nos princ\u00edpios da psicologia cognitiva, que privilegie a atividade e iniciativa dos acad\u00eamicos, al\u00e9m de propiciar o di\u00e1logo, respeitar os interesses e os diferentes est\u00e1gios do desenvolvimento cognitivo do acad\u00eamico.<\/li>\n<li style=\"text-align: justify;\">Utilizar uma abordagem que privilegie a sua dimens\u00e3o cr\u00edtica e criativa, permitindo resgatar a dimens\u00e3o humana do trabalho, a interven\u00e7\u00e3o consciente na gest\u00e3o de neg\u00f3cios e o fortalecimento do exerc\u00edcio da cidadania.<\/li>\n<li style=\"text-align: justify;\">Adotar procedimentos que visem a problematiza\u00e7\u00e3o dos assuntos tratados e a assimila\u00e7\u00e3o ativa dos conhecimentos, visando preparar o acad\u00eamico para um desempenho profissional adequado \u00e0s necessidades empresariais.<\/li>\n<li style=\"text-align: justify;\">Criar condi\u00e7\u00f5es para o desenvolvimento das capacidades de abstra\u00e7\u00e3o e reflex\u00e3o sobre a atividade realizada, no sentido de criar no acad\u00eamico um processo de senso cr\u00edtico e anal\u00edtico com rela\u00e7\u00e3o aos fatos administrativos, sociais e econ\u00f4micos.<\/li>\n<li style=\"text-align: justify;\">Orientar o acad\u00eamico no processo de aprender, a ter controle sobre sua capacidade de receber e processar informa\u00e7\u00f5es.<\/li>\n<\/ul>\n<p><strong>\u00a0<\/strong><\/p>\n<p><strong>OBJETIVO GERAL<\/strong><\/p>\n<p style=\"text-align: justify;\">Formar bachar\u00e9is, voltados para o atendimento das necessidades organizacionais p\u00fablicas e privadas, comprometidos com as quest\u00f5es pol\u00edtico-s\u00f3cio-econ\u00f4micas da atualidade e capazes de desenvolver um conjunto de habilidades e compet\u00eancias que o credenciam a intervir nos processos organizacionais, de maneira pro ativa e dentro dos princ\u00edpios \u00e9ticos, visando assegurar n\u00edveis de competitividade estrat\u00e9gica dentro de uma vis\u00e3o global e local de sua atividade na regi\u00e3o.<\/p>\n<p>&nbsp;<\/p>\n<p><strong>OBJETIVOS ESPEC\u00cdFICOS<\/strong><\/p>\n<ul>\n<li style=\"text-align: justify;\">Proporcionar aos acad\u00eamicos o necess\u00e1rio embasamento te\u00f3rico e pr\u00e1tico nos diversos campos da administra\u00e7\u00e3o;<\/li>\n<li style=\"text-align: justify;\">Promover a internaliza\u00e7\u00e3o de valores de responsabilidade social, justi\u00e7a e \u00e9tica profissional;<\/li>\n<li style=\"text-align: justify;\">Formar profissionais empreendedores preparados para atuar na gest\u00e3o dos variados tipos de empresas (p\u00fablica, privada e organiza\u00e7\u00e3o da sociedade civil) como agentes de informa\u00e7\u00e3o, de moderniza\u00e7\u00e3o e de responsabilidade social;<\/li>\n<li style=\"text-align: justify;\">Preparar profissionais capazes de gerenciar a din\u00e2mica de uma empresa, atento \u00e0s transforma\u00e7\u00f5es do meio, na busca de solu\u00e7\u00f5es criativas e \u00e9tico-cidad\u00e3s;<\/li>\n<li style=\"text-align: justify;\">Formar profissionais aptos a responder \u00e0s demandas da cidadania e do desenvolvimento econ\u00f4mico e cient\u00edfico a partir da \u00e1rea de administra\u00e7\u00e3o;<\/li>\n<li style=\"text-align: justify;\">Proporcionar aos administradores a compreens\u00e3o da necessidade do cont\u00ednuo aperfei\u00e7oamento profissional.<\/li>\n<\/ul>\n","protected":false},"excerpt":{"rendered":"<p>Matriz Curricular CONCEP\u00c7\u00c3O DO CURSO Os princ\u00edpios norteadores b\u00e1sicos do Curso de Administra\u00e7\u00e3o da UNISEPE-EAD evidenciam a sua concep\u00e7\u00e3o em valores human\u00edsticos e \u00e9ticos, relev\u00e2ncia acad\u00eamica e atualidade cient\u00edfico-tecnol\u00f3gica, objetivando formar profissionais com capacidade de atuar em atividades pr\u00f3prias ao campo profissional do Administrador como profiss\u00e3o liberal ou n\u00e3o, promovendo<\/p>\n","protected":false},"author":1,"featured_media":0,"parent":0,"menu_order":0,"comment_status":"closed","ping_status":"closed","template":"templates\/template-curso_menu_vertical.php","meta":{"footnotes":""},"categories":[1],"tags":[15],"class_list":["post-467","page","type-page","status-publish","hentry","category-graduacao-digital-ead","tag-graduacao-ead-bacharelado"],"_links":{"self":[{"href":"https:\/\/portal.unisepe.com.br\/ead\/wp-json\/wp\/v2\/pages\/467","targetHints":{"allow":["GET"]}}],"collection":[{"href":"https:\/\/portal.unisepe.com.br\/ead\/wp-json\/wp\/v2\/pages"}],"about":[{"href":"https:\/\/portal.unisepe.com.br\/ead\/wp-json\/wp\/v2\/types\/page"}],"author":[{"embeddable":true,"href":"https:\/\/portal.unisepe.com.br\/ead\/wp-json\/wp\/v2\/users\/1"}],"replies":[{"embeddable":true,"href":"https:\/\/portal.unisepe.com.br\/ead\/wp-json\/wp\/v2\/comments?post=467"}],"version-history":[{"count":3,"href":"https:\/\/portal.unisepe.com.br\/ead\/wp-json\/wp\/v2\/pages\/467\/revisions"}],"predecessor-version":[{"id":813,"href":"https:\/\/portal.unisepe.com.br\/ead\/wp-json\/wp\/v2\/pages\/467\/revisions\/813"}],"wp:attachment":[{"href":"https:\/\/portal.unisepe.com.br\/ead\/wp-json\/wp\/v2\/media?parent=467"}],"wp:term":[{"taxonomy":"category","embeddable":true,"href":"https:\/\/portal.unisepe.com.br\/ead\/wp-json\/wp\/v2\/categories?post=467"},{"taxonomy":"post_tag","embeddable":true,"href":"https:\/\/portal.unisepe.com.br\/ead\/wp-json\/wp\/v2\/tags?post=467"}],"curies":[{"name":"wp","href":"https:\/\/api.w.org\/{rel}","templated":true}]}}