{"id":502,"date":"2018-12-10T21:56:17","date_gmt":"2018-12-10T23:56:17","guid":{"rendered":"http:\/\/portal.unisepe.com.br\/ead\/?page_id=502"},"modified":"2026-03-31T16:46:25","modified_gmt":"2026-03-31T19:46:25","slug":"processos-gerenciais","status":"publish","type":"page","link":"https:\/\/portal.unisepe.com.br\/ead\/processos-gerenciais\/","title":{"rendered":"Processos Gerenciais"},"content":{"rendered":"<ul>\n<li style=\"text-align: right;\"><a href=\"http:\/\/portal.unisepe.com.br\/ead\/processos-gerenciais\/matriz-curricular\/\"><strong>Matriz Curricular<\/strong><\/a><\/li>\n<\/ul>\n<p><strong>CONCEP\u00c7\u00c3O DO CURSO<\/strong><\/p>\n<p style=\"text-align: justify;\">Coerente com as diretrizes da UNISEPE-EaD, o curso de Tecnologia em Processos Gerenciais &#8211; EAD busca a forma\u00e7\u00e3o de profissionais com compet\u00eancias espec\u00edficas para a \u00e1rea, aptos para inser\u00e7\u00e3o em setores da vida produtiva, que possam contribuir para o desenvolvimento da sociedade, cr\u00edticos, participantes ativos em suas comunidades e estabelecendo rela\u00e7\u00e3o de reciprocidade.<\/p>\n<p style=\"text-align: justify;\">Ciente da consci\u00eancia da responsabilidade social que o acompanha, busca caracterizar suas a\u00e7\u00f5es pelo comprometimento com a comunidade, a democratiza\u00e7\u00e3o das oportunidades educacionais e criando condi\u00e7\u00f5es de inser\u00e7\u00e3o social para os egressos do ensino m\u00e9dio, contribuindo para a forma\u00e7\u00e3o de profissionais capacitados e para um processo de desenvolvimento sustent\u00e1vel que \u00e9 hoje um dos anseios da sociedade.<\/p>\n<p style=\"text-align: justify;\">Assim, ao estabelecer como filosofia de trabalho a inser\u00e7\u00e3o permanente na realidade social, o Curso Superior de Tecnologia em Processos Gerenciais estar\u00e1 contribuindo para a redu\u00e7\u00e3o das desigualdades sociais e regionais.<\/p>\n<p>&nbsp;<\/p>\n<p><strong>OBJETIVO GERAL<\/strong><\/p>\n<p style=\"text-align: justify;\">O Curso Superior de Tecnologia em Processos Gerenciais tem como objetivo formar recursos humanos preparados para administrar com excel\u00eancia as Micros, Pequenas e M\u00e9dias Empresas, capazes de atuar de forma empreendedora, empregando modelos inovadores de gest\u00e3o, e capacitados para se adequar as exig\u00eancia de um mercado competitivo e em constante transforma\u00e7\u00e3o.<\/p>\n<p><strong>\u00a0<\/strong><\/p>\n<p><strong>OBJETIVOS ESPEC\u00cdFICOS<\/strong><\/p>\n<p style=\"text-align: justify;\">Para o atendimento das necessidades do mercado o curso tem como finalidades:<\/p>\n<ul>\n<li style=\"text-align: justify;\">Formar profissionais com compet\u00eancia para desenvolver atividades Neg\u00f3cio de Micro, Pequenas e M\u00e9dias Empresas.<\/li>\n<li style=\"text-align: justify;\">Formar profissionais com compet\u00eancia para desenvolver atividades de Controle e Avalia\u00e7\u00e3o de Micro, Pequenas e M\u00e9dias empresas;<\/li>\n<li style=\"text-align: justify;\">Formar profissionais com compet\u00eancia para desenvolver atividades Comerciais de Micro, Pequenas e M\u00e9dias Empresas;<\/li>\n<li style=\"text-align: justify;\">Formar profissionais com compet\u00eancia para desenvolver atividades de Planejamento de Micro, Pequenas e M\u00e9dias Empresas.<\/li>\n<\/ul>\n","protected":false},"excerpt":{"rendered":"<p>Matriz Curricular CONCEP\u00c7\u00c3O DO CURSO Coerente com as diretrizes da UNISEPE-EaD, o curso de Tecnologia em Processos Gerenciais &#8211; EAD busca a forma\u00e7\u00e3o de profissionais com compet\u00eancias espec\u00edficas para a \u00e1rea, aptos para inser\u00e7\u00e3o em setores da vida produtiva, que possam contribuir para o desenvolvimento da sociedade, cr\u00edticos, participantes ativos<\/p>\n","protected":false},"author":1,"featured_media":0,"parent":0,"menu_order":0,"comment_status":"closed","ping_status":"closed","template":"templates\/template-curso_menu_vertical.php","meta":{"footnotes":""},"categories":[1],"tags":[16],"class_list":["post-502","page","type-page","status-publish","hentry","category-graduacao-digital-ead","tag-graduacao-ead-tecnologo"],"_links":{"self":[{"href":"https:\/\/portal.unisepe.com.br\/ead\/wp-json\/wp\/v2\/pages\/502","targetHints":{"allow":["GET"]}}],"collection":[{"href":"https:\/\/portal.unisepe.com.br\/ead\/wp-json\/wp\/v2\/pages"}],"about":[{"href":"https:\/\/portal.unisepe.com.br\/ead\/wp-json\/wp\/v2\/types\/page"}],"author":[{"embeddable":true,"href":"https:\/\/portal.unisepe.com.br\/ead\/wp-json\/wp\/v2\/users\/1"}],"replies":[{"embeddable":true,"href":"https:\/\/portal.unisepe.com.br\/ead\/wp-json\/wp\/v2\/comments?post=502"}],"version-history":[{"count":4,"href":"https:\/\/portal.unisepe.com.br\/ead\/wp-json\/wp\/v2\/pages\/502\/revisions"}],"predecessor-version":[{"id":820,"href":"https:\/\/portal.unisepe.com.br\/ead\/wp-json\/wp\/v2\/pages\/502\/revisions\/820"}],"wp:attachment":[{"href":"https:\/\/portal.unisepe.com.br\/ead\/wp-json\/wp\/v2\/media?parent=502"}],"wp:term":[{"taxonomy":"category","embeddable":true,"href":"https:\/\/portal.unisepe.com.br\/ead\/wp-json\/wp\/v2\/categories?post=502"},{"taxonomy":"post_tag","embeddable":true,"href":"https:\/\/portal.unisepe.com.br\/ead\/wp-json\/wp\/v2\/tags?post=502"}],"curies":[{"name":"wp","href":"https:\/\/api.w.org\/{rel}","templated":true}]}}