{"id":643,"date":"2019-09-12T10:08:40","date_gmt":"2019-09-12T13:08:40","guid":{"rendered":"http:\/\/portal.unisepe.com.br\/ead\/?page_id=643"},"modified":"2026-03-31T16:57:02","modified_gmt":"2026-03-31T19:57:02","slug":"biomedicina","status":"publish","type":"page","link":"https:\/\/portal.unisepe.com.br\/ead\/biomedicina\/","title":{"rendered":"Biomedicina"},"content":{"rendered":"<ul>\n<li style=\"text-align: right;\"><strong><a href=\"http:\/\/portal.unisepe.com.br\/ead\/biomedicina\/matriz-curricular\/\">Matriz Curricular<\/a><\/strong><\/li>\n<\/ul>\n<p><strong>Perfil de egresso<\/strong><\/p>\n<p style=\"text-align: justify;\">Profissional Biom\u00e9dico generalista, cl\u00ednico, humanista, cr\u00edtico, reflexivo e \u00e9tico. Profissional qualificado para o exerc\u00edcio da Biomedicina, com base no rigor cient\u00edfico e intelectual e pautado em princ\u00edpios \u00e9ticos. Capaz de intervir sobre os problemas\/situa\u00e7\u00f5es de sa\u00fade-doen\u00e7a mais prevalentes no perfil epidemiol\u00f3gico nacional, com \u00eanfase na sua regi\u00e3o de atua\u00e7\u00e3o, identificando as dimens\u00f5es bio-psico-sociais dos seus determinantes. Capacitado a atuar, com senso de responsabilidade social e compromisso com a cidadania, como promotor da sa\u00fade integral do ser humano e responsabilidade com o Meio Ambiente.<\/p>\n<p style=\"text-align: justify;\">Consciente dos direitos e deveres preconizados pelo C\u00f3digo de \u00c9tica da Profiss\u00e3o de Biom\u00e9dicos e pela Lei do Exerc\u00edcio Profissional da Biomedicina, agente de transforma\u00e7\u00e3o no processo de desenvolvimento humano, pol\u00edtico e social; preparado para desenvolver a pr\u00e1xis fundamentada nos princ\u00edpios e diretrizes das pol\u00edticas p\u00fablicas de sa\u00fade no trabalho multiprofissional e interdisciplinar. Instrumentalizado para desenvolver pesquisa na \u00e1rea da Sa\u00fade e Diagn\u00f3sticos. Caracterizando assim o profissional Biom\u00e9dico rapidamente absorvido no mercado de trabalho, devido \u00e0 crescente necessidade de profissionais da sa\u00fade com este perfil.<\/p>\n","protected":false},"excerpt":{"rendered":"<p>Matriz Curricular Perfil de egresso Profissional Biom\u00e9dico generalista, cl\u00ednico, humanista, cr\u00edtico, reflexivo e \u00e9tico. Profissional qualificado para o exerc\u00edcio da Biomedicina, com base no rigor cient\u00edfico e intelectual e pautado em princ\u00edpios \u00e9ticos. Capaz de intervir sobre os problemas\/situa\u00e7\u00f5es de sa\u00fade-doen\u00e7a mais prevalentes no perfil epidemiol\u00f3gico nacional, com \u00eanfase na<\/p>\n","protected":false},"author":1,"featured_media":0,"parent":0,"menu_order":0,"comment_status":"closed","ping_status":"closed","template":"templates\/template-curso_menu_vertical.php","meta":{"footnotes":""},"categories":[9],"tags":[15],"class_list":["post-643","page","type-page","status-publish","hentry","category-semipresencial","tag-graduacao-ead-bacharelado"],"_links":{"self":[{"href":"https:\/\/portal.unisepe.com.br\/ead\/wp-json\/wp\/v2\/pages\/643","targetHints":{"allow":["GET"]}}],"collection":[{"href":"https:\/\/portal.unisepe.com.br\/ead\/wp-json\/wp\/v2\/pages"}],"about":[{"href":"https:\/\/portal.unisepe.com.br\/ead\/wp-json\/wp\/v2\/types\/page"}],"author":[{"embeddable":true,"href":"https:\/\/portal.unisepe.com.br\/ead\/wp-json\/wp\/v2\/users\/1"}],"replies":[{"embeddable":true,"href":"https:\/\/portal.unisepe.com.br\/ead\/wp-json\/wp\/v2\/comments?post=643"}],"version-history":[{"count":2,"href":"https:\/\/portal.unisepe.com.br\/ead\/wp-json\/wp\/v2\/pages\/643\/revisions"}],"predecessor-version":[{"id":1168,"href":"https:\/\/portal.unisepe.com.br\/ead\/wp-json\/wp\/v2\/pages\/643\/revisions\/1168"}],"wp:attachment":[{"href":"https:\/\/portal.unisepe.com.br\/ead\/wp-json\/wp\/v2\/media?parent=643"}],"wp:term":[{"taxonomy":"category","embeddable":true,"href":"https:\/\/portal.unisepe.com.br\/ead\/wp-json\/wp\/v2\/categories?post=643"},{"taxonomy":"post_tag","embeddable":true,"href":"https:\/\/portal.unisepe.com.br\/ead\/wp-json\/wp\/v2\/tags?post=643"}],"curies":[{"name":"wp","href":"https:\/\/api.w.org\/{rel}","templated":true}]}}