{"id":656,"date":"2019-09-12T10:20:01","date_gmt":"2019-09-12T13:20:01","guid":{"rendered":"http:\/\/portal.unisepe.com.br\/ead\/?page_id=656"},"modified":"2026-03-31T16:36:23","modified_gmt":"2026-03-31T19:36:23","slug":"cst-analise-e-des-de-sistemas","status":"publish","type":"page","link":"https:\/\/portal.unisepe.com.br\/ead\/cst-analise-e-des-de-sistemas\/","title":{"rendered":"An\u00e1lise e Des. de Sistemas"},"content":{"rendered":"<ul>\n<li style=\"text-align: right;\"><strong><a href=\"http:\/\/portal.unisepe.com.br\/ead\/cst-analise-e-des-de-sistemas\/matriz-curricular\/\">Matriz Curricular<\/a><\/strong><\/li>\n<\/ul>\n<p style=\"text-align: justify;\"><strong>Tecnologia em An\u00e1lise e Desenvolvimento de Sistemas<\/strong><\/p>\n<p style=\"text-align: justify;\">Este curso Superior de Tecnologia habilita rapidamente o aluno para o mercado de trabalho, pois \u00e9 voltado para o dom\u00ednio e aplica\u00e7\u00e3o de conhecimentos espec\u00edficos em An\u00e1lise e Desenvolvimento de Softwares. Para isto o profissional projeta, documenta, constr\u00f3i, testa e implanta os softwares. Poder\u00e1 atuar em \u00e1reas como, bancos, ind\u00fastrias, desenvolvedores de jogos, em arte, em universidades, em sites e redes sociais, ou seja, em praticamente qualquer \u00e1rea de atividade que se possa pensar. \u00c9 um campo imenso!<\/p>\n<p style=\"text-align: justify;\">O curso Superior de Tecnologia em An\u00e1lise e Desenvolvimento de Sistemas da UNISEPE concede um diploma de n\u00edvel superior aos seus concluintes, muito reconhecido no mercado de trabalho. O profissional formado em ADS poder\u00e1 buscar novos conhecimentos em cursos de p\u00f3s-gradua\u00e7\u00e3o.<\/p>\n<p>&nbsp;<\/p>\n<p style=\"text-align: justify;\"><strong>O que aprende durante o curso?<\/strong><\/p>\n<p style=\"text-align: justify;\">Gest\u00e3o da Tecnologia da Informa\u00e7\u00e3o, L\u00f3gica da Programa\u00e7\u00e3o, Manuten\u00e7\u00e3o de Computadores (Arquitetura de Computadores), Gerenciamento de Projetos, Redes de Computadores, Banco de Dados, Servi\u00e7os em Nuvem, An\u00e1lise de Dados para Big Data, Programa\u00e7\u00e3o Estruturada, Desenvolvimento de Aplicativos para Mobile, Rob\u00f3tica (Computa\u00e7\u00e3o Embarcada), Desenvolvimento Web, Minera\u00e7\u00e3o de Dados, Realidade Virtual, Modelagem 2D e 3D, T\u00e9cnicas Avan\u00e7adas em Intelig\u00eancia Artificial, Desenvolvimento de Jogos e muitos mais.<\/p>\n<p style=\"text-align: justify;\"><strong>O Mercado de Trabalho<\/strong><\/p>\n<p style=\"text-align: justify;\">Segundo a principal associa\u00e7\u00e3o das empresas de software do pa\u00eds, h\u00e1 uma falta de 116 mil profissionais de Tecnologia da Informa\u00e7\u00e3o no mercado. Essa tend\u00eancia \u00e9 mundial, e alunos da UNISEPE est\u00e3o obtendo excelentes coloca\u00e7\u00f5es n\u00e3o s\u00f3 no Brasil, mas tamb\u00e9m no exterior. Os sal\u00e1rios est\u00e3o muito altos, bem maiores do que em outras \u00e1reas, o que \u00e9 um grande atrativo para os estudantes.<\/p>\n<p style=\"text-align: justify;\"><strong>\u00c1rea de atua\u00e7\u00e3o:<\/strong><\/p>\n<p style=\"text-align: justify;\">A \u00e1rea de atua\u00e7\u00e3o do profissional de An\u00e1lise e Desenvolvimento de Sistemas \u00e9 ampla, por conta da depend\u00eancia tecnol\u00f3gica do mercado atual. O analista e desenvolvedor de sistemas poder\u00e1 atuar em praticamente todos os setores da economia, da educa\u00e7\u00e3o \u00e0 ind\u00fastria, podendo atuar em: Empresas; Ind\u00fastrias; Hospitais; Servi\u00e7os; Escolas ou, ainda, como programador, analista, desenvolvedor ou profissional de redes e etc\u2026<\/p>\n","protected":false},"excerpt":{"rendered":"<p>Matriz Curricular Tecnologia em An\u00e1lise e Desenvolvimento de Sistemas Este curso Superior de Tecnologia habilita rapidamente o aluno para o mercado de trabalho, pois \u00e9 voltado para o dom\u00ednio e aplica\u00e7\u00e3o de conhecimentos espec\u00edficos em An\u00e1lise e Desenvolvimento de Softwares. Para isto o profissional projeta, documenta, constr\u00f3i, testa e implanta<\/p>\n","protected":false},"author":1,"featured_media":0,"parent":0,"menu_order":0,"comment_status":"closed","ping_status":"closed","template":"templates\/template-curso_menu_vertical.php","meta":{"footnotes":""},"categories":[1],"tags":[16],"class_list":["post-656","page","type-page","status-publish","hentry","category-graduacao-digital-ead","tag-graduacao-ead-tecnologo"],"_links":{"self":[{"href":"https:\/\/portal.unisepe.com.br\/ead\/wp-json\/wp\/v2\/pages\/656","targetHints":{"allow":["GET"]}}],"collection":[{"href":"https:\/\/portal.unisepe.com.br\/ead\/wp-json\/wp\/v2\/pages"}],"about":[{"href":"https:\/\/portal.unisepe.com.br\/ead\/wp-json\/wp\/v2\/types\/page"}],"author":[{"embeddable":true,"href":"https:\/\/portal.unisepe.com.br\/ead\/wp-json\/wp\/v2\/users\/1"}],"replies":[{"embeddable":true,"href":"https:\/\/portal.unisepe.com.br\/ead\/wp-json\/wp\/v2\/comments?post=656"}],"version-history":[{"count":4,"href":"https:\/\/portal.unisepe.com.br\/ead\/wp-json\/wp\/v2\/pages\/656\/revisions"}],"predecessor-version":[{"id":1167,"href":"https:\/\/portal.unisepe.com.br\/ead\/wp-json\/wp\/v2\/pages\/656\/revisions\/1167"}],"wp:attachment":[{"href":"https:\/\/portal.unisepe.com.br\/ead\/wp-json\/wp\/v2\/media?parent=656"}],"wp:term":[{"taxonomy":"category","embeddable":true,"href":"https:\/\/portal.unisepe.com.br\/ead\/wp-json\/wp\/v2\/categories?post=656"},{"taxonomy":"post_tag","embeddable":true,"href":"https:\/\/portal.unisepe.com.br\/ead\/wp-json\/wp\/v2\/tags?post=656"}],"curies":[{"name":"wp","href":"https:\/\/api.w.org\/{rel}","templated":true}]}}