{"id":682,"date":"2019-09-12T10:42:49","date_gmt":"2019-09-12T13:42:49","guid":{"rendered":"http:\/\/portal.unisepe.com.br\/ead\/?page_id=682"},"modified":"2026-03-31T16:44:37","modified_gmt":"2026-03-31T19:44:37","slug":"logistica","status":"publish","type":"page","link":"https:\/\/portal.unisepe.com.br\/ead\/logistica\/","title":{"rendered":"Log\u00edstica"},"content":{"rendered":"<ul>\n<li style=\"text-align: right;\"><strong><a href=\"http:\/\/portal.unisepe.com.br\/ead\/logistica\/matriz-curricular\/\">Matriz Curricular<\/a><\/strong><\/li>\n<\/ul>\n<p style=\"text-align: justify;\"><strong>Objetivo\u00a0<\/strong><\/p>\n<p style=\"text-align: justify;\">O curso superior de tecnologia em log\u00edstica tem por objetivo a capacita\u00e7\u00e3o de profissionais para o planejamento coordena\u00e7\u00e3o nas \u00e1reas de produ\u00e7\u00e3o, armazenamento, transporte, suprimentos e distribui\u00e7\u00e3o atrav\u00e9s dos canais de fornecimento ao cliente, visando redu\u00e7\u00e3o de custos, uso racional de todos os recursos envolvidos e agilidade na reposi\u00e7\u00e3o e entrega.<\/p>\n<p style=\"text-align: justify;\"><strong>Objetivos Espec\u00edficos<\/strong><\/p>\n<p style=\"text-align: justify;\">Capacitar profissionais para:<\/p>\n<ul style=\"text-align: justify;\">\n<li>Planejar e coordenar a implanta\u00e7\u00e3o e manuten\u00e7\u00e3o de sistemas de suprimentos de forma segura e compat\u00edvel com os diversos tipos de organiza\u00e7\u00f5es;<\/li>\n<li>Dimensionar sistemas de armazenamento racionais, seguros e econ\u00f4micos;<\/li>\n<li>Otimizar processos produtivos, comerciais e de presta\u00e7\u00e3o de servi\u00e7os, agregando valor pela organiza\u00e7\u00e3o estrutural e funcional dos sistemas de suprimento, armazenagem e distribui\u00e7\u00e3o;<\/li>\n<li>Tomar decis\u00f5es relativas a modalidades de transportes, considerando os fatores de custo, rapidez e seguran\u00e7a;<\/li>\n<li>Negociar acordos, parcerias e compartilhamento de processos e sistemas com terceiros, visando \u00e0 otimiza\u00e7\u00e3o de organiza\u00e7\u00f5es em geral;<\/li>\n<li>Conhecer e aplicar a legisla\u00e7\u00e3o que regulamenta os processos de log\u00edstica;<\/li>\n<li>Dimensionar as necessidades de equipamentos e softwares, especificar e\u00a0 sugerir aquisi\u00e7\u00e3o, desenvolvimento ou loca\u00e7\u00e3o.<\/li>\n<\/ul>\n<p style=\"text-align: justify;\"><strong>Perfil do egresso<\/strong><\/p>\n<p style=\"text-align: justify;\">O profissional egresso do Curso de Tecnologia em Log\u00edstica dever\u00e1 estar capacitado a:<\/p>\n<ul style=\"text-align: justify;\">\n<li>Desenvolver e gerenciar projetos que envolvam cadeias de suprimentos;<\/li>\n<li>Decidir sobre adequa\u00e7\u00e3o de modalidades de transportes de acordo com as caracter\u00edsticas de cada situa\u00e7\u00e3o;<\/li>\n<li>Desenvolver projetos de armazenamento;<\/li>\n<li>Elaborar projetos de centros de distribui\u00e7\u00e3o;<\/li>\n<li>Atuar tempestivamente em projetos de mudan\u00e7a e adequa\u00e7\u00e3o de sistemas, em caso de baixo desempenho;<\/li>\n<li>Desenvolver projetos inovadores com diferenciais competitivos gerados a partir da leitura de cen\u00e1rios e tend\u00eancias;<\/li>\n<li>Atuar como empreendedor e gerador de solu\u00e7\u00f5es criativas e inovadoras;<\/li>\n<li>Planejar e coordenar projetos direcionados para a redu\u00e7\u00e3o de custos, agilidade de processos e sistemas de suprimento, armazenamento, distribui\u00e7\u00e3o e reposi\u00e7\u00e3o;<\/li>\n<li>Integrar-se a sistemas de gest\u00e3o, colocando suas compet\u00eancias a servi\u00e7o da melhoria do desempenho organizacional e da satisfa\u00e7\u00e3o do cliente;<\/li>\n<li>Compreender o processo administrativo como um todo e a inter-rela\u00e7\u00e3o deste com sua \u00e1rea de a\u00e7\u00e3o;<\/li>\n<li>Identificar equipamentos e tecnologias auxiliares ao processo de log\u00edstica;<\/li>\n<li>Negociar e estabelecer acordos e parcerias, sempre com o objetivo de racionalizar, facilitar, compartilhar e obter ganhos entre os envolvidos;<\/li>\n<li>Gerenciar recursos materiais, tecnol\u00f3gicos, financeiros e tempo;<\/li>\n<li>Liderar pessoas e processos;<\/li>\n<li>Desenvolver h\u00e1bitos de colabora\u00e7\u00e3o e trabalho em equipe.<\/li>\n<\/ul>\n<p style=\"text-align: justify;\"><strong>Concep\u00e7\u00e3o do Curso<\/strong><\/p>\n<p style=\"text-align: justify;\">\u00a0\u00a0\u00a0\u00a0O projeto institucional da UNISEPE inclui, permanentemente, a busca efetiva do desenvolvimento e aperfei\u00e7oamento da educa\u00e7\u00e3o superior como resposta \u00e0s necessidades sociais da regi\u00e3o na qual a institui\u00e7\u00e3o est\u00e1 inserida.<br \/>\nO Centro Universit\u00e1rio do Vale do Ribeira (UNIVR), como institui\u00e7\u00e3o de educa\u00e7\u00e3o superior, t\u00eam por objetivo:<br \/>\nI. formar de profissionais e especialistas de n\u00edvel superior;<br \/>\nII. realizar pesquisas e o est\u00edmulo de atividades criadoras;<br \/>\nIII. promover a extens\u00e3o do ensino e da pesquisa \u00e0 comunidade mediante cursos e servi\u00e7os especiais.<\/p>\n","protected":false},"excerpt":{"rendered":"<p>Matriz Curricular Objetivo\u00a0 O curso superior de tecnologia em log\u00edstica tem por objetivo a capacita\u00e7\u00e3o de profissionais para o planejamento coordena\u00e7\u00e3o nas \u00e1reas de produ\u00e7\u00e3o, armazenamento, transporte, suprimentos e distribui\u00e7\u00e3o atrav\u00e9s dos canais de fornecimento ao cliente, visando redu\u00e7\u00e3o de custos, uso racional de todos os recursos envolvidos e agilidade<\/p>\n","protected":false},"author":1,"featured_media":0,"parent":0,"menu_order":0,"comment_status":"closed","ping_status":"closed","template":"templates\/template-curso_menu_vertical.php","meta":{"footnotes":""},"categories":[1],"tags":[16],"class_list":["post-682","page","type-page","status-publish","hentry","category-graduacao-digital-ead","tag-graduacao-ead-tecnologo"],"_links":{"self":[{"href":"https:\/\/portal.unisepe.com.br\/ead\/wp-json\/wp\/v2\/pages\/682","targetHints":{"allow":["GET"]}}],"collection":[{"href":"https:\/\/portal.unisepe.com.br\/ead\/wp-json\/wp\/v2\/pages"}],"about":[{"href":"https:\/\/portal.unisepe.com.br\/ead\/wp-json\/wp\/v2\/types\/page"}],"author":[{"embeddable":true,"href":"https:\/\/portal.unisepe.com.br\/ead\/wp-json\/wp\/v2\/users\/1"}],"replies":[{"embeddable":true,"href":"https:\/\/portal.unisepe.com.br\/ead\/wp-json\/wp\/v2\/comments?post=682"}],"version-history":[{"count":3,"href":"https:\/\/portal.unisepe.com.br\/ead\/wp-json\/wp\/v2\/pages\/682\/revisions"}],"predecessor-version":[{"id":967,"href":"https:\/\/portal.unisepe.com.br\/ead\/wp-json\/wp\/v2\/pages\/682\/revisions\/967"}],"wp:attachment":[{"href":"https:\/\/portal.unisepe.com.br\/ead\/wp-json\/wp\/v2\/media?parent=682"}],"wp:term":[{"taxonomy":"category","embeddable":true,"href":"https:\/\/portal.unisepe.com.br\/ead\/wp-json\/wp\/v2\/categories?post=682"},{"taxonomy":"post_tag","embeddable":true,"href":"https:\/\/portal.unisepe.com.br\/ead\/wp-json\/wp\/v2\/tags?post=682"}],"curies":[{"name":"wp","href":"https:\/\/api.w.org\/{rel}","templated":true}]}}