{"id":686,"date":"2019-09-12T10:46:08","date_gmt":"2019-09-12T13:46:08","guid":{"rendered":"http:\/\/portal.unisepe.com.br\/ead\/?page_id=686"},"modified":"2026-03-31T16:44:52","modified_gmt":"2026-03-31T19:44:52","slug":"marketing","status":"publish","type":"page","link":"https:\/\/portal.unisepe.com.br\/ead\/marketing\/","title":{"rendered":"Marketing"},"content":{"rendered":"<ul>\n<li style=\"text-align: right;\"><strong><a href=\"http:\/\/portal.unisepe.com.br\/ead\/marketing\/matriz-curricular\/\">Matriz Curricular<\/a><\/strong><\/li>\n<\/ul>\n<p style=\"text-align: justify;\"><span>O Tecn\u00f3logo em Marketing \u00e9 o profissional respons\u00e1vel pela elabora\u00e7\u00e3o de estrat\u00e9gias de vendas que atraiam e mantenham clientes. Ele estuda o mercado e seu ambiente socioecon\u00f4mico para criar e inovar produtos ou servi\u00e7os, promovendo-os, solidificando sua marca no mercado e definindo estrat\u00e9gias, p\u00fablico-alvo e pre\u00e7os a serem praticados.Atento \u00e0s constantes mudan\u00e7as, este profissional comunica e cria relacionamentos com consumidores, antecipa tend\u00eancias, aproveita oportunidades de mercado e analisa riscos. Aspectos da legisla\u00e7\u00e3o que regulam as atividades de comercializa\u00e7\u00e3o, consumo, contratos comerciais, normas de higiene e seguran\u00e7a, quest\u00f5es tribut\u00e1rias e fiscais est\u00e3o diretamente ligados \u00e0s atribui\u00e7\u00f5es deste profissional.<\/span><\/p>\n","protected":false},"excerpt":{"rendered":"<p>Matriz Curricular O Tecn\u00f3logo em Marketing \u00e9 o profissional respons\u00e1vel pela elabora\u00e7\u00e3o de estrat\u00e9gias de vendas que atraiam e mantenham clientes. Ele estuda o mercado e seu ambiente socioecon\u00f4mico para criar e inovar produtos ou servi\u00e7os, promovendo-os, solidificando sua marca no mercado e definindo estrat\u00e9gias, p\u00fablico-alvo e pre\u00e7os a serem<\/p>\n","protected":false},"author":1,"featured_media":0,"parent":0,"menu_order":0,"comment_status":"closed","ping_status":"closed","template":"templates\/template-curso_menu_vertical.php","meta":{"footnotes":""},"categories":[1],"tags":[16],"class_list":["post-686","page","type-page","status-publish","hentry","category-graduacao-digital-ead","tag-graduacao-ead-tecnologo"],"_links":{"self":[{"href":"https:\/\/portal.unisepe.com.br\/ead\/wp-json\/wp\/v2\/pages\/686","targetHints":{"allow":["GET"]}}],"collection":[{"href":"https:\/\/portal.unisepe.com.br\/ead\/wp-json\/wp\/v2\/pages"}],"about":[{"href":"https:\/\/portal.unisepe.com.br\/ead\/wp-json\/wp\/v2\/types\/page"}],"author":[{"embeddable":true,"href":"https:\/\/portal.unisepe.com.br\/ead\/wp-json\/wp\/v2\/users\/1"}],"replies":[{"embeddable":true,"href":"https:\/\/portal.unisepe.com.br\/ead\/wp-json\/wp\/v2\/comments?post=686"}],"version-history":[{"count":2,"href":"https:\/\/portal.unisepe.com.br\/ead\/wp-json\/wp\/v2\/pages\/686\/revisions"}],"predecessor-version":[{"id":895,"href":"https:\/\/portal.unisepe.com.br\/ead\/wp-json\/wp\/v2\/pages\/686\/revisions\/895"}],"wp:attachment":[{"href":"https:\/\/portal.unisepe.com.br\/ead\/wp-json\/wp\/v2\/media?parent=686"}],"wp:term":[{"taxonomy":"category","embeddable":true,"href":"https:\/\/portal.unisepe.com.br\/ead\/wp-json\/wp\/v2\/categories?post=686"},{"taxonomy":"post_tag","embeddable":true,"href":"https:\/\/portal.unisepe.com.br\/ead\/wp-json\/wp\/v2\/tags?post=686"}],"curies":[{"name":"wp","href":"https:\/\/api.w.org\/{rel}","templated":true}]}}