{"id":730,"date":"2019-09-12T13:50:32","date_gmt":"2019-09-12T16:50:32","guid":{"rendered":"http:\/\/portal.unisepe.com.br\/ead\/?page_id=730"},"modified":"2026-03-31T17:00:48","modified_gmt":"2026-03-31T20:00:48","slug":"nutricao","status":"publish","type":"page","link":"https:\/\/portal.unisepe.com.br\/ead\/nutricao\/","title":{"rendered":"Nutri\u00e7\u00e3o"},"content":{"rendered":"<ul>\n<li style=\"text-align: right;\"><strong><a href=\"http:\/\/portal.unisepe.com.br\/ead\/nutricao\/matriz-curricular\/\">Matriz Curricular<\/a><\/strong><\/li>\n<\/ul>\n<p style=\"text-align: justify;\"><strong>Objetivo:<\/strong><\/p>\n<p style=\"text-align: justify;\">O Curso de Bacharelado em Nutri\u00e7\u00e3o da UNISEPE tem como objetivo formar profissionais capacitados a zelar pela alimenta\u00e7\u00e3o adequada e saud\u00e1vel de indiv\u00edduos e da popula\u00e7\u00e3o como um todo, a fim de promover a sa\u00fade e melhor qualidade de vida.<\/p>\n<p style=\"text-align: justify;\"><strong>Estrutura:<\/strong><\/p>\n<p style=\"text-align: justify;\">Ele possui 3205 horas de dura\u00e7\u00e3o, distribu\u00eddas ao longo de oito semestres ou quatro anos. Nesse per\u00edodo, s\u00e3o trabalhados conte\u00fados b\u00e1sicos para a forma\u00e7\u00e3o de profissionais da sa\u00fade, no campo das ci\u00eancias biol\u00f3gicas, sociais, humanas e econ\u00f4micas, e espec\u00edficos, tais como: ci\u00eancias dos alimentos, fundamentos da alimenta\u00e7\u00e3o e nutri\u00e7\u00e3o, higiene e qualidade dos alimentos, entre outros.<\/p>\n<p style=\"text-align: justify;\"><strong>Mercado de trabalho:<\/strong><\/p>\n<p style=\"text-align: justify;\">Ap\u00f3s a formatura, o profissional Nutricionista estar\u00e1 habilitado a atuar em diversas \u00e1reas: na Alimenta\u00e7\u00e3o Coletiva, a frente do gerenciamento de cozinhas institucionais e comerciais; na Cadeia de Produ\u00e7\u00e3o, cuidando da qualidade e seguran\u00e7a dos produtos distribu\u00eddos pela ind\u00fastria e com\u00e9rcio; na Sa\u00fade Coletiva, desenvolvendo atividades de educa\u00e7\u00e3o alimentar e nutricional para a popula\u00e7\u00e3o; na Cl\u00ednica em Nutri\u00e7\u00e3o, atendendo pacientes de diferentes faixas et\u00e1rias com demanda por sa\u00fade, est\u00e9tica ou desempenho f\u00edsico; e finalmente, no Ensino, Pesquisa e Extens\u00e3o, auxiliando no desenvolvimento de estudos na \u00e1rea de alimenta\u00e7\u00e3o e nutri\u00e7\u00e3o e na forma\u00e7\u00e3o de futuros profissionais.<\/p>\n<p>&nbsp;<\/p>\n<p class=\"text-center\"><img decoding=\"async\" src=\"https:\/\/portal.unisepe.com.br\/ead\/wp-content\/uploads\/sites\/10000\/2020\/12\/nutricao.png\"\/><\/p>\n","protected":false},"excerpt":{"rendered":"<p>Matriz Curricular Objetivo: O Curso de Bacharelado em Nutri\u00e7\u00e3o da UNISEPE tem como objetivo formar profissionais capacitados a zelar pela alimenta\u00e7\u00e3o adequada e saud\u00e1vel de indiv\u00edduos e da popula\u00e7\u00e3o como um todo, a fim de promover a sa\u00fade e melhor qualidade de vida. Estrutura: Ele possui 3205 horas de dura\u00e7\u00e3o,<\/p>\n","protected":false},"author":1,"featured_media":0,"parent":0,"menu_order":0,"comment_status":"closed","ping_status":"closed","template":"templates\/template-curso_menu_vertical.php","meta":{"footnotes":""},"categories":[9],"tags":[15],"class_list":["post-730","page","type-page","status-publish","hentry","category-semipresencial","tag-graduacao-ead-bacharelado"],"_links":{"self":[{"href":"https:\/\/portal.unisepe.com.br\/ead\/wp-json\/wp\/v2\/pages\/730","targetHints":{"allow":["GET"]}}],"collection":[{"href":"https:\/\/portal.unisepe.com.br\/ead\/wp-json\/wp\/v2\/pages"}],"about":[{"href":"https:\/\/portal.unisepe.com.br\/ead\/wp-json\/wp\/v2\/types\/page"}],"author":[{"embeddable":true,"href":"https:\/\/portal.unisepe.com.br\/ead\/wp-json\/wp\/v2\/users\/1"}],"replies":[{"embeddable":true,"href":"https:\/\/portal.unisepe.com.br\/ead\/wp-json\/wp\/v2\/comments?post=730"}],"version-history":[{"count":8,"href":"https:\/\/portal.unisepe.com.br\/ead\/wp-json\/wp\/v2\/pages\/730\/revisions"}],"predecessor-version":[{"id":1388,"href":"https:\/\/portal.unisepe.com.br\/ead\/wp-json\/wp\/v2\/pages\/730\/revisions\/1388"}],"wp:attachment":[{"href":"https:\/\/portal.unisepe.com.br\/ead\/wp-json\/wp\/v2\/media?parent=730"}],"wp:term":[{"taxonomy":"category","embeddable":true,"href":"https:\/\/portal.unisepe.com.br\/ead\/wp-json\/wp\/v2\/categories?post=730"},{"taxonomy":"post_tag","embeddable":true,"href":"https:\/\/portal.unisepe.com.br\/ead\/wp-json\/wp\/v2\/tags?post=730"}],"curies":[{"name":"wp","href":"https:\/\/api.w.org\/{rel}","templated":true}]}}