{"id":738,"date":"2019-09-12T13:56:01","date_gmt":"2019-09-12T16:56:01","guid":{"rendered":"http:\/\/portal.unisepe.com.br\/ead\/?page_id=738"},"modified":"2026-03-31T17:01:15","modified_gmt":"2026-03-31T20:01:15","slug":"servico-social","status":"publish","type":"page","link":"https:\/\/portal.unisepe.com.br\/ead\/servico-social\/","title":{"rendered":"Servi\u00e7o Social"},"content":{"rendered":"<ul>\n<li style=\"text-align: right;\"><strong><a href=\"http:\/\/portal.unisepe.com.br\/ead\/servico-social\/matriz-curricular\/\">Matriz Curricular<\/a><\/strong><\/li>\n<\/ul>\n<p style=\"text-align: justify;\">O Servi\u00e7o Social \u00e9 uma profiss\u00e3o que requer forma\u00e7\u00e3o de gradua\u00e7\u00e3o superior de no m\u00ednimo 8 Semestres (4 anos) compat\u00edvel com o proposto pela Associa\u00e7\u00e3o Brasileira de\u00a0 Pesquisa Ensino em Servi\u00e7o Social \u2013 ABPESS e reconhecida pelo minist\u00e9rio da Educa\u00e7\u00e3o \u2013 MEC.<br \/>\n\u00c9 um curso que privilegia o car\u00e1ter de interven\u00e7\u00e3o investigativa atrav\u00e9s da pesquisa, reflex\u00e3o e an\u00e1lise da realidade social. Para tanto tem a contribui\u00e7\u00e3o da Sociologia, Psicologia, Economia, Ci\u00eancia Pol\u00edtica, Filosofia e Antropologia. O discente que completa o curso de Servi\u00e7o Social obt\u00e9m o titulo de Assistente Social ou Bacharel em Servi\u00e7o Social.<\/p>\n<p>&nbsp;<\/p>\n<p style=\"text-align: justify;\"><strong>\u00c1reas de Atua\u00e7\u00e3o do Bacharel em Servi\u00e7o Social:<\/strong><\/p>\n<ul style=\"text-align: justify;\">\n<li>Assist\u00eancia Social;<\/li>\n<li>Sa\u00fade;<\/li>\n<li>Empresas e Ind\u00fastrias \u2013 Recursos Humanos e Responsabilidade Social;<\/li>\n<li>Educa\u00e7\u00e3o;<\/li>\n<li>Crian\u00e7a e Adolescente;<\/li>\n<li>Idoso;<\/li>\n<li>Habita\u00e7\u00e3o;<\/li>\n<li>Previd\u00eancia Social;<\/li>\n<li>Judici\u00e1rio;<\/li>\n<li>Organiza\u00e7\u00f5es N\u00e3o Governamentais \u2013 ONGs;<\/li>\n<li>Meio Ambiente.<\/li>\n<\/ul>\n<p style=\"text-align: justify;\"><strong>Miss\u00e3o do Curso de Servi\u00e7o Social<\/strong><\/p>\n<p style=\"text-align: justify;\">O curso de Servi\u00e7o Social,\u00a0 pretende contribuir para a forma\u00e7\u00e3o de profissionais que compreendam o significado social de sua pr\u00e1tica, com postura cr\u00edtica e investigativa, estando em constante busca de aperfei\u00e7oamento com vistas \u00e0s exig\u00eancias do mercado de trabalho e \u00e0 realidade vivenciada.<\/p>\n","protected":false},"excerpt":{"rendered":"<p>Matriz Curricular O Servi\u00e7o Social \u00e9 uma profiss\u00e3o que requer forma\u00e7\u00e3o de gradua\u00e7\u00e3o superior de no m\u00ednimo 8 Semestres (4 anos) compat\u00edvel com o proposto pela Associa\u00e7\u00e3o Brasileira de\u00a0 Pesquisa Ensino em Servi\u00e7o Social \u2013 ABPESS e reconhecida pelo minist\u00e9rio da Educa\u00e7\u00e3o \u2013 MEC. \u00c9 um curso que privilegia o<\/p>\n","protected":false},"author":1,"featured_media":0,"parent":0,"menu_order":0,"comment_status":"closed","ping_status":"closed","template":"templates\/template-curso_menu_vertical.php","meta":{"footnotes":""},"categories":[9],"tags":[15],"class_list":["post-738","page","type-page","status-publish","hentry","category-semipresencial","tag-graduacao-ead-bacharelado"],"_links":{"self":[{"href":"https:\/\/portal.unisepe.com.br\/ead\/wp-json\/wp\/v2\/pages\/738","targetHints":{"allow":["GET"]}}],"collection":[{"href":"https:\/\/portal.unisepe.com.br\/ead\/wp-json\/wp\/v2\/pages"}],"about":[{"href":"https:\/\/portal.unisepe.com.br\/ead\/wp-json\/wp\/v2\/types\/page"}],"author":[{"embeddable":true,"href":"https:\/\/portal.unisepe.com.br\/ead\/wp-json\/wp\/v2\/users\/1"}],"replies":[{"embeddable":true,"href":"https:\/\/portal.unisepe.com.br\/ead\/wp-json\/wp\/v2\/comments?post=738"}],"version-history":[{"count":2,"href":"https:\/\/portal.unisepe.com.br\/ead\/wp-json\/wp\/v2\/pages\/738\/revisions"}],"predecessor-version":[{"id":1202,"href":"https:\/\/portal.unisepe.com.br\/ead\/wp-json\/wp\/v2\/pages\/738\/revisions\/1202"}],"wp:attachment":[{"href":"https:\/\/portal.unisepe.com.br\/ead\/wp-json\/wp\/v2\/media?parent=738"}],"wp:term":[{"taxonomy":"category","embeddable":true,"href":"https:\/\/portal.unisepe.com.br\/ead\/wp-json\/wp\/v2\/categories?post=738"},{"taxonomy":"post_tag","embeddable":true,"href":"https:\/\/portal.unisepe.com.br\/ead\/wp-json\/wp\/v2\/tags?post=738"}],"curies":[{"name":"wp","href":"https:\/\/api.w.org\/{rel}","templated":true}]}}