{"id":759,"date":"2019-09-12T14:13:47","date_gmt":"2019-09-12T17:13:47","guid":{"rendered":"http:\/\/portal.unisepe.com.br\/ead\/?page_id=759"},"modified":"2026-03-31T16:58:36","modified_gmt":"2026-03-31T19:58:36","slug":"farmacia","status":"publish","type":"page","link":"https:\/\/portal.unisepe.com.br\/ead\/farmacia\/","title":{"rendered":"Farm\u00e1cia"},"content":{"rendered":"<ul>\n<li style=\"text-align: right;\"><strong><a href=\"http:\/\/portal.unisepe.com.br\/ead\/farmacia\/matriz-curricular\/\">Matriz Curricular<\/a><\/strong><\/li>\n<\/ul>\n<p style=\"text-align: justify;\"><strong>Curso de Gradua\u00e7\u00e3o:<\/strong><strong> Farm\u00e1cia<\/strong><\/p>\n<p style=\"text-align: justify;\">O curso de Farm\u00e1cia adotar\u00e1 como filosofia de ensino \u00e0s necessidades da comunidade, procurando formar profissionais com vis\u00e3o geral, com capacidade de adapta\u00e7\u00e3o \u00e0s situa\u00e7\u00f5es diversas, com forma\u00e7\u00e3o humanit\u00e1ria e com consci\u00eancia de sua responsabilidade social, tendo sempre como objetivos:<\/p>\n<ol style=\"text-align: justify;\">\n<li>formar profissionais de n\u00edvel superior com uma vis\u00e3o generalista, cr\u00edtica e reflexiva;<\/li>\n<li>realizar pesquisas e estimular atividades criadoras;<\/li>\n<li>promover a extens\u00e3o do ensino e do conhecimento \u00e0 comunidade mediante cursos e servi\u00e7os especiais.<\/li>\n<\/ol>\n<p style=\"text-align: justify;\"><strong>Perfil do Egresso<\/strong><\/p>\n<p style=\"text-align: justify;\">De acordo com a Diretriz Curricular do Curso de Gradua\u00e7\u00e3o em Farm\u00e1cia (Resolu\u00e7\u00e3o CNE\/CES 02\/2002 &#8211; Art. 4\u00ba) a forma\u00e7\u00e3o do farmac\u00eautico tem por objetivo dotar o profissional dos conhecimentos requeridos para o exerc\u00edcio das seguintes compet\u00eancias e habilidades gerais:<\/p>\n<p style=\"text-align: justify;\">I &#8211;\u00a0\u00a0 <strong>Aten\u00e7\u00e3o \u00e0 sa\u00fade<\/strong><br \/>\nII &#8211;\u00a0<strong>Tomada de decis\u00f5es<\/strong><br \/>\nIII &#8211;\u00a0<strong>Comunica\u00e7\u00e3o<\/strong><br \/>\nIV &#8211;<strong>\u00a0\u00a0\u00a0Lideran\u00e7a<\/strong><br \/>\nV &#8211; <strong>Administra\u00e7\u00e3o e gerenciamento<\/strong><br \/>\nVI &#8211;\u00a0\u00a0<strong>Educa\u00e7\u00e3o permanente<\/strong><\/p>\n","protected":false},"excerpt":{"rendered":"<p>Matriz Curricular Curso de Gradua\u00e7\u00e3o: Farm\u00e1cia O curso de Farm\u00e1cia adotar\u00e1 como filosofia de ensino \u00e0s necessidades da comunidade, procurando formar profissionais com vis\u00e3o geral, com capacidade de adapta\u00e7\u00e3o \u00e0s situa\u00e7\u00f5es diversas, com forma\u00e7\u00e3o humanit\u00e1ria e com consci\u00eancia de sua responsabilidade social, tendo sempre como objetivos: formar profissionais de n\u00edvel<\/p>\n","protected":false},"author":1,"featured_media":0,"parent":0,"menu_order":0,"comment_status":"closed","ping_status":"closed","template":"templates\/template-curso_menu_vertical.php","meta":{"footnotes":""},"categories":[9],"tags":[15],"class_list":["post-759","page","type-page","status-publish","hentry","category-semipresencial","tag-graduacao-ead-bacharelado"],"_links":{"self":[{"href":"https:\/\/portal.unisepe.com.br\/ead\/wp-json\/wp\/v2\/pages\/759","targetHints":{"allow":["GET"]}}],"collection":[{"href":"https:\/\/portal.unisepe.com.br\/ead\/wp-json\/wp\/v2\/pages"}],"about":[{"href":"https:\/\/portal.unisepe.com.br\/ead\/wp-json\/wp\/v2\/types\/page"}],"author":[{"embeddable":true,"href":"https:\/\/portal.unisepe.com.br\/ead\/wp-json\/wp\/v2\/users\/1"}],"replies":[{"embeddable":true,"href":"https:\/\/portal.unisepe.com.br\/ead\/wp-json\/wp\/v2\/comments?post=759"}],"version-history":[{"count":2,"href":"https:\/\/portal.unisepe.com.br\/ead\/wp-json\/wp\/v2\/pages\/759\/revisions"}],"predecessor-version":[{"id":1485,"href":"https:\/\/portal.unisepe.com.br\/ead\/wp-json\/wp\/v2\/pages\/759\/revisions\/1485"}],"wp:attachment":[{"href":"https:\/\/portal.unisepe.com.br\/ead\/wp-json\/wp\/v2\/media?parent=759"}],"wp:term":[{"taxonomy":"category","embeddable":true,"href":"https:\/\/portal.unisepe.com.br\/ead\/wp-json\/wp\/v2\/categories?post=759"},{"taxonomy":"post_tag","embeddable":true,"href":"https:\/\/portal.unisepe.com.br\/ead\/wp-json\/wp\/v2\/tags?post=759"}],"curies":[{"name":"wp","href":"https:\/\/api.w.org\/{rel}","templated":true}]}}