{"id":761,"date":"2019-09-12T14:14:43","date_gmt":"2019-09-12T17:14:43","guid":{"rendered":"http:\/\/portal.unisepe.com.br\/ead\/?page_id=761"},"modified":"2019-09-23T10:09:28","modified_gmt":"2019-09-23T13:09:28","slug":"fonoaudiologia","status":"publish","type":"page","link":"https:\/\/portal.unisepe.com.br\/ead\/fonoaudiologia\/","title":{"rendered":"Fonoaudiologia"},"content":{"rendered":"<p style=\"text-align: justify;\">O Curso de FONOAUDIOLOGIA formatado por essa institui\u00e7\u00e3o de ensino superior apresenta 3240 horas divididas em 08 semestres (4 anos). A estrutura curricular\u00a0 permite a forma\u00e7\u00e3o de um profissional generalista, humanista, cr\u00edtica e reflexiva. Capacitado a atuar, pautado em princ\u00edpios \u00e9ticos, no campo cl\u00ednico-terap\u00eautico e preventivo das pr\u00e1ticas fonoaudiol\u00f3gicas.<\/p>\n<p style=\"text-align: justify;\">Perfil de egresso<\/p>\n<p style=\"text-align: justify;\">Profissional qualificado para o exerc\u00edcio da Fonoaudiologia com base no rigor cient\u00edfico e intelectual, ser\u00e1 ainda capaz de contribuir para o aprimoramento da Fonoaudiologia, atrav\u00e9s de sua pr\u00e1tica cl\u00ednica. O profissional fonoaudi\u00f3logo dever\u00e1 ter uma atua\u00e7\u00e3o cl\u00ednico- terap\u00eautica\u00a0 em\u00a0 preven\u00e7\u00e3o,\u00a0 diagn\u00f3stico,\u00a0 conduta\u00a0 e\u00a0 em\u00a0 reabilita\u00e7\u00e3o\u00a0 nas \u00a0\u00e1reas\u00a0 de\u00a0 linguagem oral e escrita,\u00a0 audi\u00e7\u00e3o, fala (articula\u00e7\u00e3o e flu\u00eancia), voz, motricidade orofacial \u00a0e cervical. Esta forma\u00e7\u00e3o ter\u00e1 seu alicerce em princ\u00edpios \u00e9ticos, com senso de responsabilidade social e compromisso com a cidadania e com aten\u00e7\u00e3o especial \u00e0 sa\u00fade coletiva.<\/p>\n<p style=\"text-align: justify;\">O perfil dos egressos desta Institui\u00e7\u00e3o \u00e9 de um profissional com dom\u00ednio das diferentes \u00e1reas de atua\u00e7\u00e3o que consiga realizar a\u00e7\u00f5es voltadas \u00e0 comunidade integrando os princ\u00edpios de integralidade, equidade e universalidade do Sistema \u00danico de Sa\u00fade (SUS), com capacidade de trabalhar em equipe das diferentes \u00e1reas da sa\u00fade e educa\u00e7\u00e3o. Poder\u00e1 vir a atuar tanto em centros auditivos, ind\u00fastrias, institui\u00e7\u00f5es de ensino, cl\u00ednicas e hospitais e ainda\u00a0 na\u00a0 \u00e1rea\u00a0 da\u00a0 sa\u00fade\u00a0 p\u00fablica,\u00a0 como\u00a0 postos\u00a0 de\u00a0 sa\u00fade e ambulat\u00f3rios de especialidades.<\/p>\n","protected":false},"excerpt":{"rendered":"<p>O Curso de FONOAUDIOLOGIA formatado por essa institui\u00e7\u00e3o de ensino superior apresenta 3240 horas divididas em 08 semestres (4 anos). A estrutura curricular\u00a0 permite a forma\u00e7\u00e3o de um profissional generalista, humanista, cr\u00edtica e reflexiva. Capacitado a atuar, pautado em princ\u00edpios \u00e9ticos, no campo cl\u00ednico-terap\u00eautico e preventivo das pr\u00e1ticas fonoaudiol\u00f3gicas. Perfil<\/p>\n","protected":false},"author":1,"featured_media":0,"parent":0,"menu_order":0,"comment_status":"closed","ping_status":"closed","template":"templates\/template-curso_menu_vertical.php","meta":{"footnotes":""},"categories":[9],"tags":[15],"class_list":["post-761","page","type-page","status-publish","hentry","category-semipresencial","tag-graduacao-ead-bacharelado"],"_links":{"self":[{"href":"https:\/\/portal.unisepe.com.br\/ead\/wp-json\/wp\/v2\/pages\/761","targetHints":{"allow":["GET"]}}],"collection":[{"href":"https:\/\/portal.unisepe.com.br\/ead\/wp-json\/wp\/v2\/pages"}],"about":[{"href":"https:\/\/portal.unisepe.com.br\/ead\/wp-json\/wp\/v2\/types\/page"}],"author":[{"embeddable":true,"href":"https:\/\/portal.unisepe.com.br\/ead\/wp-json\/wp\/v2\/users\/1"}],"replies":[{"embeddable":true,"href":"https:\/\/portal.unisepe.com.br\/ead\/wp-json\/wp\/v2\/comments?post=761"}],"version-history":[{"count":1,"href":"https:\/\/portal.unisepe.com.br\/ead\/wp-json\/wp\/v2\/pages\/761\/revisions"}],"predecessor-version":[{"id":762,"href":"https:\/\/portal.unisepe.com.br\/ead\/wp-json\/wp\/v2\/pages\/761\/revisions\/762"}],"wp:attachment":[{"href":"https:\/\/portal.unisepe.com.br\/ead\/wp-json\/wp\/v2\/media?parent=761"}],"wp:term":[{"taxonomy":"category","embeddable":true,"href":"https:\/\/portal.unisepe.com.br\/ead\/wp-json\/wp\/v2\/categories?post=761"},{"taxonomy":"post_tag","embeddable":true,"href":"https:\/\/portal.unisepe.com.br\/ead\/wp-json\/wp\/v2\/tags?post=761"}],"curies":[{"name":"wp","href":"https:\/\/api.w.org\/{rel}","templated":true}]}}