{"id":80,"date":"2018-04-18T08:49:59","date_gmt":"2018-04-18T11:49:59","guid":{"rendered":"http:\/\/ead.site.unisep.com.br\/?page_id=80"},"modified":"2026-03-31T16:38:09","modified_gmt":"2026-03-31T19:38:09","slug":"curso-ciencias-contabeis","status":"publish","type":"page","link":"https:\/\/portal.unisepe.com.br\/ead\/curso-ciencias-contabeis\/","title":{"rendered":"Ci\u00eancias Cont\u00e1beis"},"content":{"rendered":"<ul>\n<li style=\"text-align: right;\"><strong><a href=\"http:\/\/portal.unisepe.com.br\/ead\/curso-ciencias-contabeis\/matriz-curricular\/\">Matriz Curricular<\/a><\/strong><\/li>\n<\/ul>\n<p><strong>CONCEP\u00c7\u00c3O DO CURSO<\/strong><\/p>\n<p style=\"text-align: justify;\">A UNISEPE-EAD ao assumir a forma\u00e7\u00e3o do contabilista organizou-se para prepar\u00e1-los a enfrentar as adversidades do mundo empresarial e social, correspondendo e at\u00e9 mesmo antecipando-se \u00e0s suas exig\u00eancias. A preocupa\u00e7\u00e3o com o processo de desvaloriza\u00e7\u00e3o do servi\u00e7o cont\u00e1bil e julgando necess\u00e1rio e imprescind\u00edvel o uso das informa\u00e7\u00f5es cont\u00e1beis na atividade gerencial e para apoio ao processo decis\u00f3rio nas organiza\u00e7\u00f5es, entende-se que aprofundar conhecimentos nesta \u00e1rea, qual seja, o da contabilidade como ferramenta de decis\u00e3o \u00e9 de vital import\u00e2ncia para influenciar a pr\u00f3pria forma\u00e7\u00e3o do Bacharel em Ci\u00eancias Cont\u00e1beis, bem como os profissionais em atividade.<\/p>\n<p style=\"text-align: justify;\">Considerando as circunst\u00e2ncias que envolvem as atividades dos Contadores no Pa\u00eds atualmente, cita-se como aspecto relevante neste contexto, a presen\u00e7a da sociedade que passar\u00e1 cada vez mais a exigir destes profissionais suas responsabilidades sociais e com o mercado. Assim, a amplia\u00e7\u00e3o e diversifica\u00e7\u00e3o das atividades do Profissional da \u00c1rea Cont\u00e1bil ser\u00e3o uma decorr\u00eancia natural deste processo. Estes profissionais, por consequ\u00eancia dever\u00e3o constantemente atentar para sua atualiza\u00e7\u00e3o t\u00e9cnica &#8211; profissional e intelectual a fim de ocupar espa\u00e7os pr\u00f3prios da sua atividade.<\/p>\n<p style=\"text-align: justify;\">O Curso de Ci\u00eancias Cont\u00e1beis adota como filosofia um ensino voltado \u00e0s necessidades da comunidade, procurando formar profissionais com vis\u00e3o geral, com capacidade de adapta\u00e7\u00e3o \u00e0s situa\u00e7\u00f5es diversas, com forma\u00e7\u00e3o humanit\u00e1ria e com consci\u00eancia de sua responsabilidade social.<\/p>\n<p><strong>OBJETIVOS GERAIS<\/strong><\/p>\n<ol>\n<li style=\"text-align: justify;\">Formar profissionais capacitados e qualificados ao exerc\u00edcio profissional nas organiza\u00e7\u00f5es p\u00fablicas e privadas dotados de senso anal\u00edtico e cr\u00edtico, comprometido com valores \u00e9ticos, tendo como objetivo principal contribuir com o desenvolvimento da sociedade e com a compet\u00eancia t\u00e9cnico-acad\u00eamica desta profiss\u00e3o.<\/li>\n<\/ol>\n<p><strong>OBJETIVOS ESPEC\u00cdFICOS<\/strong><\/p>\n<ol>\n<li style=\"text-align: justify;\">Habilitar recursos humanos para o desenvolvimento regional e nacional de modo que possam atuar no mercado de trabalho em condi\u00e7\u00f5es de exercer sua atividade;<\/li>\n<li style=\"text-align: justify;\">Habilitar profissionais capazes de Idealizar, estruturar, implantar e gerir sistema de informa\u00e7\u00e3o cont\u00e1bil, como de contabilidade financeira, custos, or\u00e7amentos;<\/li>\n<li style=\"text-align: justify;\">Habilitar profissionais capazes de Executar trabalhos de confer\u00eancia, auditoria, per\u00edcias cont\u00e1beis, bem como analisar, interpretar situa\u00e7\u00f5es econ\u00f4mico-financeiras de uma entidade, quer nos aspectos de resultado, finan\u00e7as, nos custos, nas muta\u00e7\u00f5es patrimoniais, diagnosticando causas e efeitos, analisando tend\u00eancias espec\u00edficas e conjunturais; sugerindo\/propondo alternativas de decis\u00f5es; assessorando e emitindo pareceres, expressando-se de forma escrita, verbalmente com o produto de seu trabalho em aux\u00edlio ao processo de gest\u00e3o administrativa, quer no planejamento, nas opera\u00e7\u00f5es, nos controles operacionais, e, principalmente, nos controles gerenciais e na tomada de decis\u00e3o;<\/li>\n<\/ol>\n","protected":false},"excerpt":{"rendered":"<p>Matriz Curricular CONCEP\u00c7\u00c3O DO CURSO A UNISEPE-EAD ao assumir a forma\u00e7\u00e3o do contabilista organizou-se para prepar\u00e1-los a enfrentar as adversidades do mundo empresarial e social, correspondendo e at\u00e9 mesmo antecipando-se \u00e0s suas exig\u00eancias. A preocupa\u00e7\u00e3o com o processo de desvaloriza\u00e7\u00e3o do servi\u00e7o cont\u00e1bil e julgando necess\u00e1rio e imprescind\u00edvel o uso<\/p>\n","protected":false},"author":1,"featured_media":0,"parent":0,"menu_order":0,"comment_status":"closed","ping_status":"closed","template":"templates\/template-curso_menu_vertical.php","meta":{"footnotes":""},"categories":[1],"tags":[15],"class_list":["post-80","page","type-page","status-publish","hentry","category-graduacao-digital-ead","tag-graduacao-ead-bacharelado"],"_links":{"self":[{"href":"https:\/\/portal.unisepe.com.br\/ead\/wp-json\/wp\/v2\/pages\/80","targetHints":{"allow":["GET"]}}],"collection":[{"href":"https:\/\/portal.unisepe.com.br\/ead\/wp-json\/wp\/v2\/pages"}],"about":[{"href":"https:\/\/portal.unisepe.com.br\/ead\/wp-json\/wp\/v2\/types\/page"}],"author":[{"embeddable":true,"href":"https:\/\/portal.unisepe.com.br\/ead\/wp-json\/wp\/v2\/users\/1"}],"replies":[{"embeddable":true,"href":"https:\/\/portal.unisepe.com.br\/ead\/wp-json\/wp\/v2\/comments?post=80"}],"version-history":[{"count":5,"href":"https:\/\/portal.unisepe.com.br\/ead\/wp-json\/wp\/v2\/pages\/80\/revisions"}],"predecessor-version":[{"id":816,"href":"https:\/\/portal.unisepe.com.br\/ead\/wp-json\/wp\/v2\/pages\/80\/revisions\/816"}],"wp:attachment":[{"href":"https:\/\/portal.unisepe.com.br\/ead\/wp-json\/wp\/v2\/media?parent=80"}],"wp:term":[{"taxonomy":"category","embeddable":true,"href":"https:\/\/portal.unisepe.com.br\/ead\/wp-json\/wp\/v2\/categories?post=80"},{"taxonomy":"post_tag","embeddable":true,"href":"https:\/\/portal.unisepe.com.br\/ead\/wp-json\/wp\/v2\/tags?post=80"}],"curies":[{"name":"wp","href":"https:\/\/api.w.org\/{rel}","templated":true}]}}