{"id":929,"date":"2020-02-27T11:21:03","date_gmt":"2020-02-27T14:21:03","guid":{"rendered":"http:\/\/portal.unisepe.com.br\/ead\/?page_id=929"},"modified":"2022-06-22T15:42:02","modified_gmt":"2022-06-22T18:42:02","slug":"mba-em-farmacia-estetica","status":"publish","type":"page","link":"https:\/\/portal.unisepe.com.br\/ead\/pos-graduacao-ead\/mba\/mba-em-farmacia-estetica\/","title":{"rendered":"Mba em Farm\u00e1cia Est\u00e9tica"},"content":{"rendered":"<ul>\n<li style=\"text-align: right;\"><a href=\"https:\/\/portal.unisepe.com.br\/ead\/wp-content\/uploads\/sites\/10000\/2022\/06\/MBA-EM-FARM\u00c1CIA-EST\u00c9TICA-MATRIZ-EAD-2022.pdf\" target=\"_blank\" rel=\"noopener noreferrer\"><strong>Matriz Curricular EAD<\/strong><\/a><\/li>\n<li style=\"text-align: right;\"><strong><a href=\"https:\/\/portal.unisepe.com.br\/ead\/wp-content\/uploads\/sites\/10000\/2022\/06\/MBA-EM-FARM\u00c1CIA-EST\u00c9TICA-MATRIZ-H\u00cdBRIDO-2022.pdf\" target=\"_blank\" rel=\"noopener noreferrer\">Matriz Curricular H\u00cdBRIDO<\/a><\/strong><\/li>\n<\/ul>\n<p style=\"text-align: justify;\">Este curso visa formar profissionais p\u00f3s-graduados na especialidade<strong> MBA EM FARM\u00c1CIA EST\u00c9TICA<\/strong> capazes de atuar em equipe multidisciplinar, interdisciplinar e transdisciplinar de sa\u00fade, proporcionando um atendimento com qualidade e desenvolvendo atividades na \u00e1rea pesquisa, ger\u00eancia, doc\u00eancia e cl\u00ednica. Favorecer a intera\u00e7\u00e3o entre a teoria, a cl\u00ednica e a pr\u00e1tica terap\u00eautica relacionada \u00e0s \u00e1reas de que comp\u00f5em esse universo. Apresentar ao profissional, estrat\u00e9gias para a constru\u00e7\u00e3o de um ambiente de trabalho de sucesso, bem como apresentar t\u00e9cnicas alternativas de tratamento dentro da \u00e1rea de especialidade escolhida.<\/p>\n<p style=\"text-align: justify;\"><strong>OBJETIVO GERAL<\/strong><\/p>\n<ul style=\"text-align: justify;\">\n<li>\u00danica p\u00f3s gradua\u00e7\u00e3o EAD com o estimulo a metodologia ativa de desenvolvimento para melhor desempenho de seus alunos.<\/li>\n<li><span>Aulas pr\u00e1ticas ser\u00e3o na modalidade EAD.<\/span><\/li>\n<li>Acesso a toda fundamenta\u00e7\u00e3o te\u00f3rica e pr\u00e1tica de todos recursos eletrom\u00e9dicos desenvolvidos pela empresa IBRAMED dispon\u00edveis para utiliza\u00e7\u00e3o e desenvolvimento da \u00e1rea de atua\u00e7\u00e3o.<\/li>\n<li>Conhecimento e desenvolvimento do processo de an\u00e1lise cosm\u00e9tica, conhecimento dos princ\u00edpios ativos, desenvolvimento de protocolos.<\/li>\n<li>Aulas especificas e din\u00e2micas de marketing para desenvolvimento e incentivo para gest\u00e3o e desenvolvimento do seu pr\u00f3prio neg\u00f3cio.<\/li>\n<\/ul>\n<p style=\"text-align: justify;\"><strong>\u00a0<\/strong><\/p>\n<p style=\"text-align: justify;\"><strong>\u00a0<\/strong><\/p>\n<p style=\"text-align: justify;\"><strong>OBJETIVOS ESPEC\u00cdFICOS <\/strong><\/p>\n<ul>\n<li style=\"text-align: justify;\">Conhecer a fisiopatologia de enfermidades de origem end\u00f3crinas, circulat\u00f3rias, e traum\u00e1ticas e que levam \u00e0 ocorr\u00eancia de disfun\u00e7\u00f5es est\u00e9ticas.<\/li>\n<li style=\"text-align: justify;\">Compreender o paciente com enfermidades da pele e do tecido tegumentar a partir das diferentes vis\u00f5es da equipe multiprofissional.<\/li>\n<li style=\"text-align: justify;\">Formar profissionais capacitados a desenvolverem a\u00e7\u00f5es de pesquisa, buscando estrat\u00e9gias e instrumentos de planejamento, condu\u00e7\u00e3o, execu\u00e7\u00e3o e publica\u00e7\u00e3o das mesmas;<\/li>\n<li style=\"text-align: justify;\">Dinamizar as tomadas de decis\u00f5es, aprendizagem independente, racioc\u00ednio cl\u00ednico e dom\u00ednio de t\u00e9cnicas fisioterap\u00eauticas.<\/li>\n<li style=\"text-align: justify;\">Dominar o conte\u00fado te\u00f3rico e pr\u00e1tico, desenvolvendo senso cr\u00edtico na escolha dos melhores tratamentos para as disfun\u00e7\u00f5es est\u00e9ticas existentes.<\/li>\n<li style=\"text-align: justify;\">Atuar com esp\u00edrito cr\u00edtico, mantendo a mente aberta para assimilar novas id\u00e9ias e tecnologias.<\/li>\n<li style=\"text-align: justify;\">Adquirir conhecimento e familiaridade com o m\u00e9todo cient\u00edfico.<\/li>\n<li style=\"text-align: justify;\">Estabelecer, adaptar e criar novas alternativas de a\u00e7\u00e3o profissional frente a novas situa\u00e7\u00f5es que ocorram no dia-a-dia da profiss\u00e3o.<\/li>\n<\/ul>\n<p>&nbsp;<\/p>\n","protected":false},"excerpt":{"rendered":"<p>Matriz Curricular EAD Matriz Curricular H\u00cdBRIDO Este curso visa formar profissionais p\u00f3s-graduados na especialidade MBA EM FARM\u00c1CIA EST\u00c9TICA capazes de atuar em equipe multidisciplinar, interdisciplinar e transdisciplinar de sa\u00fade, proporcionando um atendimento com qualidade e desenvolvendo atividades na \u00e1rea pesquisa, ger\u00eancia, doc\u00eancia e cl\u00ednica. Favorecer a intera\u00e7\u00e3o entre a teoria,<\/p>\n","protected":false},"author":1,"featured_media":940,"parent":396,"menu_order":0,"comment_status":"closed","ping_status":"closed","template":"templates\/template-curso_menu_vertical.php","meta":{"footnotes":""},"categories":[10],"tags":[14],"class_list":["post-929","page","type-page","status-publish","has-post-thumbnail","hentry","category-pos-graduacao-ead","tag-pos-ead-mba"],"_links":{"self":[{"href":"https:\/\/portal.unisepe.com.br\/ead\/wp-json\/wp\/v2\/pages\/929","targetHints":{"allow":["GET"]}}],"collection":[{"href":"https:\/\/portal.unisepe.com.br\/ead\/wp-json\/wp\/v2\/pages"}],"about":[{"href":"https:\/\/portal.unisepe.com.br\/ead\/wp-json\/wp\/v2\/types\/page"}],"author":[{"embeddable":true,"href":"https:\/\/portal.unisepe.com.br\/ead\/wp-json\/wp\/v2\/users\/1"}],"replies":[{"embeddable":true,"href":"https:\/\/portal.unisepe.com.br\/ead\/wp-json\/wp\/v2\/comments?post=929"}],"version-history":[{"count":7,"href":"https:\/\/portal.unisepe.com.br\/ead\/wp-json\/wp\/v2\/pages\/929\/revisions"}],"predecessor-version":[{"id":1587,"href":"https:\/\/portal.unisepe.com.br\/ead\/wp-json\/wp\/v2\/pages\/929\/revisions\/1587"}],"up":[{"embeddable":true,"href":"https:\/\/portal.unisepe.com.br\/ead\/wp-json\/wp\/v2\/pages\/396"}],"wp:featuredmedia":[{"embeddable":true,"href":"https:\/\/portal.unisepe.com.br\/ead\/wp-json\/wp\/v2\/media\/940"}],"wp:attachment":[{"href":"https:\/\/portal.unisepe.com.br\/ead\/wp-json\/wp\/v2\/media?parent=929"}],"wp:term":[{"taxonomy":"category","embeddable":true,"href":"https:\/\/portal.unisepe.com.br\/ead\/wp-json\/wp\/v2\/categories?post=929"},{"taxonomy":"post_tag","embeddable":true,"href":"https:\/\/portal.unisepe.com.br\/ead\/wp-json\/wp\/v2\/tags?post=929"}],"curies":[{"name":"wp","href":"https:\/\/api.w.org\/{rel}","templated":true}]}}