{"id":1013,"date":"2021-08-10T14:37:28","date_gmt":"2021-08-10T17:37:28","guid":{"rendered":"https:\/\/portal.unisepe.com.br\/fasupi\/?page_id=1013"},"modified":"2023-11-24T15:06:17","modified_gmt":"2023-11-24T18:06:17","slug":"acervo","status":"publish","type":"page","link":"https:\/\/portal.unisepe.com.br\/fasupi\/biblioteca\/acervo\/","title":{"rendered":"Acervo"},"content":{"rendered":"<p style=\"text-align: justify\">Atualmente o acervo bibliogr\u00e1fico da Faculdade Sul Paulista de Itanha\u00e9m(FASUPI) \u00e9 totalmente informatizado conta com aproximadamente 2.500exemplares e de livros, al\u00e9m das bases de dados, abrangendo todas as \u00e1reas abordadas pela UNISEPE.<\/p>\n<p style=\"text-align: justify\">\u00c9 poss\u00edvel pesquisar o acervo f\u00edsico ou digital atrav\u00e9s de v\u00e1rios canais, a come\u00e7ar pelo cat\u00e1logo on-line. A Biblioteca disponibiliza tamb\u00e9m o acesso aos Peri\u00f3dicos e Revistas Eletr\u00f4nicas Institucionais, itens produzidos pelo Grupo UNISEPE.<\/p>\n<p style=\"text-align: justify\">A pesquisa pode ser realizada tanto em terminais da rede local como pela internet, via computadores ou via dispositivos m\u00f3veis como tablets e celulares.<\/p>\n<p style=\"text-align: justify\">O empr\u00e9stimo das cole\u00e7\u00f5es did\u00e1ticas \u00e9 exclusivo para a comunidade acad\u00eamica.<\/p>\n<p style=\"text-align: justify\">A Biblioteca da Faculdade Sul Paulista de Itanha\u00e9m(FASUPI) de car\u00e1ter universit\u00e1rio e tem como objetivo contribuir para a capacita\u00e7\u00e3o do estudante e para a forma\u00e7\u00e3o cont\u00ednua dos professores. Constitui-se em interface entre o usu\u00e1rio e a informa\u00e7\u00e3o usando os recursos inform\u00e1ticos e os princ\u00edpios de pesquisa bibliogr\u00e1fica, otimizando a busca e a recupera\u00e7\u00e3o da informa\u00e7\u00e3o influindo no desempenho da comunidade acad\u00eamica contribuindo com novas produ\u00e7\u00f5es do conhecimento com apoio das normas documentais.<\/p>\n<p style=\"text-align: justify\">Discrimina-se no quadro abaixo o acervo da biblioteca por \u00e1rea de conhecimento, tomando como base a classifica\u00e7\u00e3o Decimal de Dewey \u2013 CDD.<strong>\u00a0<\/strong><\/p>\n<p>&nbsp;<\/p>\n<p><a href=\"https:\/\/portal.unisepe.com.br\/fasupi\/wp-content\/uploads\/sites\/10010\/2023\/11\/acervo-2023.png\"><img loading=\"lazy\" decoding=\"async\" src=\"https:\/\/portal.unisepe.com.br\/fasupi\/wp-content\/uploads\/sites\/10010\/2023\/11\/acervo-2023.png\" alt=\"\" width=\"734\" height=\"326\" class=\"aligncenter size-full wp-image-1668\" srcset=\"https:\/\/portal.unisepe.com.br\/fasupi\/wp-content\/uploads\/sites\/10010\/2023\/11\/acervo-2023.png 734w, https:\/\/portal.unisepe.com.br\/fasupi\/wp-content\/uploads\/sites\/10010\/2023\/11\/acervo-2023-300x133.png 300w\" sizes=\"auto, (max-width: 734px) 100vw, 734px\" \/><\/a><\/p>\n<p>&nbsp;<\/p>\n<p>&nbsp;<\/p>\n<p>&nbsp;<\/p>\n<p style=\"text-align: right\">\n","protected":false},"excerpt":{"rendered":"<p>Atualmente o acervo bibliogr\u00e1fico da Faculdade Sul Paulista de Itanha\u00e9m(FASUPI) \u00e9 totalmente informatizado conta com aproximadamente 2.500exemplares e de livros, al\u00e9m das bases de dados, abrangendo todas as \u00e1reas abordadas pela UNISEPE. \u00c9 poss\u00edvel pesquisar o acervo f\u00edsico ou digital atrav\u00e9s de v\u00e1rios canais, a come\u00e7ar pelo cat\u00e1logo on-line. A<\/p>\n","protected":false},"author":1,"featured_media":0,"parent":252,"menu_order":0,"comment_status":"closed","ping_status":"closed","template":"templates\/template-pagina_menu_vertical.php","meta":{"footnotes":""},"categories":[],"tags":[],"class_list":["post-1013","page","type-page","status-publish","hentry"],"_links":{"self":[{"href":"https:\/\/portal.unisepe.com.br\/fasupi\/wp-json\/wp\/v2\/pages\/1013","targetHints":{"allow":["GET"]}}],"collection":[{"href":"https:\/\/portal.unisepe.com.br\/fasupi\/wp-json\/wp\/v2\/pages"}],"about":[{"href":"https:\/\/portal.unisepe.com.br\/fasupi\/wp-json\/wp\/v2\/types\/page"}],"author":[{"embeddable":true,"href":"https:\/\/portal.unisepe.com.br\/fasupi\/wp-json\/wp\/v2\/users\/1"}],"replies":[{"embeddable":true,"href":"https:\/\/portal.unisepe.com.br\/fasupi\/wp-json\/wp\/v2\/comments?post=1013"}],"version-history":[{"count":7,"href":"https:\/\/portal.unisepe.com.br\/fasupi\/wp-json\/wp\/v2\/pages\/1013\/revisions"}],"predecessor-version":[{"id":1669,"href":"https:\/\/portal.unisepe.com.br\/fasupi\/wp-json\/wp\/v2\/pages\/1013\/revisions\/1669"}],"up":[{"embeddable":true,"href":"https:\/\/portal.unisepe.com.br\/fasupi\/wp-json\/wp\/v2\/pages\/252"}],"wp:attachment":[{"href":"https:\/\/portal.unisepe.com.br\/fasupi\/wp-json\/wp\/v2\/media?parent=1013"}],"wp:term":[{"taxonomy":"category","embeddable":true,"href":"https:\/\/portal.unisepe.com.br\/fasupi\/wp-json\/wp\/v2\/categories?post=1013"},{"taxonomy":"post_tag","embeddable":true,"href":"https:\/\/portal.unisepe.com.br\/fasupi\/wp-json\/wp\/v2\/tags?post=1013"}],"curies":[{"name":"wp","href":"https:\/\/api.w.org\/{rel}","templated":true}]}}