{"id":1016,"date":"2021-08-10T14:43:53","date_gmt":"2021-08-10T17:43:53","guid":{"rendered":"https:\/\/portal.unisepe.com.br\/fasupi\/?page_id=1016"},"modified":"2021-08-10T14:43:53","modified_gmt":"2021-08-10T17:43:53","slug":"ficha-catalografica","status":"publish","type":"page","link":"https:\/\/portal.unisepe.com.br\/fasupi\/biblioteca\/ficha-catalografica\/","title":{"rendered":"Ficha catalogr\u00e1fica"},"content":{"rendered":"<p>Procedimentos para confec\u00e7\u00e3o de Ficha Catalogr\u00e1fica:<\/p>\n<p>O aluno dever\u00e1 preencher o formul\u00e1rio (<a href=\"https:\/\/portal.unisepe.com.br\/fasupi\/wp-content\/uploads\/sites\/10010\/2021\/08\/Formul\u00e1rio-para-Ficha-Catalogr\u00e1fica.doc\" target=\"_blank\" rel=\"noopener noreferrer\"><span>Download do Formul\u00e1rio<\/span><\/a>) e enviar para o e mail:\u00a0<a href=\"mailto:biblioteca01.it@unisepe.edu.br\">biblioteca01.it@unisepe.edu.br<\/a><a href=\"mailto:biblioteca01.it@unisepe.edu.br\"><\/a><\/p>\n<p><strong>\u00a0<\/strong><\/p>\n<p><strong>Prazo para confec\u00e7\u00e3o: 72 horas<\/strong><\/p>\n<p><strong>\u00a0<\/strong><\/p>\n<p><strong>ATEN\u00c7\u00c3O<\/strong>: solicitar somente quando o trabalho estiver finalizado, sem mais altera\u00e7\u00f5es a fazer.<\/p>\n","protected":false},"excerpt":{"rendered":"<p>Procedimentos para confec\u00e7\u00e3o de Ficha Catalogr\u00e1fica: O aluno dever\u00e1 preencher o formul\u00e1rio (Download do Formul\u00e1rio) e enviar para o e mail:\u00a0biblioteca01.it@unisepe.edu.br \u00a0 Prazo para confec\u00e7\u00e3o: 72 horas \u00a0 ATEN\u00c7\u00c3O: solicitar somente quando o trabalho estiver finalizado, sem mais altera\u00e7\u00f5es a fazer.<\/p>\n","protected":false},"author":1,"featured_media":0,"parent":252,"menu_order":0,"comment_status":"closed","ping_status":"closed","template":"templates\/template-pagina_menu_vertical.php","meta":{"footnotes":""},"categories":[],"tags":[],"class_list":["post-1016","page","type-page","status-publish","hentry"],"_links":{"self":[{"href":"https:\/\/portal.unisepe.com.br\/fasupi\/wp-json\/wp\/v2\/pages\/1016","targetHints":{"allow":["GET"]}}],"collection":[{"href":"https:\/\/portal.unisepe.com.br\/fasupi\/wp-json\/wp\/v2\/pages"}],"about":[{"href":"https:\/\/portal.unisepe.com.br\/fasupi\/wp-json\/wp\/v2\/types\/page"}],"author":[{"embeddable":true,"href":"https:\/\/portal.unisepe.com.br\/fasupi\/wp-json\/wp\/v2\/users\/1"}],"replies":[{"embeddable":true,"href":"https:\/\/portal.unisepe.com.br\/fasupi\/wp-json\/wp\/v2\/comments?post=1016"}],"version-history":[{"count":1,"href":"https:\/\/portal.unisepe.com.br\/fasupi\/wp-json\/wp\/v2\/pages\/1016\/revisions"}],"predecessor-version":[{"id":1018,"href":"https:\/\/portal.unisepe.com.br\/fasupi\/wp-json\/wp\/v2\/pages\/1016\/revisions\/1018"}],"up":[{"embeddable":true,"href":"https:\/\/portal.unisepe.com.br\/fasupi\/wp-json\/wp\/v2\/pages\/252"}],"wp:attachment":[{"href":"https:\/\/portal.unisepe.com.br\/fasupi\/wp-json\/wp\/v2\/media?parent=1016"}],"wp:term":[{"taxonomy":"category","embeddable":true,"href":"https:\/\/portal.unisepe.com.br\/fasupi\/wp-json\/wp\/v2\/categories?post=1016"},{"taxonomy":"post_tag","embeddable":true,"href":"https:\/\/portal.unisepe.com.br\/fasupi\/wp-json\/wp\/v2\/tags?post=1016"}],"curies":[{"name":"wp","href":"https:\/\/api.w.org\/{rel}","templated":true}]}}