{"id":1025,"date":"2021-08-10T15:09:47","date_gmt":"2021-08-10T18:09:47","guid":{"rendered":"https:\/\/portal.unisepe.com.br\/fasupi\/?page_id=1025"},"modified":"2021-08-10T15:09:47","modified_gmt":"2021-08-10T18:09:47","slug":"servicos","status":"publish","type":"page","link":"https:\/\/portal.unisepe.com.br\/fasupi\/biblioteca\/servicos\/","title":{"rendered":"Servi\u00e7os"},"content":{"rendered":"<p style=\"text-align: justify;\"><strong>Acesso \u00e0 internet<\/strong><\/p>\n<p style=\"text-align: justify;\">A biblioteca oferece esta\u00e7\u00f5es de acesso \u00e0 Internet para uso dos alunos na realiza\u00e7\u00e3o de pesquisas acad\u00eamicas e\/ou consulta ao cat\u00e1logo online.<\/p>\n<p style=\"text-align: justify;\">\u00c9 disponibilizada rede de Internet sem fio (wireless) nos ambientes de estudo.<\/p>\n<p style=\"text-align: justify;\"><strong>\u00a0<\/strong><\/p>\n<p style=\"text-align: justify;\"><strong>Arm\u00e1rios guarda-volumes<\/strong><\/p>\n<p style=\"text-align: justify;\">A utiliza\u00e7\u00e3o dos guarda-volumes destina-se exclusivamente ao tempo em que o aluno permanecer na Biblioteca, sendo proibida a sua ocupa\u00e7\u00e3o em qualquer outro hor\u00e1rio. A chave dos arm\u00e1rios \u00e9 disponibilizada mediante entrega da carteirinha ou documento pessoal com foto no balc\u00e3o de atendimento.<\/p>\n<p style=\"text-align: justify;\">\n<p style=\"text-align: justify;\"><strong>Consulta local<\/strong><\/p>\n<p style=\"text-align: justify;\">Os acervos das bibliotecas daFaculdade Sul Paulista de Itanha\u00e9m(FASUPI) s\u00e3o abertos ao p\u00fablico em geral para consulta presencial.<\/p>\n<p style=\"text-align: justify;\">\n<p style=\"text-align: justify;\"><strong>Empr\u00e9stimo<\/strong><\/p>\n<p style=\"text-align: justify;\">A biblioteca oferece aos seus usu\u00e1rios o servi\u00e7o de empr\u00e9stimo de materiais pertencentes ao acervo, o que consiste nas retiradas dos materiais para uso fora de suas depend\u00eancias com apresenta\u00e7\u00e3o da carteirinha atualizada. Qualquer d\u00e9bito com a biblioteca (atraso na devolu\u00e7\u00e3o, multas pendentes, etc.) ocasiona nas penalidades descritas no Regulamento da Biblioteca.<\/p>\n<p style=\"text-align: justify;\">\n<p style=\"text-align: justify;\">*Obras de refer\u00eancia (dicion\u00e1rios, enciclop\u00e9dias, etc.), peri\u00f3dicos (jornais e revistas) e normas t\u00e9cnicas n\u00e3o circulam.<\/p>\n<p style=\"text-align: justify;\">\n<p style=\"text-align: justify;\"><strong>Obs<\/strong>. : Para o p\u00fablico externo \u00e9 permitido apenas consulta local.<\/p>\n<p style=\"text-align: justify;\">\n<table width=\"100%\">\n<tbody>\n<tr>\n<td width=\"49%\"><\/td>\n<td width=\"24%\"><strong>Livros<\/strong><\/td>\n<td width=\"26%\"><strong>Prazo<\/strong><\/td>\n<\/tr>\n<tr>\n<td width=\"49%\">Professores<\/td>\n<td width=\"24%\">05<\/td>\n<td width=\"26%\">15 dias<\/td>\n<\/tr>\n<tr>\n<td width=\"49%\">Alunos gradua\u00e7\u00e3o<\/td>\n<td width=\"24%\">03<\/td>\n<td width=\"26%\">07 dias<\/td>\n<\/tr>\n<tr>\n<td width=\"49%\">Administrativo<\/td>\n<td width=\"24%\">05<\/td>\n<td width=\"26%\">07 dias<\/td>\n<\/tr>\n<\/tbody>\n<\/table>\n<p style=\"text-align: justify;\"><strong>\u00a0<\/strong><\/p>\n<p style=\"text-align: justify;\"><strong>\u00a0<\/strong><\/p>\n<p style=\"text-align: justify;\"><strong>Renova\u00e7\u00e3o<\/strong><\/p>\n<p style=\"text-align: justify;\">Os materiais podem ser renovados na biblioteca, pelo pr\u00f3prio usu\u00e1rio mediante apresenta\u00e7\u00e3o das obras e da carteirinha atualizada. \u00c9 poss\u00edvel renovar por at\u00e9 3 (tr\u00eas) vezes consecutivas, desde que o material n\u00e3o possua reserva, n\u00e3o esteja em atraso e o usu\u00e1rio n\u00e3o tenha pend\u00eancias com a biblioteca.<\/p>\n<p style=\"text-align: justify;\"><strong>\u00a0<\/strong><\/p>\n<p style=\"text-align: justify;\"><strong>Devolu\u00e7\u00e3o<\/strong><\/p>\n<p style=\"text-align: justify;\">Os usu\u00e1rios devem observar de devolu\u00e7\u00e3o, evitando multa di\u00e1ria e pend\u00eancias conforme o edital de encargos educacionais vigente.<\/p>\n<p style=\"text-align: justify;\">\n<p style=\"text-align: justify;\"><strong>Reserva de livros<\/strong><\/p>\n<p style=\"text-align: justify;\">Servi\u00e7o que possibilita ao usu\u00e1rio efetuar a reservas dos livros se todos os exemplares estiverem emprestados e o usu\u00e1rio n\u00e3o tiver pend\u00eancias com a biblioteca.<\/p>\n<p style=\"text-align: justify;\">*O t\u00edtulo reservado, ficar\u00e1 dispon\u00edvel por 24 horas contadas, encerrado o per\u00edodo estipulado, a reserva passa automaticamente para o pr\u00f3ximo da fila de espera.<\/p>\n<p style=\"text-align: justify;\">\n<p style=\"text-align: justify;\"><strong>Levantamento bibliogr\u00e1fico<\/strong><\/p>\n<p style=\"text-align: justify;\">A Biblioteca elabora levantamentos bibliogr\u00e1ficos sobre temas especializados da \u00e1rea, mediante solicita\u00e7\u00e3o por e-mail <a href=\"mailto:biblioteca01.it@unisepe.edu.br\">biblioteca01.it@unisepe.edu.br<\/a>.A biblioteca atender\u00e1 de acordo com a disponibilidade.<\/p>\n<p style=\"text-align: justify;\">\n<p style=\"text-align: justify;\"><strong>Recep\u00e7\u00e3o\/tour com os calouros<\/strong><\/p>\n<p style=\"text-align: justify;\">A Biblioteca da Faculdade Sul Paulista de Itanha\u00e9m(FASUPI) recebe os novos alunos para apresenta\u00e7\u00f5es das Bibliotecas e dos servi\u00e7os oferecidos.<\/p>\n<p style=\"text-align: justify;\">\n<p style=\"text-align: justify;\"><strong>Salas de estudo em grupo:<\/strong><\/p>\n<p style=\"text-align: justify;\">As salas de estudo destinam-se ao uso da comunidade acad\u00eamica da Faculdade Sul Paulista de Itanha\u00e9m(FASUPI). E s\u00e3o\u00a0exclusivas para estudos acad\u00eamicos em grupo.\u00a0<span>Clique aqui para consultar as orienta\u00e7\u00f5es<\/span><a href=\"https:\/\/www.ufpe.br\/documents\/39058\/594591\/Regulamento+das+salas+de+estudos+em+grupo+da+BC.pdf\/a1927868-67c7-4ac4-afbb-bb0b55cba362\">.<\/a><\/p>\n<p style=\"text-align: justify;\">\n<p style=\"text-align: justify;\"><strong>Visita Orientada<\/strong><\/p>\n<p style=\"text-align: justify;\">Apresenta a infraestrutura da biblioteca e seus servi\u00e7os para os calouros, veteranos e p\u00fablico externo, que ressaltada a import\u00e2ncia da biblioteca como local de pesquisa, estudo e constru\u00e7\u00e3o do conhecimento.<\/p>\n<p style=\"text-align: justify;\">A visita engloba as seguintes etapas: informa\u00e7\u00f5es sobre o hor\u00e1rio de atendimento e o regulamento da biblioteca, apresentar a disposi\u00e7\u00e3o do acervo nas estantes, demonstrar como pesquisar no cat\u00e1logo on-line, informar os direitos e deveres dos usu\u00e1rios, entre outras. Al\u00e9m disso, durante a visita o usu\u00e1rio, ao percorrer as depend\u00eancias da biblioteca, toma conhecimento de como s\u00e3o realizados o empr\u00e9stimo local, a normaliza\u00e7\u00e3o bibliogr\u00e1fica, entre outros servi\u00e7os.<\/p>\n","protected":false},"excerpt":{"rendered":"<p>Acesso \u00e0 internet A biblioteca oferece esta\u00e7\u00f5es de acesso \u00e0 Internet para uso dos alunos na realiza\u00e7\u00e3o de pesquisas acad\u00eamicas e\/ou consulta ao cat\u00e1logo online. \u00c9 disponibilizada rede de Internet sem fio (wireless) nos ambientes de estudo. \u00a0 Arm\u00e1rios guarda-volumes A utiliza\u00e7\u00e3o dos guarda-volumes destina-se exclusivamente ao tempo em que<\/p>\n","protected":false},"author":1,"featured_media":0,"parent":252,"menu_order":0,"comment_status":"closed","ping_status":"closed","template":"templates\/template-pagina_menu_vertical.php","meta":{"footnotes":""},"categories":[],"tags":[],"class_list":["post-1025","page","type-page","status-publish","hentry"],"_links":{"self":[{"href":"https:\/\/portal.unisepe.com.br\/fasupi\/wp-json\/wp\/v2\/pages\/1025","targetHints":{"allow":["GET"]}}],"collection":[{"href":"https:\/\/portal.unisepe.com.br\/fasupi\/wp-json\/wp\/v2\/pages"}],"about":[{"href":"https:\/\/portal.unisepe.com.br\/fasupi\/wp-json\/wp\/v2\/types\/page"}],"author":[{"embeddable":true,"href":"https:\/\/portal.unisepe.com.br\/fasupi\/wp-json\/wp\/v2\/users\/1"}],"replies":[{"embeddable":true,"href":"https:\/\/portal.unisepe.com.br\/fasupi\/wp-json\/wp\/v2\/comments?post=1025"}],"version-history":[{"count":1,"href":"https:\/\/portal.unisepe.com.br\/fasupi\/wp-json\/wp\/v2\/pages\/1025\/revisions"}],"predecessor-version":[{"id":1026,"href":"https:\/\/portal.unisepe.com.br\/fasupi\/wp-json\/wp\/v2\/pages\/1025\/revisions\/1026"}],"up":[{"embeddable":true,"href":"https:\/\/portal.unisepe.com.br\/fasupi\/wp-json\/wp\/v2\/pages\/252"}],"wp:attachment":[{"href":"https:\/\/portal.unisepe.com.br\/fasupi\/wp-json\/wp\/v2\/media?parent=1025"}],"wp:term":[{"taxonomy":"category","embeddable":true,"href":"https:\/\/portal.unisepe.com.br\/fasupi\/wp-json\/wp\/v2\/categories?post=1025"},{"taxonomy":"post_tag","embeddable":true,"href":"https:\/\/portal.unisepe.com.br\/fasupi\/wp-json\/wp\/v2\/tags?post=1025"}],"curies":[{"name":"wp","href":"https:\/\/api.w.org\/{rel}","templated":true}]}}