{"id":1038,"date":"2021-08-10T21:12:10","date_gmt":"2021-08-11T00:12:10","guid":{"rendered":"https:\/\/portal.unisepe.com.br\/fasupi\/?page_id=1038"},"modified":"2021-08-10T21:12:10","modified_gmt":"2021-08-11T00:12:10","slug":"instalacoes","status":"publish","type":"page","link":"https:\/\/portal.unisepe.com.br\/fasupi\/biblioteca\/instalacoes\/","title":{"rendered":"Instala\u00e7\u00f5es"},"content":{"rendered":"<p style=\"text-align: justify;\">A Biblioteca da Faculdade Sul Paulista de Itanha\u00e9m (FASUPI) ocupa atualmente uma \u00e1rea de 83,90 m\u00b2, sendo que desta, 37,73 m\u00b2 destinada \u00e0 leitura e pesquisa, e 46,20 m\u00b2 ao acervo geral.<\/p>\n<p style=\"text-align: justify;\">O espa\u00e7o f\u00edsico amplo, claro e arejado, disp\u00f5em de computadores com acesso \u00e0 internet, cabines individuais de estudo, duas salas de apoio para reuni\u00f5es e trabalhos em grupos.<\/p>\n<p style=\"text-align: justify;\">A distribui\u00e7\u00e3o do espa\u00e7o f\u00edsico para leitura e pesquisa compreende:<\/p>\n<ul>\n<li style=\"text-align: justify;\">03 cabines para estudos individuais;<\/li>\n<li style=\"text-align: justify;\">03 esta\u00e7\u00f5es de computadores com acesso \u00e0 Internet;<\/li>\n<li style=\"text-align: justify;\">Instala\u00e7\u00f5es para estudos em grupo: 01 salas para grupos de at\u00e9 06 pessoas;<\/li>\n<li style=\"text-align: justify;\">04 mesas para estudo com 06 lugares.<\/li>\n<\/ul>\n","protected":false},"excerpt":{"rendered":"<p>A Biblioteca da Faculdade Sul Paulista de Itanha\u00e9m (FASUPI) ocupa atualmente uma \u00e1rea de 83,90 m\u00b2, sendo que desta, 37,73 m\u00b2 destinada \u00e0 leitura e pesquisa, e 46,20 m\u00b2 ao acervo geral. O espa\u00e7o f\u00edsico amplo, claro e arejado, disp\u00f5em de computadores com acesso \u00e0 internet, cabines individuais de estudo,<\/p>\n","protected":false},"author":1,"featured_media":0,"parent":252,"menu_order":0,"comment_status":"closed","ping_status":"closed","template":"templates\/template-pagina_menu_vertical.php","meta":{"footnotes":""},"categories":[],"tags":[],"class_list":["post-1038","page","type-page","status-publish","hentry"],"_links":{"self":[{"href":"https:\/\/portal.unisepe.com.br\/fasupi\/wp-json\/wp\/v2\/pages\/1038","targetHints":{"allow":["GET"]}}],"collection":[{"href":"https:\/\/portal.unisepe.com.br\/fasupi\/wp-json\/wp\/v2\/pages"}],"about":[{"href":"https:\/\/portal.unisepe.com.br\/fasupi\/wp-json\/wp\/v2\/types\/page"}],"author":[{"embeddable":true,"href":"https:\/\/portal.unisepe.com.br\/fasupi\/wp-json\/wp\/v2\/users\/1"}],"replies":[{"embeddable":true,"href":"https:\/\/portal.unisepe.com.br\/fasupi\/wp-json\/wp\/v2\/comments?post=1038"}],"version-history":[{"count":1,"href":"https:\/\/portal.unisepe.com.br\/fasupi\/wp-json\/wp\/v2\/pages\/1038\/revisions"}],"predecessor-version":[{"id":1039,"href":"https:\/\/portal.unisepe.com.br\/fasupi\/wp-json\/wp\/v2\/pages\/1038\/revisions\/1039"}],"up":[{"embeddable":true,"href":"https:\/\/portal.unisepe.com.br\/fasupi\/wp-json\/wp\/v2\/pages\/252"}],"wp:attachment":[{"href":"https:\/\/portal.unisepe.com.br\/fasupi\/wp-json\/wp\/v2\/media?parent=1038"}],"wp:term":[{"taxonomy":"category","embeddable":true,"href":"https:\/\/portal.unisepe.com.br\/fasupi\/wp-json\/wp\/v2\/categories?post=1038"},{"taxonomy":"post_tag","embeddable":true,"href":"https:\/\/portal.unisepe.com.br\/fasupi\/wp-json\/wp\/v2\/tags?post=1038"}],"curies":[{"name":"wp","href":"https:\/\/api.w.org\/{rel}","templated":true}]}}