{"id":1065,"date":"2021-08-21T19:22:40","date_gmt":"2021-08-21T22:22:40","guid":{"rendered":"https:\/\/portal.unisepe.com.br\/fasupi\/?page_id=1065"},"modified":"2021-08-21T19:22:40","modified_gmt":"2021-08-21T22:22:40","slug":"cadernos","status":"publish","type":"page","link":"https:\/\/portal.unisepe.com.br\/fasupi\/biblioteca\/cadernos\/","title":{"rendered":"Cadernos"},"content":{"rendered":"<p>&nbsp;<\/p>\n<p><strong>Cadernos de Pedagogia<\/strong><\/p>\n<hr \/>\n<ul>\n<li><a href=\"http:\/\/portal.mec.gov.br\/par\/195-secretarias-112877938\/seb-educacao-basica-2007048997\/12640-parametros-curriculares-nacionais-1o-a-4o-series\" target=\"_blank\" rel=\"noopener noreferrer\">EDUCA\u00c7\u00c3O ENSINO FUNDAMENTAL 1\u00aa a 4\u00aa S\u00c9RIES<\/a><\/li>\n<li><a href=\"http:\/\/portal.mec.gov.br\/seb\/arquivos\/pdf\/livro01.pdf\" target=\"_blank\" rel=\"noopener noreferrer\">PCN \u2013 INTRODU\u00c7\u00c3O AOS PCNS. v. 1<\/a><\/li>\n<li><a href=\"http:\/\/portal.mec.gov.br\/seb\/arquivos\/pdf\/livro02.pdf\" target=\"_blank\" rel=\"noopener noreferrer\">PCN \u2013 LINGUA PORTUGUESA. v. 2<\/a><\/li>\n<li><a href=\"http:\/\/portal.mec.gov.br\/seb\/arquivos\/pdf\/livro03.pdf\" target=\"_blank\" rel=\"noopener noreferrer\">PCN \u2013 MATEM\u00c1TICA . v.3<\/a><\/li>\n<li><a href=\"http:\/\/portal.mec.gov.br\/seb\/arquivos\/pdf\/livro04.pdf\" target=\"_blank\" rel=\"noopener noreferrer\">PCN \u2013 CIENCIAS NATURAIS. V.4<\/a><\/li>\n<li><a href=\"http:\/\/portal.mec.gov.br\/seb\/arquivos\/pdf\/livro051.pdf\" target=\"_blank\" rel=\"noopener noreferrer\">PCN \u2013 HIST\u00d3RIA E GEOGRAFIA v. 5.1<\/a><\/li>\n<li><a href=\"http:\/\/portal.mec.gov.br\/seb\/arquivos\/pdf\/livro052.pdf\" target=\"_blank\" rel=\"noopener noreferrer\">PCN \u2013 HIST\u00d3RIA E GEOGRAFIA v. 5.2<\/a><\/li>\n<li><a href=\"http:\/\/portal.mec.gov.br\/seb\/arquivos\/pdf\/livro06.pdf\" target=\"_blank\" rel=\"noopener noreferrer\">PCN \u2013 ARTE. v.6<\/a><\/li>\n<li><a href=\"http:\/\/portal.mec.gov.br\/seb\/arquivos\/pdf\/livro07.pdf\" target=\"_blank\" rel=\"noopener noreferrer\">PCN \u2013 EDUCA\u00c7\u00c3O F\u00cdSICA. v.7<\/a><\/li>\n<li><a href=\"http:\/\/portal.mec.gov.br\/seb\/arquivos\/pdf\/livro081.pdf\" target=\"_blank\" rel=\"noopener noreferrer\">PCN \u2013 TEMAS TRANSVERSAIS: APRESENTA\u00c7\u00c3O. v.8.1<\/a><\/li>\n<li><a href=\"http:\/\/portal.mec.gov.br\/seb\/arquivos\/pdf\/livro082.pdf\" target=\"_blank\" rel=\"noopener noreferrer\">PCN \u2013 TEMAS TRANSVERSAIS : \u00c9TICA. v.8.2<\/a><\/li>\n<li><a href=\"http:\/\/portal.mec.gov.br\/seb\/arquivos\/pdf\/livro091.pdf\" target=\"_blank\" rel=\"noopener noreferrer\">PCN \u2013 MEIO AMBIENTE. v.9.1<\/a><\/li>\n<li><a href=\"http:\/\/portal.mec.gov.br\/seb\/arquivos\/pdf\/livro092.pdf\" target=\"_blank\" rel=\"noopener noreferrer\">PCN &#8211; SA\u00daDE. 9.2<\/a><\/li>\n<li><a href=\"http:\/\/portal.mec.gov.br\/seb\/arquivos\/pdf\/livro101.pdf\" target=\"_blank\" rel=\"noopener noreferrer\">PCN \u2013 PLURALIDADE CULTURAL. V. 10.1<\/a><\/li>\n<li><a href=\"http:\/\/portal.mec.gov.br\/seb\/arquivos\/pdf\/livro102.pdf\" target=\"_blank\" rel=\"noopener noreferrer\">PCN \u2013 ORIENTA\u00c7\u00c3O SEXUAL. V.10.2<\/a><\/li>\n<li><a href=\"http:\/\/portal.mec.gov.br\/seb\/arquivos\/pdf\/rcnei_vol1.pdf\" target=\"_blank\" rel=\"noopener noreferrer\">REFERENCIAL CURRICULAR EDUCA\u00c7\u00c3O INFANTIL. V. 1<\/a><\/li>\n<li><a href=\"http:\/\/portal.mec.gov.br\/seb\/arquivos\/pdf\/volume3.pdf\" target=\"_blank\" rel=\"noopener noreferrer\">REFERENCIAL CURRICULAR EDUCA\u00c7\u00c3O INFANTIL. V. 3<\/a><\/li>\n<li><a href=\"http:\/\/9cndca.sdh.gov.br\/legislacao\/Lei8069.pdf\" target=\"_blank\" rel=\"noopener noreferrer\">ESTATUTO DA CRIAN\u00c7A E DO ADOLESCENTE<\/a><\/li>\n<li><a href=\"http:\/\/portal.mec.gov.br\/cne\/arquivos\/pdf\/PCB0498.pdf\" target=\"_blank\" rel=\"noopener noreferrer\">PARECER CNE\/CEB n\u00ba 4\/98.<\/a><\/li>\n<li><a href=\"http:\/\/portal.mec.gov.br\/cne\/arquivos\/pdf\/1998\/pceb002_98.pdf\" target=\"_blank\" rel=\"noopener noreferrer\">Diretrizes Curriculares para o Ensino Fundamental. Bras\u00edlia: MEC\/SEF, 1998.<\/a><\/li>\n<li><a href=\"http:\/\/portal.mec.gov.br\/seesp\/arquivos\/pdf\/lei9394_ldbn1.pdf\" target=\"_blank\" rel=\"noopener noreferrer\">Lei de Diretrizes e Bases da Educa\u00e7\u00e3o Nacional 9.394\/96, Bras\u00edlia:Mec, 1996<\/a><\/li>\n<li><a href=\"http:\/\/portal.mec.gov.br\/seesp\/arquivos\/pdf\/lei9394_ldbn1.pdf\" target=\"_blank\" rel=\"noopener noreferrer\">Lei de Diretrizes e Bases da Educa\u00e7\u00e3o Nacional 9.394\/96, Bras\u00edlia:Mec, 1996<\/a><\/li>\n<\/ul>\n<p><strong>Cadernos de Psicologia<\/strong><\/p>\n<hr \/>\n<ul>\n<li><a href=\"https:\/\/site.cfp.org.br\/documentos\/confira-o-novo-codigo-de-etica-profissional-do-psicologo\/\" target=\"_blank\" rel=\"noopener noreferrer\">C\u00f3digo de \u00e9tica do psic\u00f3logo<\/a><\/li>\n<\/ul>\n","protected":false},"excerpt":{"rendered":"<p>&nbsp; Cadernos de Pedagogia EDUCA\u00c7\u00c3O ENSINO FUNDAMENTAL 1\u00aa a 4\u00aa S\u00c9RIES PCN \u2013 INTRODU\u00c7\u00c3O AOS PCNS. v. 1 PCN \u2013 LINGUA PORTUGUESA. v. 2 PCN \u2013 MATEM\u00c1TICA . v.3 PCN \u2013 CIENCIAS NATURAIS. V.4 PCN \u2013 HIST\u00d3RIA E GEOGRAFIA v. 5.1 PCN \u2013 HIST\u00d3RIA E GEOGRAFIA v. 5.2 PCN \u2013<\/p>\n","protected":false},"author":1,"featured_media":0,"parent":252,"menu_order":0,"comment_status":"closed","ping_status":"closed","template":"templates\/template-pagina_menu_vertical.php","meta":{"footnotes":""},"categories":[],"tags":[],"class_list":["post-1065","page","type-page","status-publish","hentry"],"_links":{"self":[{"href":"https:\/\/portal.unisepe.com.br\/fasupi\/wp-json\/wp\/v2\/pages\/1065","targetHints":{"allow":["GET"]}}],"collection":[{"href":"https:\/\/portal.unisepe.com.br\/fasupi\/wp-json\/wp\/v2\/pages"}],"about":[{"href":"https:\/\/portal.unisepe.com.br\/fasupi\/wp-json\/wp\/v2\/types\/page"}],"author":[{"embeddable":true,"href":"https:\/\/portal.unisepe.com.br\/fasupi\/wp-json\/wp\/v2\/users\/1"}],"replies":[{"embeddable":true,"href":"https:\/\/portal.unisepe.com.br\/fasupi\/wp-json\/wp\/v2\/comments?post=1065"}],"version-history":[{"count":1,"href":"https:\/\/portal.unisepe.com.br\/fasupi\/wp-json\/wp\/v2\/pages\/1065\/revisions"}],"predecessor-version":[{"id":1066,"href":"https:\/\/portal.unisepe.com.br\/fasupi\/wp-json\/wp\/v2\/pages\/1065\/revisions\/1066"}],"up":[{"embeddable":true,"href":"https:\/\/portal.unisepe.com.br\/fasupi\/wp-json\/wp\/v2\/pages\/252"}],"wp:attachment":[{"href":"https:\/\/portal.unisepe.com.br\/fasupi\/wp-json\/wp\/v2\/media?parent=1065"}],"wp:term":[{"taxonomy":"category","embeddable":true,"href":"https:\/\/portal.unisepe.com.br\/fasupi\/wp-json\/wp\/v2\/categories?post=1065"},{"taxonomy":"post_tag","embeddable":true,"href":"https:\/\/portal.unisepe.com.br\/fasupi\/wp-json\/wp\/v2\/tags?post=1065"}],"curies":[{"name":"wp","href":"https:\/\/api.w.org\/{rel}","templated":true}]}}