{"id":1102,"date":"2022-03-11T00:41:01","date_gmt":"2022-03-11T03:41:01","guid":{"rendered":"https:\/\/portal.unisepe.com.br\/fasupi\/?page_id=1102"},"modified":"2023-03-08T12:53:26","modified_gmt":"2023-03-08T15:53:26","slug":"graduacao-psicologia","status":"publish","type":"page","link":"https:\/\/portal.unisepe.com.br\/fasupi\/graduacao-psicologia\/","title":{"rendered":"Psicologia"},"content":{"rendered":"<p style=\"text-align: justify\"><a href=\"https:\/\/portal.unisepe.com.br\/fasupi\/wp-content\/uploads\/sites\/10010\/2022\/03\/logo-psicologia.png\"><img loading=\"lazy\" decoding=\"async\" src=\"https:\/\/portal.unisepe.com.br\/fasupi\/wp-content\/uploads\/sites\/10010\/2022\/03\/logo-psicologia.png\" alt=\"\" width=\"198\" height=\"180\" class=\"wp-image-1099 alignleft\" srcset=\"https:\/\/portal.unisepe.com.br\/fasupi\/wp-content\/uploads\/sites\/10010\/2022\/03\/logo-psicologia.png 739w, https:\/\/portal.unisepe.com.br\/fasupi\/wp-content\/uploads\/sites\/10010\/2022\/03\/logo-psicologia-300x273.png 300w\" sizes=\"auto, (max-width: 198px) 100vw, 198px\" \/><\/a>O Curso de Gradua\u00e7\u00e3o em Psicologia pretende que o psic\u00f3logo formado nesta institui\u00e7\u00e3o seja um profissional generalista, sem perder de vista as especializa\u00e7\u00f5es necess\u00e1rias a seu campo de trabalho. Profissional com capacidade de utilizar de forma eficiente as teorias, m\u00e9todos e instrumentos da Psicologia. Sendo assim, capaz de compreender, avaliar e intervir em seu campo de atua\u00e7\u00e3o, trabalhando em equipe multidisciplinar, favorecendo o di\u00e1logo e a inter e multidisciplinaridade. O profissional estar\u00e1 capacitado para enfrentar situa\u00e7\u00f5es novas com iniciativa e criatividade, tendo internalizado valores \u00e9ticos que o levem a buscar uma constante atualiza\u00e7\u00e3o. O psic\u00f3logo a ser formado poder\u00e1 ser definido como aquele dotado de racioc\u00ednio l\u00f3gico, reflex\u00e3o cr\u00edtica, rigor cient\u00edfico, capacidade de investiga\u00e7\u00e3o, para a atua\u00e7\u00e3o interdisciplinar nos diferentes enfoques te\u00f3ricos da Psicologia.<\/p>\n<p style=\"text-align: justify\">Profissional com capacidade compreensiva da intera\u00e7\u00e3o de processos biol\u00f3gicos, psicol\u00f3gicos e sociais, que respeita as diferen\u00e7as culturais, revelando sua responsabilidade nos contextos social e t\u00e9cnico, bem como capaz de compreender a si e ao outro, aberto e com capacidade de escuta. Norteado pelas duas \u00eanfases em Psicologia e Processos Educativos, Psicologia e Processos Cl\u00ednicos e da Sa\u00fade, o Curso de Psicologia desta IES forma seu profissional egresso para reunir conhecimentos a fim de atuar em diversos contextos da sociedade. No gr\u00e1fico a seguir encontram-se os eixos tem\u00e1ticos, nos quais as compet\u00eancias e habilidades desejadas no egresso s\u00e3o desenvolvidas.<\/p>\n","protected":false},"excerpt":{"rendered":"<p>O Curso de Gradua\u00e7\u00e3o em Psicologia pretende que o psic\u00f3logo formado nesta institui\u00e7\u00e3o seja um profissional generalista, sem perder de vista as especializa\u00e7\u00f5es necess\u00e1rias a seu campo de trabalho. Profissional com capacidade de utilizar de forma eficiente as teorias, m\u00e9todos e instrumentos da Psicologia. Sendo assim, capaz de compreender, avaliar<\/p>\n","protected":false},"author":8,"featured_media":1099,"parent":0,"menu_order":0,"comment_status":"closed","ping_status":"closed","template":"templates\/template-curso_menu_vertical.php","meta":{"footnotes":""},"categories":[15],"tags":[16],"class_list":["post-1102","page","type-page","status-publish","has-post-thumbnail","hentry","category-cursos-graduacao","tag-bacharelado"],"_links":{"self":[{"href":"https:\/\/portal.unisepe.com.br\/fasupi\/wp-json\/wp\/v2\/pages\/1102","targetHints":{"allow":["GET"]}}],"collection":[{"href":"https:\/\/portal.unisepe.com.br\/fasupi\/wp-json\/wp\/v2\/pages"}],"about":[{"href":"https:\/\/portal.unisepe.com.br\/fasupi\/wp-json\/wp\/v2\/types\/page"}],"author":[{"embeddable":true,"href":"https:\/\/portal.unisepe.com.br\/fasupi\/wp-json\/wp\/v2\/users\/8"}],"replies":[{"embeddable":true,"href":"https:\/\/portal.unisepe.com.br\/fasupi\/wp-json\/wp\/v2\/comments?post=1102"}],"version-history":[{"count":3,"href":"https:\/\/portal.unisepe.com.br\/fasupi\/wp-json\/wp\/v2\/pages\/1102\/revisions"}],"predecessor-version":[{"id":1116,"href":"https:\/\/portal.unisepe.com.br\/fasupi\/wp-json\/wp\/v2\/pages\/1102\/revisions\/1116"}],"wp:featuredmedia":[{"embeddable":true,"href":"https:\/\/portal.unisepe.com.br\/fasupi\/wp-json\/wp\/v2\/media\/1099"}],"wp:attachment":[{"href":"https:\/\/portal.unisepe.com.br\/fasupi\/wp-json\/wp\/v2\/media?parent=1102"}],"wp:term":[{"taxonomy":"category","embeddable":true,"href":"https:\/\/portal.unisepe.com.br\/fasupi\/wp-json\/wp\/v2\/categories?post=1102"},{"taxonomy":"post_tag","embeddable":true,"href":"https:\/\/portal.unisepe.com.br\/fasupi\/wp-json\/wp\/v2\/tags?post=1102"}],"curies":[{"name":"wp","href":"https:\/\/api.w.org\/{rel}","templated":true}]}}