{"id":1157,"date":"2022-07-20T17:46:33","date_gmt":"2022-07-20T20:46:33","guid":{"rendered":"https:\/\/portal.unisepe.com.br\/fasupi\/?page_id=1157"},"modified":"2022-07-20T19:29:28","modified_gmt":"2022-07-20T22:29:28","slug":"cte","status":"publish","type":"page","link":"https:\/\/portal.unisepe.com.br\/fasupi\/cte\/","title":{"rendered":"CTE"},"content":{"rendered":"<p style=\"text-align: justify\">O Centro de Tecnologia Educacional \u00e9 o setor respons\u00e1vel pela manuten\u00e7\u00e3o e suporte t\u00e9cnico para discentes e docentes do Portal Acad\u00eamico da IES.<\/p>\n<p style=\"text-align: justify\">Contato<\/p>\n<p style=\"text-align: justify\">Tel: (13) 3828-2840 (ramal 2871)<\/p>\n<p style=\"text-align: justify\">e-mail: cte@scelisul.com.br<\/p>\n","protected":false},"excerpt":{"rendered":"<p>O Centro de Tecnologia Educacional \u00e9 o setor respons\u00e1vel pela manuten\u00e7\u00e3o e suporte t\u00e9cnico para discentes e docentes do Portal Acad\u00eamico da IES. Contato Tel: (13) 3828-2840 (ramal 2871) e-mail: cte@scelisul.com.br<\/p>\n","protected":false},"author":6,"featured_media":0,"parent":0,"menu_order":0,"comment_status":"closed","ping_status":"closed","template":"templates\/template-pagina_menu_vertical.php","meta":{"footnotes":""},"categories":[],"tags":[],"class_list":["post-1157","page","type-page","status-publish","hentry"],"_links":{"self":[{"href":"https:\/\/portal.unisepe.com.br\/fasupi\/wp-json\/wp\/v2\/pages\/1157","targetHints":{"allow":["GET"]}}],"collection":[{"href":"https:\/\/portal.unisepe.com.br\/fasupi\/wp-json\/wp\/v2\/pages"}],"about":[{"href":"https:\/\/portal.unisepe.com.br\/fasupi\/wp-json\/wp\/v2\/types\/page"}],"author":[{"embeddable":true,"href":"https:\/\/portal.unisepe.com.br\/fasupi\/wp-json\/wp\/v2\/users\/6"}],"replies":[{"embeddable":true,"href":"https:\/\/portal.unisepe.com.br\/fasupi\/wp-json\/wp\/v2\/comments?post=1157"}],"version-history":[{"count":6,"href":"https:\/\/portal.unisepe.com.br\/fasupi\/wp-json\/wp\/v2\/pages\/1157\/revisions"}],"predecessor-version":[{"id":1189,"href":"https:\/\/portal.unisepe.com.br\/fasupi\/wp-json\/wp\/v2\/pages\/1157\/revisions\/1189"}],"wp:attachment":[{"href":"https:\/\/portal.unisepe.com.br\/fasupi\/wp-json\/wp\/v2\/media?parent=1157"}],"wp:term":[{"taxonomy":"category","embeddable":true,"href":"https:\/\/portal.unisepe.com.br\/fasupi\/wp-json\/wp\/v2\/categories?post=1157"},{"taxonomy":"post_tag","embeddable":true,"href":"https:\/\/portal.unisepe.com.br\/fasupi\/wp-json\/wp\/v2\/tags?post=1157"}],"curies":[{"name":"wp","href":"https:\/\/api.w.org\/{rel}","templated":true}]}}