{"id":1160,"date":"2022-07-20T17:51:09","date_gmt":"2022-07-20T20:51:09","guid":{"rendered":"https:\/\/portal.unisepe.com.br\/fasupi\/?page_id=1160"},"modified":"2022-07-20T19:14:48","modified_gmt":"2022-07-20T22:14:48","slug":"ise","status":"publish","type":"page","link":"https:\/\/portal.unisepe.com.br\/fasupi\/ise\/","title":{"rendered":"ISE"},"content":{"rendered":"<h3><span style=\"font-family: arial, helvetica, sans-serif\">Istituto Superior de Educa\u00e7\u00e3o<\/span><\/h3>\n<hr \/>\n<p>O ISE \u00e9 a unidade acad\u00eamico-administrativa da Faculdade Sul Paulista de Itanha\u00e9m que tem como objetivos:<\/p>\n<p>I \u2013 a forma\u00e7\u00e3o, em cursos de gradua\u00e7\u00e3o presenciais ou a dist\u00e2ncia, de profissionais e especialistas de n\u00edvel superior, compromissados com a realidade e com a solu\u00e7\u00e3o dos problemas nacionais e da regi\u00e3o;<\/p>\n<p>II \u2013 a realiza\u00e7\u00e3o e o est\u00edmulo \u00e0s atividades criadoras;<\/p>\n<p>III \u2013 a amplia\u00e7\u00e3o do acesso ao ensino e \u00e0 pesquisa, mediante atividades de extens\u00e3o e de presta\u00e7\u00e3o de servi\u00e7os \u00e0 comunidade, com o objetivo de difundir o conhecimento cient\u00edfico e tecnol\u00f3gico;<\/p>\n<p>IV \u2013 adapta\u00e7\u00e3o dos alunos com necessidades educacionais especiais, atrav\u00e9s de orienta\u00e7\u00e3o aos professores da institui\u00e7\u00e3o;<\/p>\n<p>V \u2013 a promo\u00e7\u00e3o de programas e cursos de p\u00f3s-gradua\u00e7\u00e3o, de atualiza\u00e7\u00e3o, de extens\u00e3o, sequenciais nas modalidades presencial e a dist\u00e2ncia.<\/p>\n<p>PAR\u00c1GRAFO \u00daNICO. Para a consecu\u00e7\u00e3o de seus objetivos e na conformidade de seus princ\u00edpios, o ISE constitui-se numa comunidade acad\u00eamica, integrada por Coordenadores dos Cursos, professores, alunos, pessoal t\u00e9cnico-administrativo e de apoio.<\/p>\n<p>&nbsp;<\/p>\n<p><span style=\"text-decoration: underline\"><strong>SERVI\u00c7OS<\/strong><\/span><\/p>\n<ul>\n<li>PAD &#8211; Programa de Apoio ao Discente;<\/li>\n<li>PAI &#8211; Programa de Acolhimento ao Ingressante;<\/li>\n<li>PROAD &#8211; Programa de Atendimento aos Deficientes;<\/li>\n<li>PAE &#8211; Programa de Acompanhamento ao Egresso;<\/li>\n<li>PAADE &#8211; Programa de acolhimento e apoio ao discente estrangeiro;<\/li>\n<li>NUPE &#8211; N\u00facleo de Apoio Pedag\u00f3gico.<\/li>\n<\/ul>\n<p>&nbsp;<\/p>\n<p>&nbsp;<\/p>\n<p>&nbsp;<\/p>\n","protected":false},"excerpt":{"rendered":"<p>Istituto Superior de Educa\u00e7\u00e3o O ISE \u00e9 a unidade acad\u00eamico-administrativa da Faculdade Sul Paulista de Itanha\u00e9m que tem como objetivos: I \u2013 a forma\u00e7\u00e3o, em cursos de gradua\u00e7\u00e3o presenciais ou a dist\u00e2ncia, de profissionais e especialistas de n\u00edvel superior, compromissados com a realidade e com a solu\u00e7\u00e3o dos problemas nacionais<\/p>\n","protected":false},"author":6,"featured_media":0,"parent":0,"menu_order":0,"comment_status":"closed","ping_status":"closed","template":"templates\/template-pagina_menu_vertical.php","meta":{"footnotes":""},"categories":[],"tags":[],"class_list":["post-1160","page","type-page","status-publish","hentry"],"_links":{"self":[{"href":"https:\/\/portal.unisepe.com.br\/fasupi\/wp-json\/wp\/v2\/pages\/1160","targetHints":{"allow":["GET"]}}],"collection":[{"href":"https:\/\/portal.unisepe.com.br\/fasupi\/wp-json\/wp\/v2\/pages"}],"about":[{"href":"https:\/\/portal.unisepe.com.br\/fasupi\/wp-json\/wp\/v2\/types\/page"}],"author":[{"embeddable":true,"href":"https:\/\/portal.unisepe.com.br\/fasupi\/wp-json\/wp\/v2\/users\/6"}],"replies":[{"embeddable":true,"href":"https:\/\/portal.unisepe.com.br\/fasupi\/wp-json\/wp\/v2\/comments?post=1160"}],"version-history":[{"count":3,"href":"https:\/\/portal.unisepe.com.br\/fasupi\/wp-json\/wp\/v2\/pages\/1160\/revisions"}],"predecessor-version":[{"id":1188,"href":"https:\/\/portal.unisepe.com.br\/fasupi\/wp-json\/wp\/v2\/pages\/1160\/revisions\/1188"}],"wp:attachment":[{"href":"https:\/\/portal.unisepe.com.br\/fasupi\/wp-json\/wp\/v2\/media?parent=1160"}],"wp:term":[{"taxonomy":"category","embeddable":true,"href":"https:\/\/portal.unisepe.com.br\/fasupi\/wp-json\/wp\/v2\/categories?post=1160"},{"taxonomy":"post_tag","embeddable":true,"href":"https:\/\/portal.unisepe.com.br\/fasupi\/wp-json\/wp\/v2\/tags?post=1160"}],"curies":[{"name":"wp","href":"https:\/\/api.w.org\/{rel}","templated":true}]}}