{"id":1162,"date":"2022-07-20T17:51:37","date_gmt":"2022-07-20T20:51:37","guid":{"rendered":"https:\/\/portal.unisepe.com.br\/fasupi\/?page_id=1162"},"modified":"2022-09-08T14:10:00","modified_gmt":"2022-09-08T17:10:00","slug":"cpex","status":"publish","type":"page","link":"https:\/\/portal.unisepe.com.br\/fasupi\/cpex\/","title":{"rendered":"CPEx"},"content":{"rendered":"<p align=\"justify\">A Coordenadoria de Produ\u00e7\u00e3o de Extens\u00e3o (CPEx) \u00e9 o \u00f3rg\u00e3o respons\u00e1vel pelo planejamento, coordena\u00e7\u00e3o e execu\u00e7\u00e3o de a\u00e7\u00f5es relativas ao desenvolvimento de atividades de inicia\u00e7\u00e3o cient\u00edfica, extens\u00e3o e produ\u00e7\u00e3o na Faculdade Sul Paulista de Itanha\u00e9m &#8211; FASUPI.<\/p>\n<p align=\"justify\">Podemos caracterizar a extens\u00e3o universit\u00e1ria como um processo educativo, cultural e cient\u00edfico que articula o ensino e a pesquisa de forma indissoci\u00e1vel e viabiliza a rela\u00e7\u00e3o transformadora entre a Faculdade Sul Paulista de Itanha\u00e9m &#8211; FASUPI e a sociedade. As atividades de extens\u00e3o s\u00e3o divididas em duas categorias, uma interna com atividades oferecidas na pr\u00f3pria institui\u00e7\u00e3o, convidando a comunidade externa para participar juntamente com a comunidade escolar, e outra externa na qual o discente, supervisionado ou orientado por um coordenador ou professor desenvolve atividades junto \u00e0 comunidade externa.<\/p>\n<p align=\"justify\">J\u00e1 a produ\u00e7\u00e3o de conhecimento \u00e9 um processo cient\u00edfico que tem como metas principais gerar novo conhecimento ou corroborar\/ refutar algum conhecimento pr\u00e9-existente. A produ\u00e7\u00e3o de conhecimento cient\u00edfico contribui para o avan\u00e7o de todas as \u00e1reas do conhecimento, para o equil\u00edbrio regional, o desenvolvimento sustent\u00e1vel e a melhoria da qualidade de vida da popula\u00e7\u00e3o.<\/p>\n","protected":false},"excerpt":{"rendered":"<p>A Coordenadoria de Produ\u00e7\u00e3o de Extens\u00e3o (CPEx) \u00e9 o \u00f3rg\u00e3o respons\u00e1vel pelo planejamento, coordena\u00e7\u00e3o e execu\u00e7\u00e3o de a\u00e7\u00f5es relativas ao desenvolvimento de atividades de inicia\u00e7\u00e3o cient\u00edfica, extens\u00e3o e produ\u00e7\u00e3o na Faculdade Sul Paulista de Itanha\u00e9m &#8211; FASUPI. Podemos caracterizar a extens\u00e3o universit\u00e1ria como um processo educativo, cultural e cient\u00edfico que<\/p>\n","protected":false},"author":6,"featured_media":0,"parent":0,"menu_order":0,"comment_status":"closed","ping_status":"closed","template":"templates\/template-pagina_menu_vertical.php","meta":{"footnotes":""},"categories":[],"tags":[],"class_list":["post-1162","page","type-page","status-publish","hentry"],"_links":{"self":[{"href":"https:\/\/portal.unisepe.com.br\/fasupi\/wp-json\/wp\/v2\/pages\/1162","targetHints":{"allow":["GET"]}}],"collection":[{"href":"https:\/\/portal.unisepe.com.br\/fasupi\/wp-json\/wp\/v2\/pages"}],"about":[{"href":"https:\/\/portal.unisepe.com.br\/fasupi\/wp-json\/wp\/v2\/types\/page"}],"author":[{"embeddable":true,"href":"https:\/\/portal.unisepe.com.br\/fasupi\/wp-json\/wp\/v2\/users\/6"}],"replies":[{"embeddable":true,"href":"https:\/\/portal.unisepe.com.br\/fasupi\/wp-json\/wp\/v2\/comments?post=1162"}],"version-history":[{"count":5,"href":"https:\/\/portal.unisepe.com.br\/fasupi\/wp-json\/wp\/v2\/pages\/1162\/revisions"}],"predecessor-version":[{"id":1479,"href":"https:\/\/portal.unisepe.com.br\/fasupi\/wp-json\/wp\/v2\/pages\/1162\/revisions\/1479"}],"wp:attachment":[{"href":"https:\/\/portal.unisepe.com.br\/fasupi\/wp-json\/wp\/v2\/media?parent=1162"}],"wp:term":[{"taxonomy":"category","embeddable":true,"href":"https:\/\/portal.unisepe.com.br\/fasupi\/wp-json\/wp\/v2\/categories?post=1162"},{"taxonomy":"post_tag","embeddable":true,"href":"https:\/\/portal.unisepe.com.br\/fasupi\/wp-json\/wp\/v2\/tags?post=1162"}],"curies":[{"name":"wp","href":"https:\/\/api.w.org\/{rel}","templated":true}]}}