{"id":1262,"date":"2022-07-25T18:21:05","date_gmt":"2022-07-25T21:21:05","guid":{"rendered":"https:\/\/portal.unisepe.com.br\/fasupi\/?page_id=1262"},"modified":"2022-07-27T12:06:09","modified_gmt":"2022-07-27T15:06:09","slug":"convenios-documentos","status":"publish","type":"page","link":"https:\/\/portal.unisepe.com.br\/fasupi\/convenios-documentos\/","title":{"rendered":"Conv\u00eanios Documentos"},"content":{"rendered":"<ul>\n<li><a href=\"https:\/\/portal.unisepe.com.br\/fasupi\/wp-content\/uploads\/sites\/10010\/2022\/07\/CONTRATO-DE-ESTAGIO-2020.doc\">CONTRATO DE ESTAGIO &#8211; 2022<\/a><br \/>\n<a href=\"https:\/\/portal.unisepe.com.br\/fasupi\/wp-content\/uploads\/sites\/10010\/2022\/07\/CONTRATO-TERMO-DE-COMPROMISSO-DE-ESTAGIO-SEM-VINCULO-EMPREGATICIO-1.pdf\" target=\"_blank\" rel=\"noopener noreferrer\"><\/a><\/li>\n<li><a href=\"https:\/\/portal.unisepe.com.br\/fasupi\/wp-content\/uploads\/sites\/10010\/2022\/07\/MODELO-DE-CONVENIO-1.docx\">MODELO-DE-CONVENIO<\/a><\/li>\n<li><a href=\"https:\/\/portal.unisepe.com.br\/fasupi\/wp-content\/uploads\/sites\/10010\/2022\/07\/TUTORIAL-DE-SOLICITA\u00c7\u00c3O-DE-SERVI\u00c7OS-EST\u00c1GIO.pdf\" target=\"_blank\" rel=\"noopener noreferrer\">TUTORIAL-DE-SOLICITA\u00c7\u00c3O-DE-SERVI\u00c7OS-EST\u00c1GIO<\/a><\/li>\n<\/ul>\n","protected":false},"excerpt":{"rendered":"<p>CONTRATO DE ESTAGIO &#8211; 2022 MODELO-DE-CONVENIO TUTORIAL-DE-SOLICITA\u00c7\u00c3O-DE-SERVI\u00c7OS-EST\u00c1GIO<\/p>\n","protected":false},"author":6,"featured_media":0,"parent":0,"menu_order":0,"comment_status":"closed","ping_status":"closed","template":"templates\/template-pagina_menu_vertical.php","meta":{"footnotes":""},"categories":[],"tags":[],"class_list":["post-1262","page","type-page","status-publish","hentry"],"_links":{"self":[{"href":"https:\/\/portal.unisepe.com.br\/fasupi\/wp-json\/wp\/v2\/pages\/1262","targetHints":{"allow":["GET"]}}],"collection":[{"href":"https:\/\/portal.unisepe.com.br\/fasupi\/wp-json\/wp\/v2\/pages"}],"about":[{"href":"https:\/\/portal.unisepe.com.br\/fasupi\/wp-json\/wp\/v2\/types\/page"}],"author":[{"embeddable":true,"href":"https:\/\/portal.unisepe.com.br\/fasupi\/wp-json\/wp\/v2\/users\/6"}],"replies":[{"embeddable":true,"href":"https:\/\/portal.unisepe.com.br\/fasupi\/wp-json\/wp\/v2\/comments?post=1262"}],"version-history":[{"count":12,"href":"https:\/\/portal.unisepe.com.br\/fasupi\/wp-json\/wp\/v2\/pages\/1262\/revisions"}],"predecessor-version":[{"id":1291,"href":"https:\/\/portal.unisepe.com.br\/fasupi\/wp-json\/wp\/v2\/pages\/1262\/revisions\/1291"}],"wp:attachment":[{"href":"https:\/\/portal.unisepe.com.br\/fasupi\/wp-json\/wp\/v2\/media?parent=1262"}],"wp:term":[{"taxonomy":"category","embeddable":true,"href":"https:\/\/portal.unisepe.com.br\/fasupi\/wp-json\/wp\/v2\/categories?post=1262"},{"taxonomy":"post_tag","embeddable":true,"href":"https:\/\/portal.unisepe.com.br\/fasupi\/wp-json\/wp\/v2\/tags?post=1262"}],"curies":[{"name":"wp","href":"https:\/\/api.w.org\/{rel}","templated":true}]}}