{"id":1294,"date":"2022-08-01T16:29:20","date_gmt":"2022-08-01T19:29:20","guid":{"rendered":"https:\/\/portal.unisepe.com.br\/fasupi\/?page_id=1294"},"modified":"2025-03-18T21:17:52","modified_gmt":"2025-03-19T00:17:52","slug":"relatorios","status":"publish","type":"page","link":"https:\/\/portal.unisepe.com.br\/fasupi\/cpa\/relatorios\/","title":{"rendered":"Relat\u00f3rios"},"content":{"rendered":"<p>&nbsp;<\/p>\n<ul>\n<li><a href=\"https:\/\/portal.unisepe.com.br\/fasupi\/wp-content\/uploads\/sites\/10010\/2022\/08\/2020-FASUPI-2019-relat\u00f3rio-da-CPA.pdf\">2019-Relat\u00f3rio Anual<\/a><\/li>\n<li><a href=\"https:\/\/portal.unisepe.com.br\/fasupi\/wp-content\/uploads\/sites\/10010\/2022\/08\/FASUPI_CPA2020-relatorio-CPA.pdf\">2020-Relat\u00f3rio Anual<\/a><\/li>\n<li><a href=\"https:\/\/portal.unisepe.com.br\/fasupi\/wp-content\/uploads\/sites\/10010\/2022\/08\/FASUPI_CPA_2021_Relatorio-Anual_Michele-Pernice.pdf\">2021-Relat\u00f3rio Anual<\/a><\/li>\n<li><a href=\"https:\/\/portal.unisepe.com.br\/fasupi\/wp-content\/uploads\/sites\/10010\/2022\/09\/2022-1-RELATO-INSTITUCIONAL-FASUPI-05-09-2022.pdf\">2022-Relato Institucional FASUPI<\/a><\/li>\n<li><a href=\"https:\/\/portal.unisepe.com.br\/fasupi\/wp-content\/uploads\/sites\/10010\/2025\/03\/2025-1-RELATO-INSTITUCIONAL-FASUPI-11.03-.pdf\">2025-1-RELATO INSTITUCIONAL FASUPI-11.03<\/a><\/li>\n<li><a href=\"https:\/\/portal.unisepe.com.br\/fasupi\/wp-content\/uploads\/sites\/10010\/2025\/03\/2023-Relatorio-da-autoavaliacao-FASUPI.pdf\">2023 &#8211; Relat\u00f3rio da auto avalia\u00e7\u00e3o &#8211; FASUPI<\/a><\/li>\n<li><a href=\"https:\/\/portal.unisepe.com.br\/fasupi\/wp-content\/uploads\/sites\/10010\/2025\/03\/2025-RELATORIO-AUTOAVALIACAO-BASE-204.pdf\">2025 &#8211; RELATORIO AUTOAVALIA\u00c7AO BASE 204<\/a><\/li>\n<\/ul>\n","protected":false},"excerpt":{"rendered":"<p>&nbsp; 2019-Relat\u00f3rio Anual 2020-Relat\u00f3rio Anual 2021-Relat\u00f3rio Anual 2022-Relato Institucional FASUPI 2025-1-RELATO INSTITUCIONAL FASUPI-11.03 2023 &#8211; Relat\u00f3rio da auto avalia\u00e7\u00e3o &#8211; FASUPI 2025 &#8211; RELATORIO AUTOAVALIA\u00c7AO BASE 204<\/p>\n","protected":false},"author":6,"featured_media":0,"parent":262,"menu_order":0,"comment_status":"closed","ping_status":"closed","template":"templates\/template-pagina_menu_vertical.php","meta":{"footnotes":""},"categories":[],"tags":[],"class_list":["post-1294","page","type-page","status-publish","hentry"],"_links":{"self":[{"href":"https:\/\/portal.unisepe.com.br\/fasupi\/wp-json\/wp\/v2\/pages\/1294","targetHints":{"allow":["GET"]}}],"collection":[{"href":"https:\/\/portal.unisepe.com.br\/fasupi\/wp-json\/wp\/v2\/pages"}],"about":[{"href":"https:\/\/portal.unisepe.com.br\/fasupi\/wp-json\/wp\/v2\/types\/page"}],"author":[{"embeddable":true,"href":"https:\/\/portal.unisepe.com.br\/fasupi\/wp-json\/wp\/v2\/users\/6"}],"replies":[{"embeddable":true,"href":"https:\/\/portal.unisepe.com.br\/fasupi\/wp-json\/wp\/v2\/comments?post=1294"}],"version-history":[{"count":6,"href":"https:\/\/portal.unisepe.com.br\/fasupi\/wp-json\/wp\/v2\/pages\/1294\/revisions"}],"predecessor-version":[{"id":1811,"href":"https:\/\/portal.unisepe.com.br\/fasupi\/wp-json\/wp\/v2\/pages\/1294\/revisions\/1811"}],"up":[{"embeddable":true,"href":"https:\/\/portal.unisepe.com.br\/fasupi\/wp-json\/wp\/v2\/pages\/262"}],"wp:attachment":[{"href":"https:\/\/portal.unisepe.com.br\/fasupi\/wp-json\/wp\/v2\/media?parent=1294"}],"wp:term":[{"taxonomy":"category","embeddable":true,"href":"https:\/\/portal.unisepe.com.br\/fasupi\/wp-json\/wp\/v2\/categories?post=1294"},{"taxonomy":"post_tag","embeddable":true,"href":"https:\/\/portal.unisepe.com.br\/fasupi\/wp-json\/wp\/v2\/tags?post=1294"}],"curies":[{"name":"wp","href":"https:\/\/api.w.org\/{rel}","templated":true}]}}