{"id":1308,"date":"2022-08-02T13:34:46","date_gmt":"2022-08-02T16:34:46","guid":{"rendered":"https:\/\/portal.unisepe.com.br\/fasupi\/?page_id=1308"},"modified":"2025-03-18T21:16:53","modified_gmt":"2025-03-19T00:16:53","slug":"noticias","status":"publish","type":"page","link":"https:\/\/portal.unisepe.com.br\/fasupi\/cpa\/noticias\/","title":{"rendered":"Not\u00edcias"},"content":{"rendered":"<p><strong>Cronogramas<\/strong><\/p>\n<hr \/>\n<ul>\n<li><a href=\"https:\/\/portal.unisepe.com.br\/fasupi\/wp-content\/uploads\/sites\/10010\/2023\/12\/Cronograma-CPA-2023-FASUPI.pdf\">Cronograma CPA 2023 FASUPI<\/a><\/li>\n<li><a href=\"https:\/\/portal.unisepe.com.br\/fasupi\/wp-content\/uploads\/sites\/10010\/2025\/03\/CRONOGRAMA-CPA-2025-FASUPI.pdf\">CRONOGRAMA CPA 2025 FASUPI<\/a><\/li>\n<\/ul>\n<p>&nbsp;<\/p>\n<p><strong>Encontros<\/strong><\/p>\n<hr \/>\n<p>&nbsp;<\/p>\n<ul>\n<li><a href=\"https:\/\/portal.unisepe.com.br\/fasupi\/wp-content\/uploads\/sites\/10010\/2022\/09\/CPA-NEWS-PSICOLOGIA.pdf\">CPA NEWS &#8211; PSICOLOGIA<\/a> <a href=\"https:\/\/portal.unisepe.com.br\/fasupi\/wp-content\/uploads\/sites\/10010\/2022\/09\/CPA-NEWS-ADMINISTRA\u00c7\u00c3O.pdf\">CPA NEWS &#8211; ADMINISTRA\u00c7\u00c3O<\/a> <a href=\"https:\/\/portal.unisepe.com.br\/fasupi\/wp-content\/uploads\/sites\/10010\/2022\/09\/BANNER_DIVULGA\u00c7AO_2022-1.pdf\">BANNER DIVULGA\u00c7\u00c3O 2022<\/a><\/li>\n<li><a href=\"https:\/\/portal.unisepe.com.br\/fasupi\/wp-content\/uploads\/sites\/10010\/2022\/09\/CPA-NEWS-ADMINISTRA\u00c7\u00c3O.pdf\">CPA NEWS &#8211; ADMINISTRA\u00c7\u00c3O<\/a><\/li>\n<li><a href=\"https:\/\/portal.unisepe.com.br\/fasupi\/wp-content\/uploads\/sites\/10010\/2022\/09\/BANNER_DIVULGA\u00c7AO_2022-1.pdf\">BANNER DIVULGA\u00c7\u00c3O 2022<\/a><\/li>\n<li><a href=\"https:\/\/portal.unisepe.com.br\/fasupi\/wp-content\/uploads\/sites\/10010\/2025\/03\/2024_CPA-NRSE.pdf\">2024_CPA &amp; NRSE<\/a><\/li>\n<li><a href=\"https:\/\/portal.unisepe.com.br\/fasupi\/wp-content\/uploads\/sites\/10010\/2025\/03\/2024-Evidencias_Arrecadacao-alimentos_RS_FASUPI.pdf\">2024 &#8211; Evidencias Arrecadac\u00e3o alimentos RS FASUPI<\/a><\/li>\n<\/ul>\n<p>&nbsp;<\/p>\n<p><strong>Apresenta\u00e7\u00e3o CPA<\/strong><\/p>\n<hr \/>\n<ul>\n<li><a href=\"https:\/\/portal.unisepe.com.br\/fasupi\/wp-content\/uploads\/sites\/10010\/2022\/09\/Apresenta\u00e7\u00e3o-CPA-2022.pdf\">Apresenta\u00e7\u00e3o CPA 2022<\/a><\/li>\n<li><a href=\"https:\/\/portal.unisepe.com.br\/fasupi\/wp-content\/uploads\/sites\/10010\/2022\/08\/EVIDENCIAS-CPA_CONVITE-AOS-DISCENTES_AGO22.pdf\" target=\"_blank\" rel=\"noopener noreferrer\">Evidencia CPA convite aos discentes, docentes e colaboradores &#8211; agosto 2022<\/a><\/li>\n<li><a href=\"https:\/\/portal.unisepe.com.br\/fasupi\/wp-content\/uploads\/sites\/10010\/2022\/09\/Evidencia_Placa-identicacao-6.pdf\">Evidencia Placa identifica\u00e7\u00e3o<\/a><\/li>\n<li><a href=\"https:\/\/portal.unisepe.com.br\/fasupi\/wp-content\/uploads\/sites\/10010\/2022\/09\/Evidencia_Sala-de-aula-7.pdf\">Evidencia sala de aula<\/a><\/li>\n<li><a href=\"https:\/\/portal.unisepe.com.br\/fasupi\/wp-content\/uploads\/sites\/10010\/2022\/09\/Evidencia_Sala-Sup-Estagio-13.pdf\">Evidencia sala Sup. estagio<\/a><\/li>\n<li><a href=\"https:\/\/portal.unisepe.com.br\/fasupi\/wp-content\/uploads\/sites\/10010\/2022\/09\/Evidencia_Sala-Informatica-5.pdf\">Evidencia sala Inform\u00e1tica<\/a><\/li>\n<li><a href=\"https:\/\/portal.unisepe.com.br\/fasupi\/wp-content\/uploads\/sites\/10010\/2022\/09\/Evidencia_Bebedouros-3.pdf\">Evidencia bebedouros <\/a><\/li>\n<li><a href=\"https:\/\/portal.unisepe.com.br\/fasupi\/wp-content\/uploads\/sites\/10010\/2022\/09\/Evidencia_Bate-papo-CPA-10.pdf\">Evidencia bate papo CPA<\/a><\/li>\n<li><a href=\"https:\/\/portal.unisepe.com.br\/fasupi\/wp-content\/uploads\/sites\/10010\/2022\/09\/Evidencia_Aplicacao-AVIN-9.pdf\">Evidencia aplica\u00e7\u00e3o AVIN<\/a><\/li>\n<li><a href=\"https:\/\/portal.unisepe.com.br\/fasupi\/wp-content\/uploads\/sites\/10010\/2022\/09\/Evidencia_Biblioteca-4.pdf\">Evidencia biblioteca<\/a><\/li>\n<li><a href=\"https:\/\/portal.unisepe.com.br\/fasupi\/wp-content\/uploads\/sites\/10010\/2022\/09\/Evidencia_Clinica-Escola-2.pdf\">Evidencia clinica escola<\/a><\/li>\n<li><a href=\"https:\/\/portal.unisepe.com.br\/fasupi\/wp-content\/uploads\/sites\/10010\/2022\/09\/Evidencia_Inovacao_CPA-11.pdf\">Evidencia Inova\u00e7\u00e3o CPA <\/a><a href=\"https:\/\/portal.unisepe.com.br\/fasupi\/wp-content\/uploads\/sites\/10010\/2022\/09\/Banner-NRSE-2019-\u00c1-2022-1.pdf\">Banner NRSE 2019 \u00c1 2022<\/a><\/li>\n<li><a href=\"https:\/\/portal.unisepe.com.br\/fasupi\/wp-content\/uploads\/sites\/10010\/2025\/03\/2025-Apresentacao-CPA-2024.pdf\">Apresenta\u00e7\u00e3o CPA &#8211; 2024<\/a><\/li>\n<\/ul>\n","protected":false},"excerpt":{"rendered":"<p>Cronogramas Cronograma CPA 2023 FASUPI CRONOGRAMA CPA 2025 FASUPI &nbsp; Encontros &nbsp; CPA NEWS &#8211; PSICOLOGIA CPA NEWS &#8211; ADMINISTRA\u00c7\u00c3O BANNER DIVULGA\u00c7\u00c3O 2022 CPA NEWS &#8211; ADMINISTRA\u00c7\u00c3O BANNER DIVULGA\u00c7\u00c3O 2022 2024_CPA &amp; NRSE 2024 &#8211; Evidencias Arrecadac\u00e3o alimentos RS FASUPI &nbsp; Apresenta\u00e7\u00e3o CPA Apresenta\u00e7\u00e3o CPA 2022 Evidencia CPA convite aos<\/p>\n","protected":false},"author":6,"featured_media":0,"parent":262,"menu_order":0,"comment_status":"closed","ping_status":"closed","template":"templates\/template-pagina_menu_vertical.php","meta":{"footnotes":""},"categories":[2],"tags":[],"class_list":["post-1308","page","type-page","status-publish","hentry","category-noticias"],"_links":{"self":[{"href":"https:\/\/portal.unisepe.com.br\/fasupi\/wp-json\/wp\/v2\/pages\/1308","targetHints":{"allow":["GET"]}}],"collection":[{"href":"https:\/\/portal.unisepe.com.br\/fasupi\/wp-json\/wp\/v2\/pages"}],"about":[{"href":"https:\/\/portal.unisepe.com.br\/fasupi\/wp-json\/wp\/v2\/types\/page"}],"author":[{"embeddable":true,"href":"https:\/\/portal.unisepe.com.br\/fasupi\/wp-json\/wp\/v2\/users\/6"}],"replies":[{"embeddable":true,"href":"https:\/\/portal.unisepe.com.br\/fasupi\/wp-json\/wp\/v2\/comments?post=1308"}],"version-history":[{"count":19,"href":"https:\/\/portal.unisepe.com.br\/fasupi\/wp-json\/wp\/v2\/pages\/1308\/revisions"}],"predecessor-version":[{"id":1807,"href":"https:\/\/portal.unisepe.com.br\/fasupi\/wp-json\/wp\/v2\/pages\/1308\/revisions\/1807"}],"up":[{"embeddable":true,"href":"https:\/\/portal.unisepe.com.br\/fasupi\/wp-json\/wp\/v2\/pages\/262"}],"wp:attachment":[{"href":"https:\/\/portal.unisepe.com.br\/fasupi\/wp-json\/wp\/v2\/media?parent=1308"}],"wp:term":[{"taxonomy":"category","embeddable":true,"href":"https:\/\/portal.unisepe.com.br\/fasupi\/wp-json\/wp\/v2\/categories?post=1308"},{"taxonomy":"post_tag","embeddable":true,"href":"https:\/\/portal.unisepe.com.br\/fasupi\/wp-json\/wp\/v2\/tags?post=1308"}],"curies":[{"name":"wp","href":"https:\/\/api.w.org\/{rel}","templated":true}]}}