{"id":1379,"date":"2022-09-01T16:31:55","date_gmt":"2022-09-01T19:31:55","guid":{"rendered":"https:\/\/portal.unisepe.com.br\/fasupi\/?page_id=1379"},"modified":"2022-09-01T16:31:55","modified_gmt":"2022-09-01T19:31:55","slug":"nupe","status":"publish","type":"page","link":"https:\/\/portal.unisepe.com.br\/fasupi\/ise\/nupe\/","title":{"rendered":"NUPE"},"content":{"rendered":"<p><strong>N\u00daCLEO DE APOIO DID\u00c1TICO PEDAG\u00d3GICO AOS DOCENTES (NUPE)<\/strong><\/p>\n<p>As a\u00e7\u00f5es do NUPE visam beneficiar a prepara\u00e7\u00e3o dos professores e professoras universit\u00e1rios a partir da utiliza\u00e7\u00e3o dos princ\u00edpios te\u00f3ricos-pr\u00e1tico, capacitando-os(as) para suprir as poss\u00edveis defasagens na sua forma\u00e7\u00e3o pedag\u00f3gica e, consequentemente, propiciando melhoria na qualidade das aulas.<\/p>\n<p><strong>\u00a0<\/strong><\/p>\n<p><strong>QUALIDADE NOS PROCESSOS EDUCATIVOS<\/strong><\/p>\n<p>A aten\u00e7\u00e3o com a qualidade dos processos educativos \u00e9 uma constante em institui\u00e7\u00f5es comprometidas com as pessoas que a frequentam. Pensando em oferecer \u00e0s professoras e professores e aos tutores e tutoras um espa\u00e7o organizado em torno da melhoria dos processos de ensino e aprendizagem, bem como no desenvolvimento profissional docente, \u00e9 que a institui\u00e7\u00e3o implantou o NUPE (N\u00facleo Pedag\u00f3gico), vinculado ao Instituto Superior de Educa\u00e7\u00e3o \u2013 ISE.<\/p>\n<p>Por meio do ISE\/ NUPE, a institui\u00e7\u00e3o prev\u00ea diversas a\u00e7\u00f5es de apoio aos docentes e aos tutores(as) com o foco no aprimoramento e desenvolvimento de compet\u00eancias relativas ao trabalho pedag\u00f3gico nos cursos \u00e0 dist\u00e2ncia.<\/p>\n<p>O foco de atua\u00e7\u00e3o do ISE\/NUPE \u00e9 a promo\u00e7\u00e3o de a\u00e7\u00f5es preventivas e de saneamento das principais dificuldades, tanto de professoras(es) quanto de tutoras(es), em suas interfaces com o processo de ensinar e aprender.<\/p>\n<p>&nbsp;<\/p>\n<p><strong>DOS OBJETIVOS<\/strong><\/p>\n<p>O objetivo geral do ISE\/ NUPE \u00e9 promover a\u00e7\u00f5es para o desenvolvimento e a melhoria dos processos de ensino e aprendizagem da Institui\u00e7\u00e3o.<\/p>\n<p>Dentre os objetivos espec\u00edficos est\u00e3o:<\/p>\n<ol>\n<li>Contribuir para o desenvolvimento de projetos e pol\u00edticas de apoio ao docente;<\/li>\n<li>Fomentar pol\u00edticas de forma\u00e7\u00e3o continuada e capacita\u00e7\u00e3o docente;<\/li>\n<\/ol>\n<p>III. Orientar e desenvolver atividades de acompanhamento aos docentes;<\/p>\n<ol>\n<li>Desenvolver forma\u00e7\u00e3o e promover a ambienta\u00e7\u00e3o dos professores(as) e tutores(as) rec\u00e9m-contratados;<\/li>\n<li>Contribuir para a qualifica\u00e7\u00e3o do clima organizacional docente.<\/li>\n<\/ol>\n<p>&nbsp;<\/p>\n<p><strong>DO DESENVOLVIMENTO<\/strong><\/p>\n<p>Para o desenvolvimento de suas a\u00e7\u00f5es o ISE\/ NUPE, prev\u00ea suas atividades de apoio ao docente nos seguintes eixos:<\/p>\n<ol>\n<li>a) Cursos de Aprimoramento: Os cursos de aprimoramento docente t\u00eam como principal objetivo promover e divulgar as diretrizes institucionais, favorecer a discuss\u00e3o da pr\u00e1tica pedag\u00f3gica e promover a qualidade dos processos acad\u00eamicos. O Curso acontece duas vezes por ano com o seguinte foco:<\/li>\n<li>Promover a divulga\u00e7\u00e3o e consolida\u00e7\u00e3o das diretrizes institucionais entre o corpo docente;<\/li>\n<li>Favorecer o desenvolvimento e a apropria\u00e7\u00e3o da cultura institucional;<\/li>\n<\/ol>\n<p>III. Propiciar a forma\u00e7\u00e3o docente a partir de temas relacionados \u00e0 qualidade do ensino e \u00e0 promo\u00e7\u00e3o da melhora dos indicadores institucionais.<\/p>\n<ol>\n<li>Desenvolver forma\u00e7\u00e3o continuada dos docentes e tutores(as) relativo aos temas emergentes: Educa\u00e7\u00e3o Ambiental, Direitos Humanos e Educa\u00e7\u00e3o Inclusiva;<\/li>\n<li>Discutir temas emergentes e necess\u00e1rios a forma\u00e7\u00e3o docente em conson\u00e2ncia com os resultados indicados pela Comiss\u00e3o Pr\u00f3pria de Avalia\u00e7\u00e3o (CPA).<\/li>\n<\/ol>\n<p>&nbsp;<\/p>\n<ol>\n<li>b) Concurso melhores pr\u00e1ticas: tem como prop\u00f3sito socializar boas pr\u00e1ticas entre os professores e tutores propiciando um espa\u00e7o de melhoria da pr\u00e1tica pedag\u00f3gica. Os principais objetivos do projeto s\u00e3o:<\/li>\n<li>Compartilhar pr\u00e1ticas e experi\u00eancias pedag\u00f3gicas entre os docentes e tutores;<\/li>\n<li>Mobilizar a socializa\u00e7\u00e3o de metodologias ativas e inovadoras para o Ensino a Dist\u00e2ncia;<\/li>\n<\/ol>\n<p>III. Desenvolver um ambiente de integra\u00e7\u00e3o e positividade entre os docentes e tutores;<\/p>\n<ol>\n<li>Construir colaborativamente modelos e pr\u00e1ticas de ensino para Educa\u00e7\u00e3o a Dist\u00e2ncia.<\/li>\n<\/ol>\n","protected":false},"excerpt":{"rendered":"<p>N\u00daCLEO DE APOIO DID\u00c1TICO PEDAG\u00d3GICO AOS DOCENTES (NUPE) As a\u00e7\u00f5es do NUPE visam beneficiar a prepara\u00e7\u00e3o dos professores e professoras universit\u00e1rios a partir da utiliza\u00e7\u00e3o dos princ\u00edpios te\u00f3ricos-pr\u00e1tico, capacitando-os(as) para suprir as poss\u00edveis defasagens na sua forma\u00e7\u00e3o pedag\u00f3gica e, consequentemente, propiciando melhoria na qualidade das aulas. \u00a0 QUALIDADE NOS PROCESSOS<\/p>\n","protected":false},"author":6,"featured_media":0,"parent":1160,"menu_order":0,"comment_status":"closed","ping_status":"closed","template":"templates\/template-pagina_menu_vertical.php","meta":{"footnotes":""},"categories":[],"tags":[],"class_list":["post-1379","page","type-page","status-publish","hentry"],"_links":{"self":[{"href":"https:\/\/portal.unisepe.com.br\/fasupi\/wp-json\/wp\/v2\/pages\/1379","targetHints":{"allow":["GET"]}}],"collection":[{"href":"https:\/\/portal.unisepe.com.br\/fasupi\/wp-json\/wp\/v2\/pages"}],"about":[{"href":"https:\/\/portal.unisepe.com.br\/fasupi\/wp-json\/wp\/v2\/types\/page"}],"author":[{"embeddable":true,"href":"https:\/\/portal.unisepe.com.br\/fasupi\/wp-json\/wp\/v2\/users\/6"}],"replies":[{"embeddable":true,"href":"https:\/\/portal.unisepe.com.br\/fasupi\/wp-json\/wp\/v2\/comments?post=1379"}],"version-history":[{"count":1,"href":"https:\/\/portal.unisepe.com.br\/fasupi\/wp-json\/wp\/v2\/pages\/1379\/revisions"}],"predecessor-version":[{"id":1380,"href":"https:\/\/portal.unisepe.com.br\/fasupi\/wp-json\/wp\/v2\/pages\/1379\/revisions\/1380"}],"up":[{"embeddable":true,"href":"https:\/\/portal.unisepe.com.br\/fasupi\/wp-json\/wp\/v2\/pages\/1160"}],"wp:attachment":[{"href":"https:\/\/portal.unisepe.com.br\/fasupi\/wp-json\/wp\/v2\/media?parent=1379"}],"wp:term":[{"taxonomy":"category","embeddable":true,"href":"https:\/\/portal.unisepe.com.br\/fasupi\/wp-json\/wp\/v2\/categories?post=1379"},{"taxonomy":"post_tag","embeddable":true,"href":"https:\/\/portal.unisepe.com.br\/fasupi\/wp-json\/wp\/v2\/tags?post=1379"}],"curies":[{"name":"wp","href":"https:\/\/api.w.org\/{rel}","templated":true}]}}