{"id":1381,"date":"2022-09-01T16:33:34","date_gmt":"2022-09-01T19:33:34","guid":{"rendered":"https:\/\/portal.unisepe.com.br\/fasupi\/?page_id=1381"},"modified":"2022-09-01T16:33:34","modified_gmt":"2022-09-01T19:33:34","slug":"regimento-nupe","status":"publish","type":"page","link":"https:\/\/portal.unisepe.com.br\/fasupi\/ise\/nupe\/regimento-nupe\/","title":{"rendered":"Regimento NUPE"},"content":{"rendered":"<p><a href=\"https:\/\/portal.unisepe.com.br\/fasupi\/wp-content\/uploads\/sites\/10010\/2022\/09\/N\u00daCLEO-DE-APOIO-DID\u00c1TICOPEDAG\u00d3GICO-AO-DOCENTE-NUPE-FASUPI.pdf\">N\u00daCLEO DE APOIO DID\u00c1TICOPEDAG\u00d3GICO AO DOCENTE &#8211; NUPE FASUPI<\/a><\/p>\n","protected":false},"excerpt":{"rendered":"<p>N\u00daCLEO DE APOIO DID\u00c1TICOPEDAG\u00d3GICO AO DOCENTE &#8211; NUPE FASUPI<\/p>\n","protected":false},"author":6,"featured_media":0,"parent":1379,"menu_order":0,"comment_status":"closed","ping_status":"closed","template":"templates\/template-pagina_link.php","meta":{"footnotes":""},"categories":[],"tags":[],"class_list":["post-1381","page","type-page","status-publish","hentry"],"_links":{"self":[{"href":"https:\/\/portal.unisepe.com.br\/fasupi\/wp-json\/wp\/v2\/pages\/1381","targetHints":{"allow":["GET"]}}],"collection":[{"href":"https:\/\/portal.unisepe.com.br\/fasupi\/wp-json\/wp\/v2\/pages"}],"about":[{"href":"https:\/\/portal.unisepe.com.br\/fasupi\/wp-json\/wp\/v2\/types\/page"}],"author":[{"embeddable":true,"href":"https:\/\/portal.unisepe.com.br\/fasupi\/wp-json\/wp\/v2\/users\/6"}],"replies":[{"embeddable":true,"href":"https:\/\/portal.unisepe.com.br\/fasupi\/wp-json\/wp\/v2\/comments?post=1381"}],"version-history":[{"count":1,"href":"https:\/\/portal.unisepe.com.br\/fasupi\/wp-json\/wp\/v2\/pages\/1381\/revisions"}],"predecessor-version":[{"id":1382,"href":"https:\/\/portal.unisepe.com.br\/fasupi\/wp-json\/wp\/v2\/pages\/1381\/revisions\/1382"}],"up":[{"embeddable":true,"href":"https:\/\/portal.unisepe.com.br\/fasupi\/wp-json\/wp\/v2\/pages\/1379"}],"wp:attachment":[{"href":"https:\/\/portal.unisepe.com.br\/fasupi\/wp-json\/wp\/v2\/media?parent=1381"}],"wp:term":[{"taxonomy":"category","embeddable":true,"href":"https:\/\/portal.unisepe.com.br\/fasupi\/wp-json\/wp\/v2\/categories?post=1381"},{"taxonomy":"post_tag","embeddable":true,"href":"https:\/\/portal.unisepe.com.br\/fasupi\/wp-json\/wp\/v2\/tags?post=1381"}],"curies":[{"name":"wp","href":"https:\/\/api.w.org\/{rel}","templated":true}]}}