{"id":1396,"date":"2022-09-05T17:02:42","date_gmt":"2022-09-05T20:02:42","guid":{"rendered":"https:\/\/portal.unisepe.com.br\/fasupi\/?page_id=1396"},"modified":"2023-06-27T15:00:06","modified_gmt":"2023-06-27T18:00:06","slug":"coordenacao-e-atribuicoes","status":"publish","type":"page","link":"https:\/\/portal.unisepe.com.br\/fasupi\/cpex\/coordenacao-e-atribuicoes\/","title":{"rendered":"Coordena\u00e7\u00e3o e atribui\u00e7\u00f5es"},"content":{"rendered":"<p><b>Coordenador de Produ\u00e7\u00e3o e Extens\u00e3o:<\/b><\/p>\n<p><b>\u00a0<\/b><\/p>\n<p><b>S\u00e3o atribui\u00e7\u00f5es da Coordenadoria:<\/b><\/p>\n<ol>\n<li style=\"font-weight: 400\"><span style=\"font-weight: 400\">Estimular, sugerir, coordenar, propor normas gerais, utilizar as atividades de produ\u00e7\u00e3o e extens\u00e3o, conforme e as pol\u00edticas da FASUPI, dando \u00eanfase a problemas regionais;<\/span><\/li>\n<li style=\"font-weight: 400\"><span style=\"font-weight: 400\">Promover as atividades de produ\u00e7\u00e3o cient\u00edfica e extens\u00e3o;<\/span><\/li>\n<li style=\"font-weight: 400\"><span style=\"font-weight: 400\">Estabelecer crit\u00e9rios para a participa\u00e7\u00e3o de docentes e discentes em eventos t\u00e9cnicos-cient\u00edficos;<\/span><\/li>\n<li style=\"font-weight: 400\"><span style=\"font-weight: 400\">Promover encontros das comunidades voltadas \u00e0 integra\u00e7\u00e3o e a conviv\u00eancia acad\u00eamica.<\/span><\/li>\n<\/ol>\n<p><b>Contato<\/b><\/p>\n<p><span style=\"font-weight: 400\">Telefone: (13) 3426-2390 \/ (13) 3456-3055<\/span><\/p>\n<p><span style=\"font-weight: 400\">e-mail:\u00a0<\/span><a href=\"mailto:cpex.it@unisepe.com.br\"><span style=\"font-weight: 400\">cpex.it@unisepe.com.br<\/span><\/a><\/p>\n","protected":false},"excerpt":{"rendered":"<p>Coordenador de Produ\u00e7\u00e3o e Extens\u00e3o: \u00a0 S\u00e3o atribui\u00e7\u00f5es da Coordenadoria: Estimular, sugerir, coordenar, propor normas gerais, utilizar as atividades de produ\u00e7\u00e3o e extens\u00e3o, conforme e as pol\u00edticas da FASUPI, dando \u00eanfase a problemas regionais; Promover as atividades de produ\u00e7\u00e3o cient\u00edfica e extens\u00e3o; Estabelecer crit\u00e9rios para a participa\u00e7\u00e3o de docentes e<\/p>\n","protected":false},"author":6,"featured_media":0,"parent":1162,"menu_order":0,"comment_status":"closed","ping_status":"closed","template":"templates\/template-pagina_menu_vertical.php","meta":{"footnotes":""},"categories":[],"tags":[],"class_list":["post-1396","page","type-page","status-publish","hentry"],"_links":{"self":[{"href":"https:\/\/portal.unisepe.com.br\/fasupi\/wp-json\/wp\/v2\/pages\/1396","targetHints":{"allow":["GET"]}}],"collection":[{"href":"https:\/\/portal.unisepe.com.br\/fasupi\/wp-json\/wp\/v2\/pages"}],"about":[{"href":"https:\/\/portal.unisepe.com.br\/fasupi\/wp-json\/wp\/v2\/types\/page"}],"author":[{"embeddable":true,"href":"https:\/\/portal.unisepe.com.br\/fasupi\/wp-json\/wp\/v2\/users\/6"}],"replies":[{"embeddable":true,"href":"https:\/\/portal.unisepe.com.br\/fasupi\/wp-json\/wp\/v2\/comments?post=1396"}],"version-history":[{"count":2,"href":"https:\/\/portal.unisepe.com.br\/fasupi\/wp-json\/wp\/v2\/pages\/1396\/revisions"}],"predecessor-version":[{"id":1650,"href":"https:\/\/portal.unisepe.com.br\/fasupi\/wp-json\/wp\/v2\/pages\/1396\/revisions\/1650"}],"up":[{"embeddable":true,"href":"https:\/\/portal.unisepe.com.br\/fasupi\/wp-json\/wp\/v2\/pages\/1162"}],"wp:attachment":[{"href":"https:\/\/portal.unisepe.com.br\/fasupi\/wp-json\/wp\/v2\/media?parent=1396"}],"wp:term":[{"taxonomy":"category","embeddable":true,"href":"https:\/\/portal.unisepe.com.br\/fasupi\/wp-json\/wp\/v2\/categories?post=1396"},{"taxonomy":"post_tag","embeddable":true,"href":"https:\/\/portal.unisepe.com.br\/fasupi\/wp-json\/wp\/v2\/tags?post=1396"}],"curies":[{"name":"wp","href":"https:\/\/api.w.org\/{rel}","templated":true}]}}